{"id":1048,"date":"2025-03-07T14:27:11","date_gmt":"2025-03-07T13:27:11","guid":{"rendered":"https:\/\/niwadev.com\/?page_id=1048"},"modified":"2025-03-10T14:52:15","modified_gmt":"2025-03-10T13:52:15","slug":"requirements-engineering","status":"publish","type":"page","link":"https:\/\/niwadev.com\/de\/knowledge\/requirements-engineering\/","title":{"rendered":"Requirements Engineering"},"content":{"rendered":"<div class=\"gb-grid-wrapper gb-grid-wrapper-f31e014f\">\n<div class=\"gb-grid-column gb-grid-column-9a8cac3a\"><div class=\"gb-container gb-container-9a8cac3a\">\n\n<p>Requirements Engineering ist ein essenzieller Bestandteil erfolgreicher Software- und Systementwicklungsprojekte. Ohne eine strukturierte Anforderungsanalyse entstehen Missverst\u00e4ndnisse, hohe Kosten und Verz\u00f6gerungen. Diese Seite gibt Ihnen einen umfassenden \u00dcberblick \u00fcber Requirements Engineering, seine Bestandteile, Methoden und die Risiken, die ohne eine solide Anforderungsanalyse entstehen k\u00f6nnen.<\/p>\n\n<\/div><\/div>\n\n<div class=\"gb-grid-column gb-grid-column-46f45b08\"><div class=\"gb-container gb-container-46f45b08\">\n\n<h2 class=\"gb-headline gb-headline-fe9d898a gb-headline-text\">Was ist Requirements Engineering?<\/h2>\n\n\n\n<p>Beim Requirements Engineering (zu Deutsch: Anforderungsentwicklung) geht es um die gezielte und strukturierte Erfassung, Analyse, Dokumentation und Verwaltung von Anforderungen an ein System oder eine Software. Dabei sind verschiedene Aspekte entscheidend:<\/p>\n\n\n\n<div class=\"wp-block-uagb-icon-list uagb-block-c175c04a\"><div class=\"uagb-icon-list__wrap\">\n<div class=\"wp-block-uagb-icon-list-child uagb-block-6d0795d1\"><span class=\"uagb-icon-list__source-wrap\"><svg xmlns=\"https:\/\/www.w3.org\/2000\/svg\" viewbox=\"0 0 512 512\"><path d=\"M256 0C114.6 0 0 114.6 0 256c0 141.4 114.6 256 256 256s256-114.6 256-256C512 114.6 397.4 0 256 0zM406.6 278.6l-103.1 103.1c-12.5 12.5-32.75 12.5-45.25 0s-12.5-32.75 0-45.25L306.8 288H128C110.3 288 96 273.7 96 256s14.31-32 32-32h178.8l-49.38-49.38c-12.5-12.5-12.5-32.75 0-45.25s32.75-12.5 45.25 0l103.1 103.1C414.6 241.3 416 251.1 416 256C416 260.9 414.6 270.7 406.6 278.6z\"><\/path><\/svg><\/span><span class=\"uagb-icon-list__label\">Interessengruppen einbeziehen: Alle relevanten Stakeholder werden aktiv in den Prozess eingebunden, um ihre Anforderungen zu erfassen.<\/span><\/div>\n\n\n\n<div class=\"wp-block-uagb-icon-list-child uagb-block-eec9ef8b\"><span class=\"uagb-icon-list__source-wrap\"><svg xmlns=\"https:\/\/www.w3.org\/2000\/svg\" viewbox=\"0 0 512 512\"><path d=\"M256 0C114.6 0 0 114.6 0 256c0 141.4 114.6 256 256 256s256-114.6 256-256C512 114.6 397.4 0 256 0zM406.6 278.6l-103.1 103.1c-12.5 12.5-32.75 12.5-45.25 0s-12.5-32.75 0-45.25L306.8 288H128C110.3 288 96 273.7 96 256s14.31-32 32-32h178.8l-49.38-49.38c-12.5-12.5-12.5-32.75 0-45.25s32.75-12.5 45.25 0l103.1 103.1C414.6 241.3 416 251.1 416 256C416 260.9 414.6 270.7 406.6 278.6z\"><\/path><\/svg><\/span><span class=\"uagb-icon-list__label\">Ein gemeinsames Verst\u00e4ndnis schaffen: Anforderungen werden so formuliert, dass Fachabteilungen und Entwickler die gleichen Erwartungen haben.<\/span><\/div>\n\n\n\n<div class=\"wp-block-uagb-icon-list-child uagb-block-73f29870\"><span class=\"uagb-icon-list__source-wrap\"><svg xmlns=\"https:\/\/www.w3.org\/2000\/svg\" viewbox=\"0 0 512 512\"><path d=\"M256 0C114.6 0 0 114.6 0 256c0 141.4 114.6 256 256 256s256-114.6 256-256C512 114.6 397.4 0 256 0zM406.6 278.6l-103.1 103.1c-12.5 12.5-32.75 12.5-45.25 0s-12.5-32.75 0-45.25L306.8 288H128C110.3 288 96 273.7 96 256s14.31-32 32-32h178.8l-49.38-49.38c-12.5-12.5-12.5-32.75 0-45.25s32.75-12.5 45.25 0l103.1 103.1C414.6 241.3 416 251.1 416 256C416 260.9 414.6 270.7 406.6 278.6z\"><\/path><\/svg><\/span><span class=\"uagb-icon-list__label\">Anforderungen dokumentieren: Eine klare und nachvollziehbare Dokumentation dient als Grundlage f\u00fcr die sp\u00e4tere Umsetzung.<\/span><\/div>\n\n\n\n<div class=\"wp-block-uagb-icon-list-child uagb-block-2bdd459f\"><span class=\"uagb-icon-list__source-wrap\"><svg xmlns=\"https:\/\/www.w3.org\/2000\/svg\" viewbox=\"0 0 512 512\"><path d=\"M256 0C114.6 0 0 114.6 0 256c0 141.4 114.6 256 256 256s256-114.6 256-256C512 114.6 397.4 0 256 0zM406.6 278.6l-103.1 103.1c-12.5 12.5-32.75 12.5-45.25 0s-12.5-32.75 0-45.25L306.8 288H128C110.3 288 96 273.7 96 256s14.31-32 32-32h178.8l-49.38-49.38c-12.5-12.5-12.5-32.75 0-45.25s32.75-12.5 45.25 0l103.1 103.1C414.6 241.3 416 251.1 416 256C416 260.9 414.6 270.7 406.6 278.6z\"><\/path><\/svg><\/span><span class=\"uagb-icon-list__label\">Kommunikation zwischen Fachbereich und Entwicklung f\u00f6rdern: Requirements Engineering stellt sicher, dass alle Beteiligten ein einheitliches Bild der Anforderungen haben.<\/span><\/div>\n<\/div><\/div>\n\n\n\n<p>Ein strukturiertes Requirements Engineering f\u00fchrt zu eindeutigen, realisierbaren Anforderungen, die von den Entwicklern problemlos umgesetzt werden k\u00f6nnen und die den Erwartungen der <a href=\"https:\/\/niwadev.com\/de\/wissen\/stakeholder\/\" target=\"_blank\" rel=\"noopener\" title=\"Stakeholder\">Stakeholder<\/a> entsprechen. Neben funktionalen Anforderungen (Was soll das System tun?) m\u00fcssen auch Qualit\u00e4tsanforderungen (z.\u202fB. Performance, Sicherheit, Skalierbarkeit) ber\u00fccksichtigt werden.<\/p>\n\n<\/div><\/div>\n\n<div class=\"gb-grid-column gb-grid-column-7ac09725\"><div class=\"gb-container gb-container-7ac09725\">\n\n<h2 class=\"gb-headline gb-headline-11bcac62 gb-headline-text\">Warum ist Requirements Engineering wichtig?<\/h2>\n\n\n\n<p>Requirements Engineering ist in jedem Softwareentwicklungsprojekt ein entscheidender Bestandteil. Es bildet die Grundlage f\u00fcr erfolgreiche Projekte, indem es sicherstellt, dass alle beteiligten Akteure genau wissen, was getan wird und was getan werden muss.<\/p>\n\n\n\n<p>Ohne klar definierte Anforderungen kommt es h\u00e4ufig zu Missverst\u00e4ndnissen, Verz\u00f6gerungen und kostspieligen Fehlentwicklungen. Ein professionelles Requirements Engineering sorgt daf\u00fcr, dass:<\/p>\n\n\n\n<div class=\"wp-block-uagb-icon-list uagb-block-98469a9a\"><div class=\"uagb-icon-list__wrap\">\n<div class=\"wp-block-uagb-icon-list-child uagb-block-9c7ee3b8\"><span class=\"uagb-icon-list__source-wrap\"><svg xmlns=\"https:\/\/www.w3.org\/2000\/svg\" viewbox=\"0 0 448 512\"><path d=\"M438.6 105.4C451.1 117.9 451.1 138.1 438.6 150.6L182.6 406.6C170.1 419.1 149.9 419.1 137.4 406.6L9.372 278.6C-3.124 266.1-3.124 245.9 9.372 233.4C21.87 220.9 42.13 220.9 54.63 233.4L159.1 338.7L393.4 105.4C405.9 92.88 426.1 92.88 438.6 105.4H438.6z\"><\/path><\/svg><\/span><span class=\"uagb-icon-list__label\">Klarheit \u00fcber die Projektziele besteht<\/span><\/div>\n\n\n\n<div class=\"wp-block-uagb-icon-list-child uagb-block-a1e9432d\"><span class=\"uagb-icon-list__source-wrap\"><svg xmlns=\"https:\/\/www.w3.org\/2000\/svg\" viewbox=\"0 0 448 512\"><path d=\"M438.6 105.4C451.1 117.9 451.1 138.1 438.6 150.6L182.6 406.6C170.1 419.1 149.9 419.1 137.4 406.6L9.372 278.6C-3.124 266.1-3.124 245.9 9.372 233.4C21.87 220.9 42.13 220.9 54.63 233.4L159.1 338.7L393.4 105.4C405.9 92.88 426.1 92.88 438.6 105.4H438.6z\"><\/path><\/svg><\/span><span class=\"uagb-icon-list__label\">Alle Anforderungen vollst\u00e4ndig und verst\u00e4ndlich dokumentiert sind<\/span><\/div>\n\n\n\n<div class=\"wp-block-uagb-icon-list-child uagb-block-fe264cfe\"><span class=\"uagb-icon-list__source-wrap\"><svg xmlns=\"https:\/\/www.w3.org\/2000\/svg\" viewbox=\"0 0 448 512\"><path d=\"M438.6 105.4C451.1 117.9 451.1 138.1 438.6 150.6L182.6 406.6C170.1 419.1 149.9 419.1 137.4 406.6L9.372 278.6C-3.124 266.1-3.124 245.9 9.372 233.4C21.87 220.9 42.13 220.9 54.63 233.4L159.1 338.7L393.4 105.4C405.9 92.88 426.1 92.88 438.6 105.4H438.6z\"><\/path><\/svg><\/span><span class=\"uagb-icon-list__label\">Das Risiko von Fehlinterpretationen und teuren Nachbesserungen minimiert wird<\/span><\/div>\n\n\n\n<div class=\"wp-block-uagb-icon-list-child uagb-block-160d4c9c\"><span class=\"uagb-icon-list__source-wrap\"><svg xmlns=\"https:\/\/www.w3.org\/2000\/svg\" viewbox=\"0 0 448 512\"><path d=\"M438.6 105.4C451.1 117.9 451.1 138.1 438.6 150.6L182.6 406.6C170.1 419.1 149.9 419.1 137.4 406.6L9.372 278.6C-3.124 266.1-3.124 245.9 9.372 233.4C21.87 220.9 42.13 220.9 54.63 233.4L159.1 338.7L393.4 105.4C405.9 92.88 426.1 92.88 438.6 105.4H438.6z\"><\/path><\/svg><\/span><span class=\"uagb-icon-list__label\">Softwarel\u00f6sungen exakt auf die Bed\u00fcrfnisse des Unternehmens abgestimmt sind<\/span><\/div>\n<\/div><\/div>\n\n<\/div><\/div>\n\n<div class=\"gb-grid-column gb-grid-column-6f9d40e2\"><div class=\"gb-container gb-container-6f9d40e2\">\n\n<h2 class=\"gb-headline gb-headline-979875f3 gb-headline-text\">Welche Bestandteile geh\u00f6ren zum Requirements Engineering?<\/h2>\n\n\n\n<p>Bei der Durchf\u00fchrung von Requirements Engineering werden vier Phasen durchlaufen.<\/p>\n\n\n<div class=\"gb-grid-wrapper gb-grid-wrapper-e303d200\">\n<div class=\"gb-grid-column gb-grid-column-d7ea9fc3\"><div class=\"gb-container gb-container-d7ea9fc3\">\n\n<h3 class=\"gb-headline gb-headline-8bcbb2f5 gb-headline-text\">1. Erhebung<\/h3>\n\n\n\n<p>Zun\u00e4chst geht es um die Ermittlung der Anforderungen. Dazu werden <a href=\"https:\/\/niwadev.com\/de\/wissen\/stakeholder\/\" target=\"_blank\" rel=\"noopener\" title=\"Stakeholder\">Stakeholder<\/a> Interviews durchgef\u00fchrt, um wichtige Aspekte abzuklopfen. <a href=\"https:\/\/niwadev.com\/de\/wissen\/stakeholder\/\" target=\"_blank\" rel=\"noopener\" title=\"Stakeholder\">Stakeholder<\/a> aus unterschiedlichen Bereichen werden befragt. Zu einer guten Analyse geh\u00f6ren eine technische, gesch\u00e4ftliche und nutzerorientierte Betrachtung. Die Anforderer aus den verschiedenen Bereichen, wie z. B. der Fachabteilung oder Softwareentwicklung repr\u00e4sentieren dabei die verschiedenen Interessen.<\/p>\n\n<\/div><\/div>\n\n<div class=\"gb-grid-column gb-grid-column-ddf06e9c\"><div class=\"gb-container gb-container-ddf06e9c\">\n\n<h3 class=\"gb-headline gb-headline-07c68af7 gb-headline-text\">2. Analyse<\/h3>\n\n\n\n<p>Die gesammelten Anforderungen werden zun\u00e4chst \u00fcberpr\u00fcft.<\/p>\n\n\n\n<div class=\"wp-block-uagb-icon-list uagb-block-72f67d30\"><div class=\"uagb-icon-list__wrap\">\n<div class=\"wp-block-uagb-icon-list-child uagb-block-788d4530\"><span class=\"uagb-icon-list__source-wrap\"><svg xmlns=\"https:\/\/www.w3.org\/2000\/svg\" viewbox=\"0 0 512 512\"><path d=\"M256 0C114.6 0 0 114.6 0 256c0 141.4 114.6 256 256 256s256-114.6 256-256C512 114.6 397.4 0 256 0zM406.6 278.6l-103.1 103.1c-12.5 12.5-32.75 12.5-45.25 0s-12.5-32.75 0-45.25L306.8 288H128C110.3 288 96 273.7 96 256s14.31-32 32-32h178.8l-49.38-49.38c-12.5-12.5-12.5-32.75 0-45.25s32.75-12.5 45.25 0l103.1 103.1C414.6 241.3 416 251.1 416 256C416 260.9 414.6 270.7 406.6 278.6z\"><\/path><\/svg><\/span><span class=\"uagb-icon-list__label\">Gibt es Konflikte zwischen den Anforderungen, die gekl\u00e4rt werden m\u00fcssen?<\/span><\/div>\n\n\n\n<div class=\"wp-block-uagb-icon-list-child uagb-block-79d4a368\"><span class=\"uagb-icon-list__source-wrap\"><svg xmlns=\"https:\/\/www.w3.org\/2000\/svg\" viewbox=\"0 0 512 512\"><path d=\"M256 0C114.6 0 0 114.6 0 256c0 141.4 114.6 256 256 256s256-114.6 256-256C512 114.6 397.4 0 256 0zM406.6 278.6l-103.1 103.1c-12.5 12.5-32.75 12.5-45.25 0s-12.5-32.75 0-45.25L306.8 288H128C110.3 288 96 273.7 96 256s14.31-32 32-32h178.8l-49.38-49.38c-12.5-12.5-12.5-32.75 0-45.25s32.75-12.5 45.25 0l103.1 103.1C414.6 241.3 416 251.1 416 256C416 260.9 414.6 270.7 406.6 278.6z\"><\/path><\/svg><\/span><span class=\"uagb-icon-list__label\">Welche doppelten Anforderungen weisen auf kritische Bed\u00fcrfnisse hin?<\/span><\/div>\n\n\n\n<div class=\"wp-block-uagb-icon-list-child uagb-block-0edbb4f9\"><span class=\"uagb-icon-list__source-wrap\"><svg xmlns=\"https:\/\/www.w3.org\/2000\/svg\" viewbox=\"0 0 512 512\"><path d=\"M256 0C114.6 0 0 114.6 0 256c0 141.4 114.6 256 256 256s256-114.6 256-256C512 114.6 397.4 0 256 0zM406.6 278.6l-103.1 103.1c-12.5 12.5-32.75 12.5-45.25 0s-12.5-32.75 0-45.25L306.8 288H128C110.3 288 96 273.7 96 256s14.31-32 32-32h178.8l-49.38-49.38c-12.5-12.5-12.5-32.75 0-45.25s32.75-12.5 45.25 0l103.1 103.1C414.6 241.3 416 251.1 416 256C416 260.9 414.6 270.7 406.6 278.6z\"><\/path><\/svg><\/span><span class=\"uagb-icon-list__label\">Bei agilen Projekten beginnt der Product Owner mit der Priorisierung, um sie an der Projektvision auszurichten.<\/span><\/div>\n<\/div><\/div>\n\n<\/div><\/div>\n\n<div class=\"gb-grid-column gb-grid-column-45aa4ae6\"><div class=\"gb-container gb-container-45aa4ae6\">\n\n<h3 class=\"gb-headline gb-headline-2e6c7df2 gb-headline-text\">3. Dokumentation<\/h3>\n\n\n\n<p>Das Herzst\u00fcck ist neben der Abstimmung die Dokumentation. In agilen Projekten werden Anforderungen meist in Form von User Stories festgehalten. Eine strukturierte Anforderungsdefinition umfasst die Anforderungsbeschreibung, Prozessdiagramme, weitere Bilder bzw. Screenshots und Akzeptanzkritieren, die die Erf\u00fcllungsvoraussetzungen definieren.<\/p>\n\n<\/div><\/div>\n\n<div class=\"gb-grid-column gb-grid-column-8d441afc\"><div class=\"gb-container gb-container-8d441afc\">\n\n<h3 class=\"gb-headline gb-headline-d7040a90 gb-headline-text\">4. Validierung<\/h3>\n\n\n\n<p>Die definierten Anforderungen werden vor der Umsetzung gepr\u00fcft. Dazu werden sie mit den <a href=\"https:\/\/niwadev.com\/de\/wissen\/stakeholder\/\" target=\"_blank\" rel=\"noopener\" title=\"Stakeholder\">Stakeholder<\/a> validiert \u2013 etwa durch Reviews, Prototyping oder das Durchspielen von Testszenarien. In agilen Projekten findet oft ein Refinement statt, wo die Anforderungen gemeinsam mit den Entwicklern auf Vollst\u00e4ndigkeit gepr\u00fcft werden.<\/p>\n\n<\/div><\/div>\n<\/div>\n<\/div><\/div>\n\n<div class=\"gb-grid-column gb-grid-column-fa30d5d1\"><div class=\"gb-container gb-container-fa30d5d1\">\n\n<h2 class=\"gb-headline gb-headline-d4ef0685 gb-headline-text\">Welche Risiken entstehen ohne den Einsatz von Requirements Engineering?<\/h2>\n\n\n\n<p>Ohne ein strukturiertes Requirements Engineering treten h\u00e4ufig folgende Probleme in Projekten auf:<\/p>\n\n\n\n<div class=\"wp-block-uagb-icon-list uagb-block-ce322474\"><div class=\"uagb-icon-list__wrap\">\n<div class=\"wp-block-uagb-icon-list-child uagb-block-e40019fd\"><span class=\"uagb-icon-list__source-wrap\"><svg xmlns=\"https:\/\/www.w3.org\/2000\/svg\" viewbox=\"0 0 512 512\"><path d=\"M256 0C114.6 0 0 114.6 0 256c0 141.4 114.6 256 256 256s256-114.6 256-256C512 114.6 397.4 0 256 0zM406.6 278.6l-103.1 103.1c-12.5 12.5-32.75 12.5-45.25 0s-12.5-32.75 0-45.25L306.8 288H128C110.3 288 96 273.7 96 256s14.31-32 32-32h178.8l-49.38-49.38c-12.5-12.5-12.5-32.75 0-45.25s32.75-12.5 45.25 0l103.1 103.1C414.6 241.3 416 251.1 416 256C416 260.9 414.6 270.7 406.6 278.6z\"><\/path><\/svg><\/span><span class=\"uagb-icon-list__label\">Missverst\u00e4ndnisse zwischen Stakeholdern und Entwicklern \u2192 Software entspricht nicht den tats\u00e4chlichen Anforderungen.<\/span><\/div>\n\n\n\n<div class=\"wp-block-uagb-icon-list-child uagb-block-1c67aa7a\"><span class=\"uagb-icon-list__source-wrap\"><svg xmlns=\"https:\/\/www.w3.org\/2000\/svg\" viewbox=\"0 0 512 512\"><path d=\"M256 0C114.6 0 0 114.6 0 256c0 141.4 114.6 256 256 256s256-114.6 256-256C512 114.6 397.4 0 256 0zM406.6 278.6l-103.1 103.1c-12.5 12.5-32.75 12.5-45.25 0s-12.5-32.75 0-45.25L306.8 288H128C110.3 288 96 273.7 96 256s14.31-32 32-32h178.8l-49.38-49.38c-12.5-12.5-12.5-32.75 0-45.25s32.75-12.5 45.25 0l103.1 103.1C414.6 241.3 416 251.1 416 256C416 260.9 414.6 270.7 406.6 278.6z\"><\/path><\/svg><\/span><span class=\"uagb-icon-list__label\">Hohe Nachbearbeitungskosten \u2192 Features m\u00fcssen nachtr\u00e4glich umprogrammiert werden<\/span><\/div>\n\n\n\n<div class=\"wp-block-uagb-icon-list-child uagb-block-764eee05\"><span class=\"uagb-icon-list__source-wrap\"><svg xmlns=\"https:\/\/www.w3.org\/2000\/svg\" viewbox=\"0 0 512 512\"><path d=\"M256 0C114.6 0 0 114.6 0 256c0 141.4 114.6 256 256 256s256-114.6 256-256C512 114.6 397.4 0 256 0zM406.6 278.6l-103.1 103.1c-12.5 12.5-32.75 12.5-45.25 0s-12.5-32.75 0-45.25L306.8 288H128C110.3 288 96 273.7 96 256s14.31-32 32-32h178.8l-49.38-49.38c-12.5-12.5-12.5-32.75 0-45.25s32.75-12.5 45.25 0l103.1 103.1C414.6 241.3 416 251.1 416 256C416 260.9 414.6 270.7 406.6 278.6z\"><\/path><\/svg><\/span><span class=\"uagb-icon-list__label\">H\u00e4ufige R\u00fcckfragen und Unterbrechungen des Arbeitsflusses<\/span><\/div>\n\n\n\n<div class=\"wp-block-uagb-icon-list-child uagb-block-146c0989\"><span class=\"uagb-icon-list__source-wrap\"><svg xmlns=\"https:\/\/www.w3.org\/2000\/svg\" viewbox=\"0 0 512 512\"><path d=\"M256 0C114.6 0 0 114.6 0 256c0 141.4 114.6 256 256 256s256-114.6 256-256C512 114.6 397.4 0 256 0zM406.6 278.6l-103.1 103.1c-12.5 12.5-32.75 12.5-45.25 0s-12.5-32.75 0-45.25L306.8 288H128C110.3 288 96 273.7 96 256s14.31-32 32-32h178.8l-49.38-49.38c-12.5-12.5-12.5-32.75 0-45.25s32.75-12.5 45.25 0l103.1 103.1C414.6 241.3 416 251.1 416 256C416 260.9 414.6 270.7 406.6 278.6z\"><\/path><\/svg><\/span><span class=\"uagb-icon-list__label\">Verz\u00f6gerte Ver\u00f6ffentlichung von Funktionen \u2192 Projektzeitplan ger\u00e4t ins Wanken<\/span><\/div>\n\n\n\n<div class=\"wp-block-uagb-icon-list-child uagb-block-62561e64\"><span class=\"uagb-icon-list__source-wrap\"><svg xmlns=\"https:\/\/www.w3.org\/2000\/svg\" viewbox=\"0 0 512 512\"><path d=\"M256 0C114.6 0 0 114.6 0 256c0 141.4 114.6 256 256 256s256-114.6 256-256C512 114.6 397.4 0 256 0zM406.6 278.6l-103.1 103.1c-12.5 12.5-32.75 12.5-45.25 0s-12.5-32.75 0-45.25L306.8 288H128C110.3 288 96 273.7 96 256s14.31-32 32-32h178.8l-49.38-49.38c-12.5-12.5-12.5-32.75 0-45.25s32.75-12.5 45.25 0l103.1 103.1C414.6 241.3 416 251.1 416 256C416 260.9 414.6 270.7 406.6 278.6z\"><\/path><\/svg><\/span><span class=\"uagb-icon-list__label\">Falsche Priorisierung von Anforderungen \u2192 Kritische Funktionen fehlen oder werden zu sp\u00e4t entwickelt<\/span><\/div>\n\n\n\n<div class=\"wp-block-uagb-icon-list-child uagb-block-c28fd43d\"><span class=\"uagb-icon-list__source-wrap\"><svg xmlns=\"https:\/\/www.w3.org\/2000\/svg\" viewbox=\"0 0 512 512\"><path d=\"M256 0C114.6 0 0 114.6 0 256c0 141.4 114.6 256 256 256s256-114.6 256-256C512 114.6 397.4 0 256 0zM406.6 278.6l-103.1 103.1c-12.5 12.5-32.75 12.5-45.25 0s-12.5-32.75 0-45.25L306.8 288H128C110.3 288 96 273.7 96 256s14.31-32 32-32h178.8l-49.38-49.38c-12.5-12.5-12.5-32.75 0-45.25s32.75-12.5 45.25 0l103.1 103.1C414.6 241.3 416 251.1 416 256C416 260.9 414.6 270.7 406.6 278.6z\"><\/path><\/svg><\/span><span class=\"uagb-icon-list__label\">Prozessuale Fehler im Produktivbetrieb<\/span><\/div>\n<\/div><\/div>\n\n<\/div><\/div>\n\n<div class=\"gb-grid-column gb-grid-column-e97bba4e\"><div class=\"gb-container gb-container-e97bba4e\">\n\n<h2 class=\"gb-headline gb-headline-a1ec70fb gb-headline-text\">Was ist der Unterschied zwischen Requirements Engineering und Requirements Management?<\/h2>\n\n\n\n<p>Requirements Engineering umfasst die Erhebung, Analyse und Dokumentation der Anforderungen. In klassischen Projekten endet RE nach der Spezifikation, in agilen Projekten bleibt es jedoch ein fortlaufender Prozess.<\/p>\n\n\n\n<p>Das Requirements Management sorgt daf\u00fcr, dass Anforderungen auch w\u00e4hrend des gesamten Projektzyklus aktuell bleiben, kontrolliert ge\u00e4ndert werden k\u00f6nnen und jederzeit nachvollziehbar sind.<\/p>\n\n<\/div><\/div>\n\n<div class=\"gb-grid-column gb-grid-column-b2c069a3\"><div class=\"gb-container gb-container-b2c069a3\">\n\n<h2 class=\"gb-headline gb-headline-5c1abed8 gb-headline-text\">Welche Methoden gibt es zur Anforderungsermittlung?<\/h2>\n\n\n\n<p>Je nach Projekt und Team sind unterschiedliche Methoden unterschiedlich wirkungsvoll. Hier ein kleiner Ausschnitt:<\/p>\n\n\n\n<div class=\"wp-block-uagb-icon-list uagb-block-250275c3\"><div class=\"uagb-icon-list__wrap\">\n<div class=\"wp-block-uagb-icon-list-child uagb-block-1f84a55f\"><span class=\"uagb-icon-list__source-wrap\"><svg xmlns=\"https:\/\/www.w3.org\/2000\/svg\" viewbox=\"0 0 512 512\"><path d=\"M256 0C114.6 0 0 114.6 0 256c0 141.4 114.6 256 256 256s256-114.6 256-256C512 114.6 397.4 0 256 0zM406.6 278.6l-103.1 103.1c-12.5 12.5-32.75 12.5-45.25 0s-12.5-32.75 0-45.25L306.8 288H128C110.3 288 96 273.7 96 256s14.31-32 32-32h178.8l-49.38-49.38c-12.5-12.5-12.5-32.75 0-45.25s32.75-12.5 45.25 0l103.1 103.1C414.6 241.3 416 251.1 416 256C416 260.9 414.6 270.7 406.6 278.6z\"><\/path><\/svg><\/span><span class=\"uagb-icon-list__label\">Stakeholder Interviews<\/span><\/div>\n\n\n\n<div class=\"wp-block-uagb-icon-list-child uagb-block-2c03b326\"><span class=\"uagb-icon-list__source-wrap\"><svg xmlns=\"https:\/\/www.w3.org\/2000\/svg\" viewbox=\"0 0 512 512\"><path d=\"M256 0C114.6 0 0 114.6 0 256c0 141.4 114.6 256 256 256s256-114.6 256-256C512 114.6 397.4 0 256 0zM406.6 278.6l-103.1 103.1c-12.5 12.5-32.75 12.5-45.25 0s-12.5-32.75 0-45.25L306.8 288H128C110.3 288 96 273.7 96 256s14.31-32 32-32h178.8l-49.38-49.38c-12.5-12.5-12.5-32.75 0-45.25s32.75-12.5 45.25 0l103.1 103.1C414.6 241.3 416 251.1 416 256C416 260.9 414.6 270.7 406.6 278.6z\"><\/path><\/svg><\/span><span class=\"uagb-icon-list__label\">Workshops<\/span><\/div>\n\n\n\n<div class=\"wp-block-uagb-icon-list-child uagb-block-49438077\"><span class=\"uagb-icon-list__source-wrap\"><svg xmlns=\"https:\/\/www.w3.org\/2000\/svg\" viewbox=\"0 0 512 512\"><path d=\"M256 0C114.6 0 0 114.6 0 256c0 141.4 114.6 256 256 256s256-114.6 256-256C512 114.6 397.4 0 256 0zM406.6 278.6l-103.1 103.1c-12.5 12.5-32.75 12.5-45.25 0s-12.5-32.75 0-45.25L306.8 288H128C110.3 288 96 273.7 96 256s14.31-32 32-32h178.8l-49.38-49.38c-12.5-12.5-12.5-32.75 0-45.25s32.75-12.5 45.25 0l103.1 103.1C414.6 241.3 416 251.1 416 256C416 260.9 414.6 270.7 406.6 278.6z\"><\/path><\/svg><\/span><span class=\"uagb-icon-list__label\">Umfragen<\/span><\/div>\n\n\n\n<div class=\"wp-block-uagb-icon-list-child uagb-block-891ae1b0\"><span class=\"uagb-icon-list__source-wrap\"><svg xmlns=\"https:\/\/www.w3.org\/2000\/svg\" viewbox=\"0 0 512 512\"><path d=\"M256 0C114.6 0 0 114.6 0 256c0 141.4 114.6 256 256 256s256-114.6 256-256C512 114.6 397.4 0 256 0zM406.6 278.6l-103.1 103.1c-12.5 12.5-32.75 12.5-45.25 0s-12.5-32.75 0-45.25L306.8 288H128C110.3 288 96 273.7 96 256s14.31-32 32-32h178.8l-49.38-49.38c-12.5-12.5-12.5-32.75 0-45.25s32.75-12.5 45.25 0l103.1 103.1C414.6 241.3 416 251.1 416 256C416 260.9 414.6 270.7 406.6 278.6z\"><\/path><\/svg><\/span><span class=\"uagb-icon-list__label\">Beobachtungen<\/span><\/div>\n\n\n\n<div class=\"wp-block-uagb-icon-list-child uagb-block-3aa7b2de\"><span class=\"uagb-icon-list__source-wrap\"><svg xmlns=\"https:\/\/www.w3.org\/2000\/svg\" viewbox=\"0 0 512 512\"><path d=\"M256 0C114.6 0 0 114.6 0 256c0 141.4 114.6 256 256 256s256-114.6 256-256C512 114.6 397.4 0 256 0zM406.6 278.6l-103.1 103.1c-12.5 12.5-32.75 12.5-45.25 0s-12.5-32.75 0-45.25L306.8 288H128C110.3 288 96 273.7 96 256s14.31-32 32-32h178.8l-49.38-49.38c-12.5-12.5-12.5-32.75 0-45.25s32.75-12.5 45.25 0l103.1 103.1C414.6 241.3 416 251.1 416 256C416 260.9 414.6 270.7 406.6 278.6z\"><\/path><\/svg><\/span><span class=\"uagb-icon-list__label\">Brainstorming<\/span><\/div>\n<\/div><\/div>\n\n<\/div><\/div>\n<\/div>","protected":false},"excerpt":{"rendered":"","protected":false},"author":1,"featured_media":0,"parent":1030,"menu_order":51,"comment_status":"closed","ping_status":"closed","template":"","meta":{"_uag_custom_page_level_css":"","footnotes":""},"class_list":["post-1048","page","type-page","status-publish"],"aioseo_notices":[],"uagb_featured_image_src":{"full":false,"thumbnail":false,"medium":false,"medium_large":false,"large":false,"1536x1536":false,"2048x2048":false,"trp-custom-language-flag":false},"uagb_author_info":{"display_name":"niwadev.com","author_link":"https:\/\/niwadev.com\/de\/blog\/author\/niwadev-com\/"},"uagb_comment_info":0,"uagb_excerpt":null,"_links":{"self":[{"href":"https:\/\/niwadev.com\/de\/wp-json\/wp\/v2\/pages\/1048","targetHints":{"allow":["GET"]}}],"collection":[{"href":"https:\/\/niwadev.com\/de\/wp-json\/wp\/v2\/pages"}],"about":[{"href":"https:\/\/niwadev.com\/de\/wp-json\/wp\/v2\/types\/page"}],"author":[{"embeddable":true,"href":"https:\/\/niwadev.com\/de\/wp-json\/wp\/v2\/users\/1"}],"replies":[{"embeddable":true,"href":"https:\/\/niwadev.com\/de\/wp-json\/wp\/v2\/comments?post=1048"}],"version-history":[{"count":8,"href":"https:\/\/niwadev.com\/de\/wp-json\/wp\/v2\/pages\/1048\/revisions"}],"predecessor-version":[{"id":1092,"href":"https:\/\/niwadev.com\/de\/wp-json\/wp\/v2\/pages\/1048\/revisions\/1092"}],"up":[{"embeddable":true,"href":"https:\/\/niwadev.com\/de\/wp-json\/wp\/v2\/pages\/1030"}],"wp:attachment":[{"href":"https:\/\/niwadev.com\/de\/wp-json\/wp\/v2\/media?parent=1048"}],"curies":[{"name":"wp","href":"https:\/\/api.w.org\/{rel}","templated":true}]}}