{"id":1081,"date":"2025-03-10T14:06:18","date_gmt":"2025-03-10T13:06:18","guid":{"rendered":"https:\/\/niwadev.com\/?page_id=1081"},"modified":"2025-03-10T14:14:24","modified_gmt":"2025-03-10T13:14:24","slug":"stakeholder","status":"publish","type":"page","link":"https:\/\/niwadev.com\/de\/knowledge\/stakeholder\/","title":{"rendered":"Stakeholder"},"content":{"rendered":"<div class=\"gb-grid-wrapper gb-grid-wrapper-e161b2c4\">\n<div class=\"gb-grid-column gb-grid-column-71a2677b\"><div class=\"gb-container gb-container-71a2677b\">\n\n<p>Ein Stakeholder ist eine Person oder eine Gruppe, die ein Interesse an einem Projekt, einer Organisation oder einem System hat. Stakeholder k\u00f6nnen aktiv in das Projekt eingebunden sein oder indirekt von dessen Ergebnissen betroffen sein. Sie haben Einfluss auf das Projekt oder sind von dessen Erfolg oder Misserfolg betroffen.<\/p>\n\n<\/div><\/div>\n\n<div class=\"gb-grid-column gb-grid-column-25dcfefb\"><div class=\"gb-container gb-container-25dcfefb\">\n\n<h2 class=\"gb-headline gb-headline-447b5d8c gb-headline-text\">Wer sind Stakeholder in einem Projekt?<\/h2>\n\n\n\n<p>Stakeholder lassen sich in verschiedene Kategorien einteilen:<\/p>\n\n\n\n<div class=\"wp-block-uagb-icon-list uagb-block-900d20bf\"><div class=\"uagb-icon-list__wrap\">\n<div class=\"wp-block-uagb-icon-list-child uagb-block-33713985\"><span class=\"uagb-icon-list__source-wrap\"><svg xmlns=\"https:\/\/www.w3.org\/2000\/svg\" viewbox=\"0 0 512 512\"><path d=\"M256 0C114.6 0 0 114.6 0 256c0 141.4 114.6 256 256 256s256-114.6 256-256C512 114.6 397.4 0 256 0zM406.6 278.6l-103.1 103.1c-12.5 12.5-32.75 12.5-45.25 0s-12.5-32.75 0-45.25L306.8 288H128C110.3 288 96 273.7 96 256s14.31-32 32-32h178.8l-49.38-49.38c-12.5-12.5-12.5-32.75 0-45.25s32.75-12.5 45.25 0l103.1 103.1C414.6 241.3 416 251.1 416 256C416 260.9 414.6 270.7 406.6 278.6z\"><\/path><\/svg><\/span><span class=\"uagb-icon-list__label\">Interne Stakeholder: Personen oder Gruppen innerhalb der Organisation, die am Projekt beteiligt sind, z. B. Mitarbeiter, F\u00fchrungskr\u00e4fte, Abteilungen oder Projektteams.<\/span><\/div>\n\n\n\n<div class=\"wp-block-uagb-icon-list-child uagb-block-6eb97aab\"><span class=\"uagb-icon-list__source-wrap\"><svg xmlns=\"https:\/\/www.w3.org\/2000\/svg\" viewbox=\"0 0 512 512\"><path d=\"M256 0C114.6 0 0 114.6 0 256c0 141.4 114.6 256 256 256s256-114.6 256-256C512 114.6 397.4 0 256 0zM406.6 278.6l-103.1 103.1c-12.5 12.5-32.75 12.5-45.25 0s-12.5-32.75 0-45.25L306.8 288H128C110.3 288 96 273.7 96 256s14.31-32 32-32h178.8l-49.38-49.38c-12.5-12.5-12.5-32.75 0-45.25s32.75-12.5 45.25 0l103.1 103.1C414.6 241.3 416 251.1 416 256C416 260.9 414.6 270.7 406.6 278.6z\"><\/path><\/svg><\/span><span class=\"uagb-icon-list__label\">Externe Stakeholder: Personen oder Organisationen au\u00dferhalb der eigenen Firma, die vom Projekt betroffen sind oder Einfluss darauf haben, z. B. Kunden, Partner, Investoren oder Beh\u00f6rden.<\/span><\/div>\n<\/div><\/div>\n\n<\/div><\/div>\n\n<div class=\"gb-grid-column gb-grid-column-b102e9f0\"><div class=\"gb-container gb-container-b102e9f0\">\n\n<h2 class=\"gb-headline gb-headline-dce356d5 gb-headline-text\">Warum sind Stakeholder wichtig?<\/h2>\n\n\n\n<p>Stakeholder spielen eine zentrale Rolle im Projektmanagement und insbesondere im <a href=\"https:\/\/niwadev.com\/de\/wissen\/requirements-engineering\/\" target=\"_blank\" rel=\"noopener\" title=\"Requirements Engineering\">Requirements Engineering<\/a>. Sie liefern wichtige Informationen zu den Anforderungen, die das Endprodukt erf\u00fcllen muss, und beeinflussen den gesamten Entwicklungsprozess.<\/p>\n\n\n\n<p>Ein effektives Stakeholder-Management sorgt daf\u00fcr, dass:<\/p>\n\n\n\n<div class=\"wp-block-uagb-icon-list uagb-block-0cdaca0b\"><div class=\"uagb-icon-list__wrap\">\n<div class=\"wp-block-uagb-icon-list-child uagb-block-3d66fc2e\"><span class=\"uagb-icon-list__source-wrap\"><svg xmlns=\"https:\/\/www.w3.org\/2000\/svg\" viewbox=\"0 0 512 512\"><path d=\"M256 0C114.6 0 0 114.6 0 256c0 141.4 114.6 256 256 256s256-114.6 256-256C512 114.6 397.4 0 256 0zM406.6 278.6l-103.1 103.1c-12.5 12.5-32.75 12.5-45.25 0s-12.5-32.75 0-45.25L306.8 288H128C110.3 288 96 273.7 96 256s14.31-32 32-32h178.8l-49.38-49.38c-12.5-12.5-12.5-32.75 0-45.25s32.75-12.5 45.25 0l103.1 103.1C414.6 241.3 416 251.1 416 256C416 260.9 414.6 270.7 406.6 278.6z\"><\/path><\/svg><\/span><span class=\"uagb-icon-list__label\">Erwartungen und Anforderungen fr\u00fchzeitig erkannt werden<\/span><\/div>\n\n\n\n<div class=\"wp-block-uagb-icon-list-child uagb-block-311111e2\"><span class=\"uagb-icon-list__source-wrap\"><svg xmlns=\"https:\/\/www.w3.org\/2000\/svg\" viewbox=\"0 0 512 512\"><path d=\"M256 0C114.6 0 0 114.6 0 256c0 141.4 114.6 256 256 256s256-114.6 256-256C512 114.6 397.4 0 256 0zM406.6 278.6l-103.1 103.1c-12.5 12.5-32.75 12.5-45.25 0s-12.5-32.75 0-45.25L306.8 288H128C110.3 288 96 273.7 96 256s14.31-32 32-32h178.8l-49.38-49.38c-12.5-12.5-12.5-32.75 0-45.25s32.75-12.5 45.25 0l103.1 103.1C414.6 241.3 416 251.1 416 256C416 260.9 414.6 270.7 406.6 278.6z\"><\/path><\/svg><\/span><span class=\"uagb-icon-list__label\">Missverst\u00e4ndnisse vermieden und Konflikte reduziert werden<\/span><\/div>\n\n\n\n<div class=\"wp-block-uagb-icon-list-child uagb-block-6241dd83\"><span class=\"uagb-icon-list__source-wrap\"><svg xmlns=\"https:\/\/www.w3.org\/2000\/svg\" viewbox=\"0 0 512 512\"><path d=\"M256 0C114.6 0 0 114.6 0 256c0 141.4 114.6 256 256 256s256-114.6 256-256C512 114.6 397.4 0 256 0zM406.6 278.6l-103.1 103.1c-12.5 12.5-32.75 12.5-45.25 0s-12.5-32.75 0-45.25L306.8 288H128C110.3 288 96 273.7 96 256s14.31-32 32-32h178.8l-49.38-49.38c-12.5-12.5-12.5-32.75 0-45.25s32.75-12.5 45.25 0l103.1 103.1C414.6 241.3 416 251.1 416 256C416 260.9 414.6 270.7 406.6 278.6z\"><\/path><\/svg><\/span><span class=\"uagb-icon-list__label\">Entscheidungen auf einer fundierten Grundlage getroffen werden<\/span><\/div>\n\n\n\n<div class=\"wp-block-uagb-icon-list-child uagb-block-4cf656b4\"><span class=\"uagb-icon-list__source-wrap\"><svg xmlns=\"https:\/\/www.w3.org\/2000\/svg\" viewbox=\"0 0 512 512\"><path d=\"M256 0C114.6 0 0 114.6 0 256c0 141.4 114.6 256 256 256s256-114.6 256-256C512 114.6 397.4 0 256 0zM406.6 278.6l-103.1 103.1c-12.5 12.5-32.75 12.5-45.25 0s-12.5-32.75 0-45.25L306.8 288H128C110.3 288 96 273.7 96 256s14.31-32 32-32h178.8l-49.38-49.38c-12.5-12.5-12.5-32.75 0-45.25s32.75-12.5 45.25 0l103.1 103.1C414.6 241.3 416 251.1 416 256C416 260.9 414.6 270.7 406.6 278.6z\"><\/path><\/svg><\/span><span class=\"uagb-icon-list__label\">Projekte eine h\u00f6here Akzeptanz bei den betroffenen Gruppen finden<\/span><\/div>\n<\/div><\/div>\n\n<\/div><\/div>\n\n<div class=\"gb-grid-column gb-grid-column-ab5f78ce\"><div class=\"gb-container gb-container-ab5f78ce\">\n\n<h2 class=\"gb-headline gb-headline-8e649bef gb-headline-text\">Wie identifiziert und analysiert man Stakeholder?<\/h2>\n\n\n\n<p>Die Identifikation von Stakeholdern ist ein essenzieller Schritt im Projektmanagement. Dabei helfen verschiedene Methoden:<\/p>\n\n\n\n<div class=\"wp-block-uagb-icon-list uagb-block-7b383a8b\"><div class=\"uagb-icon-list__wrap\">\n<div class=\"wp-block-uagb-icon-list-child uagb-block-4105d515\"><span class=\"uagb-icon-list__source-wrap\"><svg xmlns=\"https:\/\/www.w3.org\/2000\/svg\" viewbox=\"0 0 512 512\"><path d=\"M256 0C114.6 0 0 114.6 0 256c0 141.4 114.6 256 256 256s256-114.6 256-256C512 114.6 397.4 0 256 0zM406.6 278.6l-103.1 103.1c-12.5 12.5-32.75 12.5-45.25 0s-12.5-32.75 0-45.25L306.8 288H128C110.3 288 96 273.7 96 256s14.31-32 32-32h178.8l-49.38-49.38c-12.5-12.5-12.5-32.75 0-45.25s32.75-12.5 45.25 0l103.1 103.1C414.6 241.3 416 251.1 416 256C416 260.9 414.6 270.7 406.6 278.6z\"><\/path><\/svg><\/span><span class=\"uagb-icon-list__label\">Stakeholder-Analyse: Identifikation aller relevanten Stakeholder und deren Einfluss auf das Projekt.<\/span><\/div>\n\n\n\n<div class=\"wp-block-uagb-icon-list-child uagb-block-fc3e2dfc\"><span class=\"uagb-icon-list__source-wrap\"><svg xmlns=\"https:\/\/www.w3.org\/2000\/svg\" viewbox=\"0 0 512 512\"><path d=\"M256 0C114.6 0 0 114.6 0 256c0 141.4 114.6 256 256 256s256-114.6 256-256C512 114.6 397.4 0 256 0zM406.6 278.6l-103.1 103.1c-12.5 12.5-32.75 12.5-45.25 0s-12.5-32.75 0-45.25L306.8 288H128C110.3 288 96 273.7 96 256s14.31-32 32-32h178.8l-49.38-49.38c-12.5-12.5-12.5-32.75 0-45.25s32.75-12.5 45.25 0l103.1 103.1C414.6 241.3 416 251.1 416 256C416 260.9 414.6 270.7 406.6 278.6z\"><\/path><\/svg><\/span><span class=\"uagb-icon-list__label\">Stakeholder-Matrix: Einteilung der Stakeholder nach Einfluss und Interesse (z. B. hohe Einflussnahme und hohes Interesse \u2192 Schl\u00fcsselstakeholder).<\/span><\/div>\n\n\n\n<div class=\"wp-block-uagb-icon-list-child uagb-block-1690e0d0\"><span class=\"uagb-icon-list__source-wrap\"><svg xmlns=\"https:\/\/www.w3.org\/2000\/svg\" viewbox=\"0 0 512 512\"><path d=\"M256 0C114.6 0 0 114.6 0 256c0 141.4 114.6 256 256 256s256-114.6 256-256C512 114.6 397.4 0 256 0zM406.6 278.6l-103.1 103.1c-12.5 12.5-32.75 12.5-45.25 0s-12.5-32.75 0-45.25L306.8 288H128C110.3 288 96 273.7 96 256s14.31-32 32-32h178.8l-49.38-49.38c-12.5-12.5-12.5-32.75 0-45.25s32.75-12.5 45.25 0l103.1 103.1C414.6 241.3 416 251.1 416 256C416 260.9 414.6 270.7 406.6 278.6z\"><\/path><\/svg><\/span><span class=\"uagb-icon-list__label\">Kommunikationsstrategie: Planung, wie Stakeholder informiert und eingebunden werden sollen.<\/span><\/div>\n<\/div><\/div>\n\n<\/div><\/div>\n\n<div class=\"gb-grid-column gb-grid-column-9e0bc48b\"><div class=\"gb-container gb-container-9e0bc48b\">\n\n<h2 class=\"gb-headline gb-headline-b4a3e260 gb-headline-text\">Welche Herausforderungen gibt es beim Umgang mit Stakeholdern?<\/h2>\n\n\n\n<p>Der Umgang mit Stakeholdern kann herausfordernd sein, da sie oft unterschiedliche Interessen und Erwartungen haben. W\u00e4hrend einige Stakeholder eine schnelle Umsetzung fordern, legen andere Wert auf umfangreiche Tests und Qualit\u00e4tssicherung. Solche Zielkonflikte m\u00fcssen fr\u00fchzeitig erkannt und durch klare Priorit\u00e4ten aufgel\u00f6st werden.<\/p>\n\n\n\n<p>Ein weiteres Problem entsteht, wenn Stakeholder nicht aktiv in das Projekt eingebunden werden oder zu sp\u00e4t in Entscheidungen involviert sind. Fehlende Kommunikation f\u00fchrt dazu, dass wichtige Anforderungen \u00fcbersehen oder nicht ausreichend ber\u00fccksichtigt werden. Regelm\u00e4\u00dfige Abstimmungen und transparente Entscheidungsprozesse helfen, solche Probleme zu vermeiden.<\/p>\n\n\n\n<p>Manche Stakeholder \u00fcben starken Einfluss aus, obwohl sie nur geringe Fachkenntnisse besitzen. Dies kann zu Entscheidungen f\u00fchren, die technisch schwer umsetzbar oder nicht optimal f\u00fcr das Gesamtprojekt sind. In solchen F\u00e4llen ist es wichtig, Erwartungen realistisch zu steuern und fundierte Argumente f\u00fcr oder gegen bestimmte Anforderungen bereitzuhalten.<\/p>\n\n<\/div><\/div>\n<\/div>","protected":false},"excerpt":{"rendered":"","protected":false},"author":1,"featured_media":0,"parent":1030,"menu_order":52,"comment_status":"closed","ping_status":"closed","template":"","meta":{"_uag_custom_page_level_css":"","footnotes":""},"class_list":["post-1081","page","type-page","status-publish"],"aioseo_notices":[],"uagb_featured_image_src":{"full":false,"thumbnail":false,"medium":false,"medium_large":false,"large":false,"1536x1536":false,"2048x2048":false,"trp-custom-language-flag":false},"uagb_author_info":{"display_name":"niwadev.com","author_link":"https:\/\/niwadev.com\/de\/blog\/author\/niwadev-com\/"},"uagb_comment_info":0,"uagb_excerpt":null,"_links":{"self":[{"href":"https:\/\/niwadev.com\/de\/wp-json\/wp\/v2\/pages\/1081","targetHints":{"allow":["GET"]}}],"collection":[{"href":"https:\/\/niwadev.com\/de\/wp-json\/wp\/v2\/pages"}],"about":[{"href":"https:\/\/niwadev.com\/de\/wp-json\/wp\/v2\/types\/page"}],"author":[{"embeddable":true,"href":"https:\/\/niwadev.com\/de\/wp-json\/wp\/v2\/users\/1"}],"replies":[{"embeddable":true,"href":"https:\/\/niwadev.com\/de\/wp-json\/wp\/v2\/comments?post=1081"}],"version-history":[{"count":2,"href":"https:\/\/niwadev.com\/de\/wp-json\/wp\/v2\/pages\/1081\/revisions"}],"predecessor-version":[{"id":1087,"href":"https:\/\/niwadev.com\/de\/wp-json\/wp\/v2\/pages\/1081\/revisions\/1087"}],"up":[{"embeddable":true,"href":"https:\/\/niwadev.com\/de\/wp-json\/wp\/v2\/pages\/1030"}],"wp:attachment":[{"href":"https:\/\/niwadev.com\/de\/wp-json\/wp\/v2\/media?parent=1081"}],"curies":[{"name":"wp","href":"https:\/\/api.w.org\/{rel}","templated":true}]}}