{"id":113,"date":"2023-09-10T21:50:27","date_gmt":"2023-09-10T19:50:27","guid":{"rendered":"https:\/\/niwadev.com\/?page_id=113"},"modified":"2025-03-06T10:37:28","modified_gmt":"2025-03-06T09:37:28","slug":"leistungen","status":"publish","type":"page","link":"https:\/\/niwadev.com\/de\/services\/","title":{"rendered":"Passgenaue Softwarel\u00f6sungen f\u00fcr die Energiebranche \u2013 flexibel &amp; zukunftssicher"},"content":{"rendered":"<p>Energieanbieter, Netzbetreiber und Stadtwerke besch\u00e4ftigen sich mit einer Vielzahl von Herausforderungen. Insbesondere in den Bereichen Vertrieb und Kundenservice geht es darum der Konkurrenz einen Schritt voraus zu sein. Um die Digitalisierung voranzutreiben, unterst\u00fctze ich Ihr Unternehmen an der IT-Front mit folgenden Leistungen.<\/p>\n\n\n<div class=\"gb-grid-wrapper gb-grid-wrapper-b2318b64\">\n<div class=\"gb-grid-column gb-grid-column-986468de\"><div class=\"gb-container gb-container-986468de nwdev-services-panel\">\n\n<figure class=\"gb-block-image gb-block-image-83ef3aac\"><img decoding=\"async\" class=\"gb-image gb-image-83ef3aac\" src=\"https:\/\/niwadev.com\/wp-content\/uploads\/2023\/09\/web-api-icon.svg\" alt=\"Mehr Informationen \u00fcber meine Leistungen zur Backendentwicklung\" title=\"Backend API Entwicklung Icon\"\/><\/figure>\n\n\n<div class=\"gb-container gb-container-c11b4a5c\">\n\n<h3 class=\"gb-headline gb-headline-e666af22 gb-headline-text\">Backend Entwicklung<\/h3>\n\n\n\n<p class=\"has-text-align-center\">Prozesse technisch umsetzen, typische Systeme von Energieversorgern miteinander verbinden. Z. B.  f\u00fcr Bestell- oder Abrechnungsprozesse. Nahtlose Anbindung an ERP- und Abrechnungssystemen wie SAP IS-U, CRM.  <\/p>\n\n<\/div>\n\n\n<div class=\"wp-block-buttons is-content-justification-center is-layout-flex wp-container-core-buttons-is-layout-16018d1d wp-block-buttons-is-layout-flex\">\n<div class=\"wp-block-button\"><a class=\"wp-block-button__link wp-element-button\" href=\"https:\/\/niwadev.com\/de\/leistungen\/backend-entwicklung\/\">Mehr erfahren<\/a><\/div>\n<\/div>\n\n<\/div><\/div>\n\n<div class=\"gb-grid-column gb-grid-column-3204a459\"><div class=\"gb-container gb-container-3204a459 nwdev-services-panel\">\n\n<figure class=\"gb-block-image gb-block-image-d0f8b824\"><img decoding=\"async\" class=\"gb-image gb-image-d0f8b824\" src=\"https:\/\/niwadev.com\/wp-content\/uploads\/2023\/09\/integration-development-service-icon.svg\" alt=\"Erfahren Sie mehr \u00fcber meine F\u00e4higkeiten und Dienstleistungen im Bereich der Integrationsentwicklung\" title=\"Integration Development\"\/><\/figure>\n\n\n<div class=\"gb-container gb-container-ce4663e9\">\n\n<h3 class=\"gb-headline gb-headline-b3a2ee10 gb-headline-text\">Requirements Engineering<\/h3>\n\n\n\n<p class=\"has-text-align-center\">Die richtigen Prozesse digitalisieren \u2013 von der Idee bis zur Umsetzung. Die Kommunikation in Projekten unterst\u00fctzen, um bessere Ergebnisse zu erzielen.<\/p>\n\n<\/div>\n\n\n<div class=\"wp-block-buttons is-content-justification-center is-layout-flex wp-container-core-buttons-is-layout-16018d1d wp-block-buttons-is-layout-flex\">\n<div class=\"wp-block-button\"><a class=\"wp-block-button__link wp-element-button\" href=\"https:\/\/niwadev.com\/de\/leistungen\/requirements-engineering\/\">Mehr erfahren<\/a><\/div>\n<\/div>\n\n<\/div><\/div>\n\n<div class=\"gb-grid-column gb-grid-column-7aecc096\"><div class=\"gb-container gb-container-7aecc096 nwdev-services-panel\">\n\n<figure class=\"gb-block-image gb-block-image-3b303d31\"><img decoding=\"async\" class=\"gb-image gb-image-3b303d31\" src=\"https:\/\/niwadev.com\/wp-content\/uploads\/2023\/09\/data-cloud-icon.svg\" alt=\"Mehr \u00fcber meine Dienstleistungen in der Entwicklung zu Cloud Technologien erfahren.\" title=\"Cloud-Technologien\"\/><\/figure>\n\n\n<div class=\"gb-container gb-container-28a9e193\">\n\n<h3 class=\"gb-headline gb-headline-df9a6854 gb-headline-text\">Cloud-Entwicklung mit Azure<\/h3>\n\n\n\n<p class=\"has-text-align-center\">Erstklassige Skalierbarkeit und effiziente Entwicklung von Cloud-nativen Anwendungen f\u00fcr Kundenportale, Vertragsmanagement und digitale Bestellprozesse.<\/p>\n\n<\/div>\n\n\n<div class=\"wp-block-buttons is-content-justification-center is-layout-flex wp-container-core-buttons-is-layout-16018d1d wp-block-buttons-is-layout-flex\">\n<div class=\"wp-block-button\"><a class=\"wp-block-button__link wp-element-button\" href=\"https:\/\/niwadev.com\/de\/leistungen\/cloud-technologien\/\">Mehr erfahren<\/a><\/div>\n<\/div>\n\n<\/div><\/div>\n\n<div class=\"gb-grid-column gb-grid-column-8c65c9ee\"><div class=\"gb-container gb-container-8c65c9ee nwdev-services-panel\">\n\n<figure class=\"gb-block-image gb-block-image-86585bdd\"><img decoding=\"async\" class=\"gb-image gb-image-86585bdd\" src=\"https:\/\/niwadev.com\/wp-content\/uploads\/2023\/09\/flask-icon.svg\" alt=\"Entdecken Sie meine Dienstleistungen f\u00fcr testgetriebene Entwicklung\" title=\"Test Driven Development\"\/><\/figure>\n\n\n<div class=\"gb-container gb-container-a49e0aa6\">\n\n<h3 class=\"gb-headline gb-headline-7576664d gb-headline-text\">TDD &#8211; Test Driven Development<\/h3>\n\n\n\n<p class=\"has-text-align-center\">Sichere Umsetzung von Prozessen im Zusammenhang mit der Rechnungsstellung und gesetzlich geregelten Anwendungen.<\/p>\n\n<\/div>\n\n\n<div class=\"wp-block-buttons is-content-justification-center is-layout-flex wp-container-core-buttons-is-layout-16018d1d wp-block-buttons-is-layout-flex\">\n<div class=\"wp-block-button\"><a class=\"wp-block-button__link wp-element-button\" href=\"https:\/\/niwadev.com\/de\/leistungen\/tdd-test-driven-development\/\">Mehr erfahren<\/a><\/div>\n<\/div>\n\n<\/div><\/div>\n\n<div class=\"gb-grid-column gb-grid-column-725ae62e\"><div class=\"gb-container gb-container-725ae62e nwdev-services-panel\">\n\n<figure class=\"gb-block-image gb-block-image-949e1100\"><img decoding=\"async\" class=\"gb-image gb-image-949e1100\" src=\"https:\/\/niwadev.com\/wp-content\/uploads\/2023\/09\/distributed-architecture-icon.svg\" alt=\"Entdecken Sie meine Entwicklungsdienste f\u00fcr verteilte Software-Architektur\" title=\"Verteilte Software-Architektur\"\/><\/figure>\n\n\n<div class=\"gb-container gb-container-2033a67c\">\n\n<h3 class=\"gb-headline gb-headline-91b44845 gb-headline-text\">Verteilte Architekturen<\/h3>\n\n\n\n<p class=\"has-text-align-center\">Skalierung, Bereitstellung und unabh\u00e4ngige Entwicklung durch die Implementierung von Microservices.<\/p>\n\n<\/div>\n\n\n<div class=\"wp-block-buttons is-content-justification-center is-layout-flex wp-container-core-buttons-is-layout-16018d1d wp-block-buttons-is-layout-flex\">\n<div class=\"wp-block-button\"><a class=\"wp-block-button__link wp-element-button\" href=\"https:\/\/niwadev.com\/de\/leistungen\/verteilte-architekturen\/\">Mehr erfahren<\/a><\/div>\n<\/div>\n\n<\/div><\/div>\n\n<div class=\"gb-grid-column gb-grid-column-442459c8\"><div class=\"gb-container gb-container-442459c8 nwdev-services-panel\">\n\n<figure class=\"gb-block-image gb-block-image-e9219512\"><img decoding=\"async\" class=\"gb-image gb-image-e9219512\" src=\"https:\/\/niwadev.com\/wp-content\/uploads\/2023\/09\/function-as-a-service-icon.svg\" alt=\"Erkunden Sie mein Angebot f\u00fcr Function as a Service  (oder FaaS)\" title=\"FaaS - Function as a Service\"\/><\/figure>\n\n\n<div class=\"gb-container gb-container-0a7671cc\">\n\n<h3 class=\"gb-headline gb-headline-63e2d975 gb-headline-text\">FaaS &#8211; Function as a Service<\/h3>\n\n\n\n<p class=\"has-text-align-center\">Implementierung skalierbarer Cloud-Funktionen f\u00fcr die Verarbeitung von Z\u00e4hlerst\u00e4nden, Abrechnungslogik und Kundenanfragen.<\/p>\n\n<\/div>\n\n\n<div class=\"wp-block-buttons is-content-justification-center is-layout-flex wp-container-core-buttons-is-layout-16018d1d wp-block-buttons-is-layout-flex\">\n<div class=\"wp-block-button\"><a class=\"wp-block-button__link wp-element-button\" href=\"https:\/\/niwadev.com\/de\/leistungen\/faas-function-as-a-service\/\">Mehr erfahren<\/a><\/div>\n<\/div>\n\n<\/div><\/div>\n<\/div>","protected":false},"excerpt":{"rendered":"<p>Energieanbieter, Netzbetreiber und Stadtwerke besch\u00e4ftigen sich mit einer Vielzahl von Herausforderungen. Insbesondere in den Bereichen Vertrieb und Kundenservice geht es darum der Konkurrenz einen Schritt voraus zu sein. Um die Digitalisierung voranzutreiben, unterst\u00fctze ich Ihr Unternehmen an der IT-Front mit folgenden Leistungen.<\/p>","protected":false},"author":1,"featured_media":0,"parent":0,"menu_order":20,"comment_status":"closed","ping_status":"closed","template":"","meta":{"_uag_custom_page_level_css":"","footnotes":""},"class_list":["post-113","page","type-page","status-publish"],"aioseo_notices":[],"uagb_featured_image_src":{"full":false,"thumbnail":false,"medium":false,"medium_large":false,"large":false,"1536x1536":false,"2048x2048":false,"trp-custom-language-flag":false},"uagb_author_info":{"display_name":"niwadev.com","author_link":"https:\/\/niwadev.com\/de\/blog\/author\/niwadev-com\/"},"uagb_comment_info":0,"uagb_excerpt":"Energy suppliers, grid operators and municipal utilities are facing a multitude of challenges. In the areas of sales and customer service in particular, it is important to stay one step ahead of the competition. I can support your company on the IT front with the following services to drive digitalization forward.","_links":{"self":[{"href":"https:\/\/niwadev.com\/de\/wp-json\/wp\/v2\/pages\/113","targetHints":{"allow":["GET"]}}],"collection":[{"href":"https:\/\/niwadev.com\/de\/wp-json\/wp\/v2\/pages"}],"about":[{"href":"https:\/\/niwadev.com\/de\/wp-json\/wp\/v2\/types\/page"}],"author":[{"embeddable":true,"href":"https:\/\/niwadev.com\/de\/wp-json\/wp\/v2\/users\/1"}],"replies":[{"embeddable":true,"href":"https:\/\/niwadev.com\/de\/wp-json\/wp\/v2\/comments?post=113"}],"version-history":[{"count":2,"href":"https:\/\/niwadev.com\/de\/wp-json\/wp\/v2\/pages\/113\/revisions"}],"predecessor-version":[{"id":1026,"href":"https:\/\/niwadev.com\/de\/wp-json\/wp\/v2\/pages\/113\/revisions\/1026"}],"wp:attachment":[{"href":"https:\/\/niwadev.com\/de\/wp-json\/wp\/v2\/media?parent=113"}],"curies":[{"name":"wp","href":"https:\/\/api.w.org\/{rel}","templated":true}]}}