{"id":127,"date":"2023-09-10T21:22:42","date_gmt":"2023-09-10T19:22:42","guid":{"rendered":"https:\/\/niwadev.com\/?page_id=127"},"modified":"2025-06-06T19:20:40","modified_gmt":"2025-06-06T17:20:40","slug":"tdd-test-driven-development","status":"publish","type":"page","link":"https:\/\/niwadev.com\/de\/services\/tdd-test-driven-development\/","title":{"rendered":"Test-Driven Development (TDD) \u2013 Zuverl\u00e4ssige Software von Anfang an"},"content":{"rendered":"<div class=\"gb-container gb-container-b29add22\">\n\n<figure class=\"wp-block-image size-full\"><img decoding=\"async\" width=\"1200\" height=\"400\" src=\"https:\/\/niwadev.com\/wp-content\/uploads\/2023\/09\/test-driven-development.webp\" alt=\"Eine Flasche, die analysiert wird, um den Ansatz der testgetriebenen Entwicklung zu veranschaulichen.\" class=\"wp-image-193\" style=\"object-fit:cover\" srcset=\"https:\/\/niwadev.com\/wp-content\/uploads\/2023\/09\/test-driven-development.webp 1200w, https:\/\/niwadev.com\/wp-content\/uploads\/2023\/09\/test-driven-development-300x100.webp 300w, https:\/\/niwadev.com\/wp-content\/uploads\/2023\/09\/test-driven-development-1024x341.webp 1024w, https:\/\/niwadev.com\/wp-content\/uploads\/2023\/09\/test-driven-development-768x256.webp 768w, https:\/\/niwadev.com\/wp-content\/uploads\/2023\/09\/test-driven-development-18x6.webp 18w\" sizes=\"(max-width: 1200px) 100vw, 1200px\" \/><\/figure>\n\n<\/div>\n\n<div class=\"gb-grid-wrapper gb-grid-wrapper-7f5228dd\">\n<div class=\"gb-grid-column gb-grid-column-f202ca65\"><div class=\"gb-container gb-container-f202ca65\">\n\n<h2 class=\"gb-headline gb-headline-4410f554 gb-headline-text\">Steigern Sie die Softwarequalit\u00e4t mit Test-Driven Development<\/h2>\n\n\n\n<p>In der heutigen, schnelllebigen Softwareentwicklung sind Zuverl\u00e4ssigkeit und Qualit\u00e4t entscheidend. <a href=\"https:\/\/martinfowler.com\/bliki\/TestDrivenDevelopment.html\" title=\"Test-Driven Development (TDD)\">Test-Driven Development (TDD)<\/a> ist eine Methodik, die genau diese Werte in den Mittelpunkt stellt. Sie sorgt f\u00fcr robuste, wartbare und fehlerfreie Software. Indem Tests vor dem eigentlichen Code geschrieben werden, entstehen L\u00f6sungen, die nicht nur den Anforderungen gerecht werden, sondern auch skalierbar und anpassungsf\u00e4hig sind.<\/p>\n\n\n\n<p>Mit meiner Expertise in TDD unterst\u00fctze ich Unternehmen aus der Energiebranche dabei, zuverl\u00e4ssige Software effizienter zu entwickeln. Von der Erstellung pr\u00e4ziser Testf\u00e4lle bis zur Implementierung von sauberem und effizienten Code \u2013 ich stelle sicher, dass Qualit\u00e4t in jedem Schritt des Entwicklungsprozesses verankert ist.<\/p>\n\n<\/div><\/div>\n\n<div class=\"gb-grid-column gb-grid-column-3d21ec09\"><div class=\"gb-container gb-container-3d21ec09\">\n\n<h2 class=\"gb-headline gb-headline-e085f4be gb-headline-text\">Ihre Vorteile<\/h2>\n\n\n\n<div class=\"wp-block-uagb-icon-list uagb-block-f47fca44\"><div class=\"uagb-icon-list__wrap\">\n<div class=\"wp-block-uagb-icon-list-child uagb-block-b011b4a4\"><span class=\"uagb-icon-list__source-wrap\"><svg xmlns=\"https:\/\/www.w3.org\/2000\/svg\" viewbox=\"0 0 448 512\"><path d=\"M438.6 105.4C451.1 117.9 451.1 138.1 438.6 150.6L182.6 406.6C170.1 419.1 149.9 419.1 137.4 406.6L9.372 278.6C-3.124 266.1-3.124 245.9 9.372 233.4C21.87 220.9 42.13 220.9 54.63 233.4L159.1 338.7L393.4 105.4C405.9 92.88 426.1 92.88 438.6 105.4H438.6z\"><\/path><\/svg><\/span><span class=\"uagb-icon-list__label\">Weniger Fehler<\/span><\/div>\n\n\n\n<div class=\"wp-block-uagb-icon-list-child uagb-block-937dc5db\"><span class=\"uagb-icon-list__source-wrap\"><svg xmlns=\"https:\/\/www.w3.org\/2000\/svg\" viewbox=\"0 0 448 512\"><path d=\"M438.6 105.4C451.1 117.9 451.1 138.1 438.6 150.6L182.6 406.6C170.1 419.1 149.9 419.1 137.4 406.6L9.372 278.6C-3.124 266.1-3.124 245.9 9.372 233.4C21.87 220.9 42.13 220.9 54.63 233.4L159.1 338.7L393.4 105.4C405.9 92.88 426.1 92.88 438.6 105.4H438.6z\"><\/path><\/svg><\/span><span class=\"uagb-icon-list__label\">Geringere Kosten f\u00fcr Fehlerbehebung und Wartung<\/span><\/div>\n\n\n\n<div class=\"wp-block-uagb-icon-list-child uagb-block-e730ed62\"><span class=\"uagb-icon-list__source-wrap\"><svg xmlns=\"https:\/\/www.w3.org\/2000\/svg\" viewbox=\"0 0 448 512\"><path d=\"M438.6 105.4C451.1 117.9 451.1 138.1 438.6 150.6L182.6 406.6C170.1 419.1 149.9 419.1 137.4 406.6L9.372 278.6C-3.124 266.1-3.124 245.9 9.372 233.4C21.87 220.9 42.13 220.9 54.63 233.4L159.1 338.7L393.4 105.4C405.9 92.88 426.1 92.88 438.6 105.4H438.6z\"><\/path><\/svg><\/span><span class=\"uagb-icon-list__label\">Bessere Zusammenarbeit<\/span><\/div>\n<\/div><\/div>\n\n<\/div><\/div>\n\n<div class=\"gb-grid-column gb-grid-column-3dfc79ae\"><div class=\"gb-container gb-container-3dfc79ae\">\n\n<h2 class=\"gb-headline gb-headline-47d61844 gb-headline-text\">Warum TDD wichtig ist<\/h2>\n\n\n\n<p>Test-Driven Development bietet zahlreiche Vorteile, die den Softwareentwicklungsprozess auf ein neues Level heben:<\/p>\n\n\n\n<div class=\"wp-block-uagb-icon-list uagb-block-c9cb0f7f\"><div class=\"uagb-icon-list__wrap\">\n<div class=\"wp-block-uagb-icon-list-child uagb-block-a16c9149\"><span class=\"uagb-icon-list__source-wrap\"><svg xmlns=\"https:\/\/www.w3.org\/2000\/svg\" viewbox=\"0 0 512 512\"><path d=\"M256 0C114.6 0 0 114.6 0 256c0 141.4 114.6 256 256 256s256-114.6 256-256C512 114.6 397.4 0 256 0zM406.6 278.6l-103.1 103.1c-12.5 12.5-32.75 12.5-45.25 0s-12.5-32.75 0-45.25L306.8 288H128C110.3 288 96 273.7 96 256s14.31-32 32-32h178.8l-49.38-49.38c-12.5-12.5-12.5-32.75 0-45.25s32.75-12.5 45.25 0l103.1 103.1C414.6 241.3 416 251.1 416 256C416 260.9 414.6 270.7 406.6 278.6z\"><\/path><\/svg><\/span><span class=\"uagb-icon-list__label\">H\u00f6here Code-Qualit\u00e4t: TDD f\u00f6rdert modularen, sauberen Code, der einfacher zu warten und zu erweitern ist<\/span><\/div>\n\n\n\n<div class=\"wp-block-uagb-icon-list-child uagb-block-19520d71\"><span class=\"uagb-icon-list__source-wrap\"><svg xmlns=\"https:\/\/www.w3.org\/2000\/svg\" viewbox=\"0 0 512 512\"><path d=\"M256 0C114.6 0 0 114.6 0 256c0 141.4 114.6 256 256 256s256-114.6 256-256C512 114.6 397.4 0 256 0zM406.6 278.6l-103.1 103.1c-12.5 12.5-32.75 12.5-45.25 0s-12.5-32.75 0-45.25L306.8 288H128C110.3 288 96 273.7 96 256s14.31-32 32-32h178.8l-49.38-49.38c-12.5-12.5-12.5-32.75 0-45.25s32.75-12.5 45.25 0l103.1 103.1C414.6 241.3 416 251.1 416 256C416 260.9 414.6 270.7 406.6 278.6z\"><\/path><\/svg><\/span><span class=\"uagb-icon-list__label\">Schnelleres Debugging: Probleme werden fr\u00fchzeitig erkannt, wodurch Nacharbeiten reduziert werden<\/span><\/div>\n\n\n\n<div class=\"wp-block-uagb-icon-list-child uagb-block-3e539f11\"><span class=\"uagb-icon-list__source-wrap\"><svg xmlns=\"https:\/\/www.w3.org\/2000\/svg\" viewbox=\"0 0 512 512\"><path d=\"M256 0C114.6 0 0 114.6 0 256c0 141.4 114.6 256 256 256s256-114.6 256-256C512 114.6 397.4 0 256 0zM406.6 278.6l-103.1 103.1c-12.5 12.5-32.75 12.5-45.25 0s-12.5-32.75 0-45.25L306.8 288H128C110.3 288 96 273.7 96 256s14.31-32 32-32h178.8l-49.38-49.38c-12.5-12.5-12.5-32.75 0-45.25s32.75-12.5 45.25 0l103.1 103.1C414.6 241.3 416 251.1 416 256C416 260.9 414.6 270.7 406.6 278.6z\"><\/path><\/svg><\/span><span class=\"uagb-icon-list__label\">Klarheit in den Anforderungen: Das Schreiben von Tests hilft, Gesch\u00e4ftsziele und technische Erwartungen zu konkretisieren<\/span><\/div>\n\n\n\n<div class=\"wp-block-uagb-icon-list-child uagb-block-bc4be112\"><span class=\"uagb-icon-list__source-wrap\"><svg xmlns=\"https:\/\/www.w3.org\/2000\/svg\" viewbox=\"0 0 512 512\"><path d=\"M256 0C114.6 0 0 114.6 0 256c0 141.4 114.6 256 256 256s256-114.6 256-256C512 114.6 397.4 0 256 0zM406.6 278.6l-103.1 103.1c-12.5 12.5-32.75 12.5-45.25 0s-12.5-32.75 0-45.25L306.8 288H128C110.3 288 96 273.7 96 256s14.31-32 32-32h178.8l-49.38-49.38c-12.5-12.5-12.5-32.75 0-45.25s32.75-12.5 45.25 0l103.1 103.1C414.6 241.3 416 251.1 416 256C416 260.9 414.6 270.7 406.6 278.6z\"><\/path><\/svg><\/span><span class=\"uagb-icon-list__label\">Gewissheit bei \u00c4nderungen: Entwickler k\u00f6nnen Code bedenkenlos aktualisieren oder refaktorisieren, ohne bestehende Funktionen zu gef\u00e4hrden<\/span><\/div>\n<\/div><\/div>\n\n\n\n<p>Die Einf\u00fchrung von TDD ist mehr als eine technische Entscheidung \u2013 sie ist eine Strategische, um Gesch\u00e4ftsziele und Softwareentwicklung optimal aufeinander abzustimmen.<\/p>\n\n<\/div><\/div>\n\n<div class=\"gb-grid-column gb-grid-column-f2429c9a\"><div class=\"gb-container gb-container-f2429c9a\">\n\n<h2 class=\"gb-headline gb-headline-12beef61 gb-headline-text\">Mein Angebot f\u00fcr TDD<\/h2>\n\n\n\n<h3 class=\"gb-headline gb-headline-c737abee gb-headline-text\">TDD-Implementierung<\/h3>\n\n\n\n<p>Ich integriere TDD nahtlos in Ihren Entwicklungsprozess, sei es f\u00fcr neue Projekte oder bestehende Systeme. Dazu geh\u00f6rt die Einrichtung von Test-Frameworks und die Anpassung von Workflows an die Bed\u00fcrfnisse Ihres Teams.<\/p>\n\n\n\n<h3 class=\"gb-headline gb-headline-ecaf9b92 gb-headline-text\">Entwicklung von Testf\u00e4llen<\/h3>\n\n\n\n<p>Von Unit-Tests bis zu Integrationstests erstelle ich umfassende Testf\u00e4lle, die alle Aspekte Ihrer Anwendung abdecken. Diese Tests bilden ein Sicherheitsnetz, das sicherstellt, dass Ihre Software wie erwartet funktioniert.<\/p>\n\n\n\n<h3 class=\"gb-headline gb-headline-004499d2 gb-headline-text\">Automatisierung und CI\/CD<\/h3>\n\n\n\n<p>Ich unterst\u00fctze Sie bei der Automatisierung Ihrer Tests und der Integration in CI\/CD-Pipelines. Automatisierte Tests liefern schnelle R\u00fcckmeldungen und optimieren den Deployment-Prozess.<\/p>\n\n\n\n<h3 class=\"gb-headline gb-headline-8e92d962 gb-headline-text\">Schulung und Coaching<\/h3>\n\n\n\n<p>Ich biete ma\u00dfgeschneiderte Schulungen f\u00fcr Teams an, die neu in TDD sind. Von der Erstellung erster Testf\u00e4lle bis hin zum Umgang mit komplexen Szenarien begleite ich Ihre Entwickler Schritt f\u00fcr Schritt.<\/p>\n\n<\/div><\/div>\n\n<div class=\"gb-grid-column gb-grid-column-985c0c6a\"><div class=\"gb-container gb-container-985c0c6a\">\n\n<h2 class=\"gb-headline gb-headline-cac87bb9 gb-headline-text\">Warum mit mir zusammenarbeiten?<\/h2>\n\n\n\n<div class=\"wp-block-uagb-icon-list uagb-block-6bf3aaec\"><div class=\"uagb-icon-list__wrap\">\n<div class=\"wp-block-uagb-icon-list-child uagb-block-447416d0\"><span class=\"uagb-icon-list__source-wrap\"><svg xmlns=\"https:\/\/www.w3.org\/2000\/svg\" viewbox=\"0 0 320 512\"><path d=\"M96 480c-8.188 0-16.38-3.125-22.62-9.375c-12.5-12.5-12.5-32.75 0-45.25L242.8 256L73.38 86.63c-12.5-12.5-12.5-32.75 0-45.25s32.75-12.5 45.25 0l192 192c12.5 12.5 12.5 32.75 0 45.25l-192 192C112.4 476.9 104.2 480 96 480z\"><\/path><\/svg><\/span><span class=\"uagb-icon-list__label\">Bew\u00e4hrte Expertise: Umfassende Erfahrung in der Anwendung von TDD auf reale Projekte, auch in der Energiebranche<\/span><\/div>\n\n\n\n<div class=\"wp-block-uagb-icon-list-child uagb-block-dfbd1d5c\"><span class=\"uagb-icon-list__source-wrap\"><svg xmlns=\"https:\/\/www.w3.org\/2000\/svg\" viewbox=\"0 0 320 512\"><path d=\"M96 480c-8.188 0-16.38-3.125-22.62-9.375c-12.5-12.5-12.5-32.75 0-45.25L242.8 256L73.38 86.63c-12.5-12.5-12.5-32.75 0-45.25s32.75-12.5 45.25 0l192 192c12.5 12.5 12.5 32.75 0 45.25l-192 192C112.4 476.9 104.2 480 96 480z\"><\/path><\/svg><\/span><span class=\"uagb-icon-list__label\">Effiziente Probleml\u00f6sung: Mein TDD-Ansatz minimiert Debugging-Aufwand und gew\u00e4hrleistet h\u00f6chste Qualit\u00e4t<\/span><\/div>\n\n\n\n<div class=\"wp-block-uagb-icon-list-child uagb-block-9fe07472\"><span class=\"uagb-icon-list__source-wrap\"><svg xmlns=\"https:\/\/www.w3.org\/2000\/svg\" viewbox=\"0 0 320 512\"><path d=\"M96 480c-8.188 0-16.38-3.125-22.62-9.375c-12.5-12.5-12.5-32.75 0-45.25L242.8 256L73.38 86.63c-12.5-12.5-12.5-32.75 0-45.25s32.75-12.5 45.25 0l192 192c12.5 12.5 12.5 32.75 0 45.25l-192 192C112.4 476.9 104.2 480 96 480z\"><\/path><\/svg><\/span><span class=\"uagb-icon-list__label\">Technisches Know-how: Fundiertes Wissen in Test-Frameworks wie xUnit und Mocking-Tools<\/span><\/div>\n\n\n\n<div class=\"wp-block-uagb-icon-list-child uagb-block-738fe9af\"><span class=\"uagb-icon-list__source-wrap\"><svg xmlns=\"https:\/\/www.w3.org\/2000\/svg\" viewbox=\"0 0 320 512\"><path d=\"M96 480c-8.188 0-16.38-3.125-22.62-9.375c-12.5-12.5-12.5-32.75 0-45.25L242.8 256L73.38 86.63c-12.5-12.5-12.5-32.75 0-45.25s32.75-12.5 45.25 0l192 192c12.5 12.5 12.5 32.75 0 45.25l-192 192C112.4 476.9 104.2 480 96 480z\"><\/path><\/svg><\/span><span class=\"uagb-icon-list__label\">Individuelle L\u00f6sungen: Anpassung von TDD-Workflows an Ihre spezifischen Gesch\u00e4ftsanforderungen<\/span><\/div>\n\n\n\n<div class=\"wp-block-uagb-icon-list-child uagb-block-3f6ec734\"><span class=\"uagb-icon-list__source-wrap\"><svg xmlns=\"https:\/\/www.w3.org\/2000\/svg\" viewbox=\"0 0 320 512\"><path d=\"M96 480c-8.188 0-16.38-3.125-22.62-9.375c-12.5-12.5-12.5-32.75 0-45.25L242.8 256L73.38 86.63c-12.5-12.5-12.5-32.75 0-45.25s32.75-12.5 45.25 0l192 192c12.5 12.5 12.5 32.75 0 45.25l-192 192C112.4 476.9 104.2 480 96 480z\"><\/path><\/svg><\/span><span class=\"uagb-icon-list__label\">Mehrsprachigkeit: Flie\u00dfend in Deutsch, Englisch und Franz\u00f6sisch \u2013 ideale Voraussetzungen f\u00fcr internationale Projekte<\/span><\/div>\n<\/div><\/div>\n\n<\/div><\/div>\n\n<div class=\"gb-grid-column gb-grid-column-326f3df3\"><div class=\"gb-container gb-container-326f3df3\">\n\n<h2 class=\"gb-headline gb-headline-b48a0a01 gb-headline-text\">Gemeinsam bessere Software entwickeln<\/h2>\n\n\n\n<p>Test-Driven Development ist mehr als eine Methodik \u2013 es ist eine Denkweise, die Qualit\u00e4t und Effizienz in den Mittelpunkt stellt. Mit meiner Unterst\u00fctzung k\u00f6nnen Sie TDD erfolgreich einf\u00fchren und zuverl\u00e4ssige, skalierbare Software entwickeln, die Ihre Gesch\u00e4ftsziele erf\u00fcllt.<\/p>\n\n\n\n<p><a href=\"https:\/\/niwadev.com\/de\/kontakt\/\" title=\"Kontakt\">Kontaktieren Sie mich jetzt,<\/a>&nbsp;um zu erfahren, wie TDD Ihre Entwicklungsprozesse transformieren kann.<\/p>\n\n<\/div><\/div>\n\n<div class=\"gb-grid-column gb-grid-column-99e332ff\"><div class=\"gb-container gb-container-99e332ff\">\n<div class=\"gb-container gb-container-a87c38ec\">\n<div class=\"gb-grid-wrapper gb-grid-wrapper-1fe89122\">\n<div class=\"gb-grid-column gb-grid-column-a2f46e95\"><div class=\"gb-container gb-container-a2f46e95\">\n\n<figure class=\"gb-block-image gb-block-image-0102672b\"><img decoding=\"async\" width=\"720\" height=\"1080\" class=\"gb-image gb-image-0102672b\" src=\"https:\/\/niwadev.com\/wp-content\/uploads\/2024\/07\/niwadev_Nicolas_Wazulek_10.webp\" alt=\"Nicolas Wazulek working outside on a big blue bench smiling into the camera.\" title=\"Nicolas Wazulek working outside\" srcset=\"https:\/\/niwadev.com\/wp-content\/uploads\/2024\/07\/niwadev_Nicolas_Wazulek_10.webp 720w, https:\/\/niwadev.com\/wp-content\/uploads\/2024\/07\/niwadev_Nicolas_Wazulek_10-200x300.webp 200w, https:\/\/niwadev.com\/wp-content\/uploads\/2024\/07\/niwadev_Nicolas_Wazulek_10-683x1024.webp 683w, https:\/\/niwadev.com\/wp-content\/uploads\/2024\/07\/niwadev_Nicolas_Wazulek_10-8x12.webp 8w\" sizes=\"(max-width: 720px) 100vw, 720px\" \/><\/figure>\n\n<\/div><\/div>\n\n<div class=\"gb-grid-column gb-grid-column-10a47a13\"><div class=\"gb-container gb-container-10a47a13\">\n\n<div class=\"gb-headline gb-headline-a7e6ff89 gb-headline-text\">Nicolas Wazulek<\/div>\n\n\n\n<div class=\"wp-block-uagb-icon-list uagb-block-a3b81926\"><div class=\"uagb-icon-list__wrap\">\n<div class=\"wp-block-uagb-icon-list-child uagb-block-a26f002a\"><span class=\"uagb-icon-list__source-wrap\"><svg xmlns=\"https:\/\/www.w3.org\/2000\/svg\" viewbox=\"0 0 512 512\"><path d=\"M511.2 387l-23.25 100.8c-3.266 14.25-15.79 24.22-30.46 24.22C205.2 512 0 306.8 0 54.5c0-14.66 9.969-27.2 24.22-30.45l100.8-23.25C139.7-2.602 154.7 5.018 160.8 18.92l46.52 108.5c5.438 12.78 1.77 27.67-8.98 36.45L144.5 207.1c33.98 69.22 90.26 125.5 159.5 159.5l44.08-53.8c8.688-10.78 23.69-14.51 36.47-8.975l108.5 46.51C506.1 357.2 514.6 372.4 511.2 387z\"><\/path><\/svg><\/span><span class=\"uagb-icon-list__label\">+49 151 17638458<\/span><\/div>\n\n\n\n<div class=\"wp-block-uagb-icon-list-child uagb-block-b636427e\"><span class=\"uagb-icon-list__source-wrap\"><svg xmlns=\"https:\/\/www.w3.org\/2000\/svg\" viewbox=\"0 0 512 512\"><path d=\"M207.8 20.73c-93.45 18.32-168.7 93.66-187 187.1c-27.64 140.9 68.65 266.2 199.1 285.1c19.01 2.888 36.17-12.26 36.17-31.49l.0001-.6631c0-15.74-11.44-28.88-26.84-31.24c-84.35-12.98-149.2-86.13-149.2-174.2c0-102.9 88.61-185.5 193.4-175.4c91.54 8.869 158.6 91.25 158.6 183.2l0 16.16c0 22.09-17.94 40.05-40 40.05s-40.01-17.96-40.01-40.05v-120.1c0-8.847-7.161-16.02-16.01-16.02l-31.98 .0036c-7.299 0-13.2 4.992-15.12 11.68c-24.85-12.15-54.24-16.38-86.06-5.106c-38.75 13.73-68.12 48.91-73.72 89.64c-9.483 69.01 43.81 128 110.9 128c26.44 0 50.43-9.544 69.59-24.88c24 31.3 65.23 48.69 109.4 37.49C465.2 369.3 496 324.1 495.1 277.2V256.3C495.1 107.1 361.2-9.332 207.8 20.73zM239.1 304.3c-26.47 0-48-21.56-48-48.05s21.53-48.05 48-48.05s48 21.56 48 48.05S266.5 304.3 239.1 304.3z\"><\/path><\/svg><\/span><span class=\"uagb-icon-list__label\">nicolas.wazulek@niwadev.com<\/span><\/div>\n\n\n\n<div class=\"wp-block-uagb-icon-list-child uagb-block-41844436\"><a target=\"_blank\" aria-label=\"linkedin.com\/in\/nicolas-wazulek\" rel=\"noopener noreferrer\" href=\"https:\/\/www.linkedin.com\/in\/nicolas-wazulek\/?locale=de_DE\"> <\/a><span class=\"uagb-icon-list__source-wrap\"><svg xmlns=\"https:\/\/www.w3.org\/2000\/svg\" viewbox=\"0 0 448 512\"><path d=\"M100.3 448H7.4V148.9h92.88zM53.79 108.1C24.09 108.1 0 83.5 0 53.8a53.79 53.79 0 0 1 107.6 0c0 29.7-24.1 54.3-53.79 54.3zM447.9 448h-92.68V302.4c0-34.7-.7-79.2-48.29-79.2-48.29 0-55.69 37.7-55.69 76.7V448h-92.78V148.9h89.08v40.8h1.3c12.4-23.5 42.69-48.3 87.88-48.3 94 0 111.3 61.9 111.3 142.3V448z\"><\/path><\/svg><\/span><span class=\"uagb-icon-list__label\">linkedin.com\/in\/nicolas-wazulek<\/span><\/div>\n<\/div><\/div>\n\n\n\n<div class=\"wp-block-buttons is-layout-flex wp-block-buttons-is-layout-flex\">\n<div class=\"wp-block-button\"><a class=\"wp-block-button__link wp-element-button\" href=\"https:\/\/niwadev.com\/de\/kontakt\/\">Schreiben Sie mir<\/a><\/div>\n<\/div>\n\n<\/div><\/div>\n<\/div>\n<\/div>\n<\/div><\/div>\n<\/div>","protected":false},"excerpt":{"rendered":"","protected":false},"author":1,"featured_media":0,"parent":113,"menu_order":26,"comment_status":"closed","ping_status":"closed","template":"","meta":{"_uag_custom_page_level_css":"","footnotes":""},"class_list":["post-127","page","type-page","status-publish"],"aioseo_notices":[],"uagb_featured_image_src":{"full":false,"thumbnail":false,"medium":false,"medium_large":false,"large":false,"1536x1536":false,"2048x2048":false,"trp-custom-language-flag":false},"uagb_author_info":{"display_name":"niwadev.com","author_link":"https:\/\/niwadev.com\/de\/blog\/author\/niwadev-com\/"},"uagb_comment_info":0,"uagb_excerpt":null,"_links":{"self":[{"href":"https:\/\/niwadev.com\/de\/wp-json\/wp\/v2\/pages\/127","targetHints":{"allow":["GET"]}}],"collection":[{"href":"https:\/\/niwadev.com\/de\/wp-json\/wp\/v2\/pages"}],"about":[{"href":"https:\/\/niwadev.com\/de\/wp-json\/wp\/v2\/types\/page"}],"author":[{"embeddable":true,"href":"https:\/\/niwadev.com\/de\/wp-json\/wp\/v2\/users\/1"}],"replies":[{"embeddable":true,"href":"https:\/\/niwadev.com\/de\/wp-json\/wp\/v2\/comments?post=127"}],"version-history":[{"count":6,"href":"https:\/\/niwadev.com\/de\/wp-json\/wp\/v2\/pages\/127\/revisions"}],"predecessor-version":[{"id":941,"href":"https:\/\/niwadev.com\/de\/wp-json\/wp\/v2\/pages\/127\/revisions\/941"}],"up":[{"embeddable":true,"href":"https:\/\/niwadev.com\/de\/wp-json\/wp\/v2\/pages\/113"}],"wp:attachment":[{"href":"https:\/\/niwadev.com\/de\/wp-json\/wp\/v2\/media?parent=127"}],"curies":[{"name":"wp","href":"https:\/\/api.w.org\/{rel}","templated":true}]}}