{"id":129,"date":"2023-09-10T21:39:07","date_gmt":"2023-09-10T19:39:07","guid":{"rendered":"https:\/\/niwadev.com\/?page_id=129"},"modified":"2025-06-06T19:20:47","modified_gmt":"2025-06-06T17:20:47","slug":"verteilte-architekturen","status":"publish","type":"page","link":"https:\/\/niwadev.com\/de\/services\/distributed-architectures\/","title":{"rendered":"Verteilte Architekturen f\u00fcr Energieversorger"},"content":{"rendered":"<div class=\"gb-container gb-container-b29add22\">\n\n<figure class=\"wp-block-image size-full\"><img decoding=\"async\" width=\"1200\" height=\"400\" src=\"https:\/\/niwadev.com\/wp-content\/uploads\/2023\/09\/distributed-software-architecture.webp\" alt=\"Foto eines beladenen Containerschiffs auf einem Fluss, das die Idee verteilter Softwarearchitekturen illustriert.\" class=\"wp-image-196\" style=\"object-fit:cover\" srcset=\"https:\/\/niwadev.com\/wp-content\/uploads\/2023\/09\/distributed-software-architecture.webp 1200w, https:\/\/niwadev.com\/wp-content\/uploads\/2023\/09\/distributed-software-architecture-300x100.webp 300w, https:\/\/niwadev.com\/wp-content\/uploads\/2023\/09\/distributed-software-architecture-1024x341.webp 1024w, https:\/\/niwadev.com\/wp-content\/uploads\/2023\/09\/distributed-software-architecture-768x256.webp 768w, https:\/\/niwadev.com\/wp-content\/uploads\/2023\/09\/distributed-software-architecture-18x6.webp 18w\" sizes=\"(max-width: 1200px) 100vw, 1200px\" \/><\/figure>\n\n<\/div>\n\n<div class=\"gb-grid-wrapper gb-grid-wrapper-31e2df5c\">\n<div class=\"gb-grid-column gb-grid-column-2686d94e\"><div class=\"gb-container gb-container-2686d94e\">\n\n<h2 class=\"gb-headline gb-headline-f642772a gb-headline-text\">Leistungsstarke Software f\u00fcr die Herausforderungen von Energieversorgern<\/h2>\n\n\n\n<p>Energieversorger ben\u00f6tigen effiziente Systeme, um wachsenden Anforderungen gerecht zu werden. Plattformen f\u00fcr Kundenservice und Vertrieb m\u00fcssen hohe Arbeitslasten bew\u00e4ltigen, eine konstante Leistung bieten und sich an Ver\u00e4nderungen anpassen. Traditionelle Systeme sto\u00dfen oft an ihre Grenzen. Sie verursachen Engp\u00e4sse und begrenzen das Wachstum.<\/p>\n\n\n\n<p>Verteilte Architekturen l\u00f6sen diese Herausforderungen. Mit modularen Systemen k\u00f6nnen Sie schneller skalieren, neue Funktionen z\u00fcgiger einf\u00fchren und die Zuverl\u00e4ssigkeit steigern. Diese L\u00f6sungen sind perfekt f\u00fcr Energieversorger. Sie verbessern die Kundenzufriedenheit und optimieren Vertriebsprozesse.<\/p>\n\n\n\n<p>Als erfahrener Backend-Entwickler spezialisiere ich mich auf die Erstellung verteilter Systeme. Meine L\u00f6sungen sind auf die Anforderungen der Energiebranche zugeschnitten. Sie sind zuverl\u00e4ssig, skalierbar und exakt auf Ihre Ziele ausgerichtet.<\/p>\n\n<\/div><\/div>\n\n<div class=\"gb-grid-column gb-grid-column-5fc7ca03\"><div class=\"gb-container gb-container-5fc7ca03\">\n\n<h2 class=\"gb-headline gb-headline-88bd570c gb-headline-text\">Ihre Vorteile<\/h2>\n\n\n\n<div class=\"wp-block-uagb-icon-list uagb-block-87f6e183\"><div class=\"uagb-icon-list__wrap\">\n<div class=\"wp-block-uagb-icon-list-child uagb-block-8a1949a9\"><span class=\"uagb-icon-list__source-wrap\"><svg xmlns=\"https:\/\/www.w3.org\/2000\/svg\" viewbox=\"0 0 448 512\"><path d=\"M438.6 105.4C451.1 117.9 451.1 138.1 438.6 150.6L182.6 406.6C170.1 419.1 149.9 419.1 137.4 406.6L9.372 278.6C-3.124 266.1-3.124 245.9 9.372 233.4C21.87 220.9 42.13 220.9 54.63 233.4L159.1 338.7L393.4 105.4C405.9 92.88 426.1 92.88 438.6 105.4H438.6z\"><\/path><\/svg><\/span><span class=\"uagb-icon-list__label\">Verbesserter Kundenservice: Schnellere und zuverl\u00e4ssigere Plattformen steigern die Zufriedenheit<\/span><\/div>\n\n\n\n<div class=\"wp-block-uagb-icon-list-child uagb-block-fda5974a\"><span class=\"uagb-icon-list__source-wrap\"><svg xmlns=\"https:\/\/www.w3.org\/2000\/svg\" viewbox=\"0 0 448 512\"><path d=\"M438.6 105.4C451.1 117.9 451.1 138.1 438.6 150.6L182.6 406.6C170.1 419.1 149.9 419.1 137.4 406.6L9.372 278.6C-3.124 266.1-3.124 245.9 9.372 233.4C21.87 220.9 42.13 220.9 54.63 233.4L159.1 338.7L393.4 105.4C405.9 92.88 426.1 92.88 438.6 105.4H438.6z\"><\/path><\/svg><\/span><span class=\"uagb-icon-list__label\">Optimierter Vertrieb: Moderne Tools erleichtern die Verwaltung von Leads und Abschl\u00fcssen<\/span><\/div>\n\n\n\n<div class=\"wp-block-uagb-icon-list-child uagb-block-b08ac022\"><span class=\"uagb-icon-list__source-wrap\"><svg xmlns=\"https:\/\/www.w3.org\/2000\/svg\" viewbox=\"0 0 448 512\"><path d=\"M438.6 105.4C451.1 117.9 451.1 138.1 438.6 150.6L182.6 406.6C170.1 419.1 149.9 419.1 137.4 406.6L9.372 278.6C-3.124 266.1-3.124 245.9 9.372 233.4C21.87 220.9 42.13 220.9 54.63 233.4L159.1 338.7L393.4 105.4C405.9 92.88 426.1 92.88 438.6 105.4H438.6z\"><\/path><\/svg><\/span><span class=\"uagb-icon-list__label\">Kosteneinsparungen: Skalierbare Systeme sparen Geld, indem sie nur ben\u00f6tigte Ressourcen nutzen<\/span><\/div>\n\n\n\n<div class=\"wp-block-uagb-icon-list-child uagb-block-0f8a12b6\"><span class=\"uagb-icon-list__source-wrap\"><svg xmlns=\"https:\/\/www.w3.org\/2000\/svg\" viewbox=\"0 0 448 512\"><path d=\"M438.6 105.4C451.1 117.9 451.1 138.1 438.6 150.6L182.6 406.6C170.1 419.1 149.9 419.1 137.4 406.6L9.372 278.6C-3.124 266.1-3.124 245.9 9.372 233.4C21.87 220.9 42.13 220.9 54.63 233.4L159.1 338.7L393.4 105.4C405.9 92.88 426.1 92.88 438.6 105.4H438.6z\"><\/path><\/svg><\/span><span class=\"uagb-icon-list__label\">Zukunftssichere Systeme: Flexible Designs wachsen mit Ihrem Unternehmen<\/span><\/div>\n<\/div><\/div>\n\n<\/div><\/div>\n\n<div class=\"gb-grid-column gb-grid-column-54bcd19f\"><div class=\"gb-container gb-container-54bcd19f\">\n\n<h2 class=\"gb-headline gb-headline-4458e10d gb-headline-text\">Mein Angebot<\/h2>\n\n\n\n<h3 class=\"gb-headline gb-headline-c2318d8f gb-headline-text\">Microservice-Design<\/h3>\n\n\n\n<p>Ich entwickle <a href=\"https:\/\/learn.microsoft.com\/en-us\/azure\/architecture\/guide\/architecture-styles\/microservices\" target=\"_blank\" rel=\"noopener\" title=\"Microservice-Architekturen\">Microservice-Architekturen<\/a> f\u00fcr Ihre Plattformen im Kundenservice und Vertrieb. Jede Service-Komponente ist unabh\u00e4ngig und leistungsstark. Das erm\u00f6glicht schnellere Updates und minimale Ausfallzeiten.<\/p>\n\n\n\n<h3 class=\"gb-headline gb-headline-37fdd21e gb-headline-text\">Integration<\/h3>\n\n\n\n<p>Ich verbinde Ihre Tools und Plattformen mit <a href=\"https:\/\/www.ibm.com\/think\/topics\/esb\" target=\"_blank\" rel=\"noopener\" title=\"Enterprise Service Bus (ESB)\">Enterprise Service Bus (ESB)<\/a> L\u00f6sungen. Diese gew\u00e4hrleisten reibungslose Datenfl\u00fcsse zwischen Kundendatenbanken, Vertriebstools und anderen Systemen.<\/p>\n\n\n\n<h3 class=\"gb-headline gb-headline-cdb37ddd gb-headline-text\">Datensicherheit<\/h3>\n\n\n\n<p>Ich sch\u00fctze Ihre Systeme mit fortschrittlichen Sicherheitsprotokollen. Sensible Kunden- und Vertriebsdaten bleiben sicher, und meine Designs entsprechen den Branchenstandards.<\/p>\n\n\n\n<h3 class=\"gb-headline gb-headline-fcccf2db gb-headline-text\">System-Monitoring<\/h3>\n\n\n\n<p>Ich implementiere Tools, die die Leistung Ihrer Systeme \u00fcberwachen. Diese Werkzeuge helfen, Probleme zu identifizieren und zu beheben, bevor sie Kunden beeintr\u00e4chtigen.<\/p>\n\n<\/div><\/div>\n\n<div class=\"gb-grid-column gb-grid-column-96d3a8ac\"><div class=\"gb-container gb-container-96d3a8ac\">\n\n<h2 class=\"gb-headline gb-headline-ff840d24 gb-headline-text\">Mein Tech-Stack<\/h2>\n\n\n\n<div class=\"wp-block-uagb-icon-list uagb-block-5bc448b0\"><div class=\"uagb-icon-list__wrap\">\n<div class=\"wp-block-uagb-icon-list-child uagb-block-bb4b7841\"><span class=\"uagb-icon-list__source-wrap\"><svg xmlns=\"https:\/\/www.w3.org\/2000\/svg\" viewbox=\"0 0 448 512\"><path d=\"M0 32h214.6v214.6H0V32zm233.4 0H448v214.6H233.4V32zM0 265.4h214.6V480H0V265.4zm233.4 0H448V480H233.4V265.4z\"><\/path><\/svg><\/span><span class=\"uagb-icon-list__label\">.NET und ASP.NET WebAPI: F\u00fcr robuste und zuverl\u00e4ssige Backend-Services<\/span><\/div>\n\n\n\n<div class=\"wp-block-uagb-icon-list-child uagb-block-1e003579\"><span class=\"uagb-icon-list__source-wrap\"><svg xmlns=\"https:\/\/www.w3.org\/2000\/svg\" viewbox=\"0 0 512 512\"><path d=\"M511.1 63.1v287.1c0 35.25-28.75 63.1-64 63.1h-144l-124.9 93.68c-7.875 5.75-19.12 .0497-19.12-9.7v-83.98h-96c-35.25 0-64-28.75-64-63.1V63.1c0-35.25 28.75-63.1 64-63.1h384C483.2 0 511.1 28.75 511.1 63.1z\"><\/path><\/svg><\/span><span class=\"uagb-icon-list__label\">NServiceBus: Zur Verwaltung von Workflows und Nachrichten<\/span><\/div>\n\n\n\n<div class=\"wp-block-uagb-icon-list-child uagb-block-a3ebcd3f\"><span class=\"uagb-icon-list__source-wrap\"><svg xmlns=\"https:\/\/www.w3.org\/2000\/svg\" viewbox=\"0 0 512 512\"><path d=\"M495.9 166.6C499.2 175.2 496.4 184.9 489.6 191.2L446.3 230.6C447.4 238.9 448 247.4 448 256C448 264.6 447.4 273.1 446.3 281.4L489.6 320.8C496.4 327.1 499.2 336.8 495.9 345.4C491.5 357.3 486.2 368.8 480.2 379.7L475.5 387.8C468.9 398.8 461.5 409.2 453.4 419.1C447.4 426.2 437.7 428.7 428.9 425.9L373.2 408.1C359.8 418.4 344.1 427 329.2 433.6L316.7 490.7C314.7 499.7 307.7 506.1 298.5 508.5C284.7 510.8 270.5 512 255.1 512C241.5 512 227.3 510.8 213.5 508.5C204.3 506.1 197.3 499.7 195.3 490.7L182.8 433.6C167 427 152.2 418.4 138.8 408.1L83.14 425.9C74.3 428.7 64.55 426.2 58.63 419.1C50.52 409.2 43.12 398.8 36.52 387.8L31.84 379.7C25.77 368.8 20.49 357.3 16.06 345.4C12.82 336.8 15.55 327.1 22.41 320.8L65.67 281.4C64.57 273.1 64 264.6 64 256C64 247.4 64.57 238.9 65.67 230.6L22.41 191.2C15.55 184.9 12.82 175.3 16.06 166.6C20.49 154.7 25.78 143.2 31.84 132.3L36.51 124.2C43.12 113.2 50.52 102.8 58.63 92.95C64.55 85.8 74.3 83.32 83.14 86.14L138.8 103.9C152.2 93.56 167 84.96 182.8 78.43L195.3 21.33C197.3 12.25 204.3 5.04 213.5 3.51C227.3 1.201 241.5 0 256 0C270.5 0 284.7 1.201 298.5 3.51C307.7 5.04 314.7 12.25 316.7 21.33L329.2 78.43C344.1 84.96 359.8 93.56 373.2 103.9L428.9 86.14C437.7 83.32 447.4 85.8 453.4 92.95C461.5 102.8 468.9 113.2 475.5 124.2L480.2 132.3C486.2 143.2 491.5 154.7 495.9 166.6V166.6zM256 336C300.2 336 336 300.2 336 255.1C336 211.8 300.2 175.1 256 175.1C211.8 175.1 176 211.8 176 255.1C176 300.2 211.8 336 256 336z\"><\/path><\/svg><\/span><span class=\"uagb-icon-list__label\">gRPC: F\u00fcr schnelle Kommunikation zwischen Diensten<\/span><\/div>\n\n\n\n<div class=\"wp-block-uagb-icon-list-child uagb-block-667a40ea\"><span class=\"uagb-icon-list__source-wrap\"><svg xmlns=\"https:\/\/www.w3.org\/2000\/svg\" viewbox=\"0 0 448 512\"><path d=\"M448 80V128C448 172.2 347.7 208 224 208C100.3 208 0 172.2 0 128V80C0 35.82 100.3 0 224 0C347.7 0 448 35.82 448 80zM393.2 214.7C413.1 207.3 433.1 197.8 448 186.1V288C448 332.2 347.7 368 224 368C100.3 368 0 332.2 0 288V186.1C14.93 197.8 34.02 207.3 54.85 214.7C99.66 230.7 159.5 240 224 240C288.5 240 348.3 230.7 393.2 214.7V214.7zM54.85 374.7C99.66 390.7 159.5 400 224 400C288.5 400 348.3 390.7 393.2 374.7C413.1 367.3 433.1 357.8 448 346.1V432C448 476.2 347.7 512 224 512C100.3 512 0 476.2 0 432V346.1C14.93 357.8 34.02 367.3 54.85 374.7z\"><\/path><\/svg><\/span><span class=\"uagb-icon-list__label\">Redis: Um den Datenzugriff zu beschleunigen<\/span><\/div>\n\n\n\n<div class=\"wp-block-uagb-icon-list-child uagb-block-9c26c827\"><span class=\"uagb-icon-list__source-wrap\"><svg xmlns=\"https:\/\/www.w3.org\/2000\/svg\" viewbox=\"0 0 640 512\"><path d=\"M96.2 200.1C96.07 197.4 96 194.7 96 192C96 103.6 167.6 32 256 32C315.3 32 367 64.25 394.7 112.2C409.9 101.1 428.3 96 448 96C501 96 544 138.1 544 192C544 204.2 541.7 215.8 537.6 226.6C596 238.4 640 290.1 640 352C640 422.7 582.7 480 512 480H144C64.47 480 0 415.5 0 336C0 273.2 40.17 219.8 96.2 200.1z\"><\/path><\/svg><\/span><span class=\"uagb-icon-list__label\">Azure Cloud: F\u00fcr dynamisches Hosting von Anwendungen<\/span><\/div>\n<\/div><\/div>\n\n\n\n<p>und viele mehr!<\/p>\n\n<\/div><\/div>\n\n<div class=\"gb-grid-column gb-grid-column-43037b70\"><div class=\"gb-container gb-container-43037b70\">\n\n<h2 class=\"gb-headline gb-headline-8c30100a gb-headline-text\">Warum mit mir zusammenarbeiten?<\/h2>\n\n\n\n<div class=\"wp-block-uagb-icon-list uagb-block-4828bc1f\"><div class=\"uagb-icon-list__wrap\">\n<div class=\"wp-block-uagb-icon-list-child uagb-block-a249f319\"><span class=\"uagb-icon-list__source-wrap\"><svg xmlns=\"https:\/\/www.w3.org\/2000\/svg\" viewbox=\"0 0 512 512\"><path d=\"M256 0C114.6 0 0 114.6 0 256c0 141.4 114.6 256 256 256s256-114.6 256-256C512 114.6 397.4 0 256 0zM358.6 278.6l-112 112c-12.5 12.5-32.75 12.5-45.25 0s-12.5-32.75 0-45.25L290.8 256L201.4 166.6c-12.5-12.5-12.5-32.75 0-45.25s32.75-12.5 45.25 0l112 112C364.9 239.6 368 247.8 368 256S364.9 272.4 358.6 278.6z\"><\/path><\/svg><\/span><span class=\"uagb-icon-list__label\">Erfahrung in der Energiebranche: Jahrelange Zusammenarbeit mit namenhaften Energieversorgern<\/span><\/div>\n\n\n\n<div class=\"wp-block-uagb-icon-list-child uagb-block-8e8b2a33\"><span class=\"uagb-icon-list__source-wrap\"><svg xmlns=\"https:\/\/www.w3.org\/2000\/svg\" viewbox=\"0 0 512 512\"><path d=\"M256 0C114.6 0 0 114.6 0 256c0 141.4 114.6 256 256 256s256-114.6 256-256C512 114.6 397.4 0 256 0zM358.6 278.6l-112 112c-12.5 12.5-32.75 12.5-45.25 0s-12.5-32.75 0-45.25L290.8 256L201.4 166.6c-12.5-12.5-12.5-32.75 0-45.25s32.75-12.5 45.25 0l112 112C364.9 239.6 368 247.8 368 256S364.9 272.4 358.6 278.6z\"><\/path><\/svg><\/span><span class=\"uagb-icon-list__label\">Fokus auf Kundenservice und Vertrieb: Systeme, die auf die Anforderungen Ihres Gesch\u00e4fts zugeschnitten sind<\/span><\/div>\n\n\n\n<div class=\"wp-block-uagb-icon-list-child uagb-block-09e0f13b\"><span class=\"uagb-icon-list__source-wrap\"><svg xmlns=\"https:\/\/www.w3.org\/2000\/svg\" viewbox=\"0 0 512 512\"><path d=\"M256 0C114.6 0 0 114.6 0 256c0 141.4 114.6 256 256 256s256-114.6 256-256C512 114.6 397.4 0 256 0zM358.6 278.6l-112 112c-12.5 12.5-32.75 12.5-45.25 0s-12.5-32.75 0-45.25L290.8 256L201.4 166.6c-12.5-12.5-12.5-32.75 0-45.25s32.75-12.5 45.25 0l112 112C364.9 239.6 368 247.8 368 256S364.9 272.4 358.6 278.6z\"><\/path><\/svg><\/span><span class=\"uagb-icon-list__label\">Umfassende Unterst\u00fctzung: Begleitung in jeder Projektphase, von der Planung bis zur Umsetzung<\/span><\/div>\n\n\n\n<div class=\"wp-block-uagb-icon-list-child uagb-block-86571e2d\"><span class=\"uagb-icon-list__source-wrap\"><svg xmlns=\"https:\/\/www.w3.org\/2000\/svg\" viewbox=\"0 0 512 512\"><path d=\"M256 0C114.6 0 0 114.6 0 256c0 141.4 114.6 256 256 256s256-114.6 256-256C512 114.6 397.4 0 256 0zM358.6 278.6l-112 112c-12.5 12.5-32.75 12.5-45.25 0s-12.5-32.75 0-45.25L290.8 256L201.4 166.6c-12.5-12.5-12.5-32.75 0-45.25s32.75-12.5 45.25 0l112 112C364.9 239.6 368 247.8 368 256S364.9 272.4 358.6 278.6z\"><\/path><\/svg><\/span><span class=\"uagb-icon-list__label\">Schneller Start: Minimaler Aufwand, weniger Formalit\u00e4ten, maximale Ergebnisse<\/span><\/div>\n\n\n\n<div class=\"wp-block-uagb-icon-list-child uagb-block-d7af5b7d\"><span class=\"uagb-icon-list__source-wrap\"><svg xmlns=\"https:\/\/www.w3.org\/2000\/svg\" viewbox=\"0 0 512 512\"><path d=\"M256 0C114.6 0 0 114.6 0 256c0 141.4 114.6 256 256 256s256-114.6 256-256C512 114.6 397.4 0 256 0zM358.6 278.6l-112 112c-12.5 12.5-32.75 12.5-45.25 0s-12.5-32.75 0-45.25L290.8 256L201.4 166.6c-12.5-12.5-12.5-32.75 0-45.25s32.75-12.5 45.25 0l112 112C364.9 239.6 368 247.8 368 256S364.9 272.4 358.6 278.6z\"><\/path><\/svg><\/span><span class=\"uagb-icon-list__label\">Mehrsprachige Unterst\u00fctzung: Projekte auf Deutsch, Englisch und Franz\u00f6sisch<\/span><\/div>\n<\/div><\/div>\n\n<\/div><\/div>\n\n<div class=\"gb-grid-column gb-grid-column-c0fc707e\"><div class=\"gb-container gb-container-c0fc707e\">\n\n<h2 class=\"gb-headline gb-headline-c6c696ee gb-headline-text\">Gemeinsam bessere Systeme entwickeln<\/h2>\n\n\n\n<p>Als erfahrener Backend-Entwickler erstelle ich Systeme, die auf Ihre Bed\u00fcrfnisse zugeschnitten sind. Meine L\u00f6sungen verbessern die Kundenzufriedenheit und helfen Ihnen, Ihre Gesch\u00e4ftsziele zu erreichen.<\/p>\n\n\n\n<p><a href=\"https:\/\/niwadev.com\/de\/kontakt\/\" title=\"Kontakt\">Kontaktieren Sie mich noch heute,<\/a> um herauszufinden, wie verteilte Architekturen Ihre Energieversorgung transformieren k\u00f6nnen.<\/p>\n\n<\/div><\/div>\n\n<div class=\"gb-grid-column gb-grid-column-600f96ce\"><div class=\"gb-container gb-container-600f96ce\">\n<div class=\"gb-container gb-container-a87c38ec\">\n<div class=\"gb-grid-wrapper gb-grid-wrapper-1fe89122\">\n<div class=\"gb-grid-column gb-grid-column-a2f46e95\"><div class=\"gb-container gb-container-a2f46e95\">\n\n<figure class=\"gb-block-image gb-block-image-0102672b\"><img decoding=\"async\" width=\"720\" height=\"1080\" class=\"gb-image gb-image-0102672b\" src=\"https:\/\/niwadev.com\/wp-content\/uploads\/2024\/07\/niwadev_Nicolas_Wazulek_10.webp\" alt=\"Nicolas Wazulek working outside on a big blue bench smiling into the camera.\" title=\"Nicolas Wazulek working outside\" srcset=\"https:\/\/niwadev.com\/wp-content\/uploads\/2024\/07\/niwadev_Nicolas_Wazulek_10.webp 720w, https:\/\/niwadev.com\/wp-content\/uploads\/2024\/07\/niwadev_Nicolas_Wazulek_10-200x300.webp 200w, https:\/\/niwadev.com\/wp-content\/uploads\/2024\/07\/niwadev_Nicolas_Wazulek_10-683x1024.webp 683w, https:\/\/niwadev.com\/wp-content\/uploads\/2024\/07\/niwadev_Nicolas_Wazulek_10-8x12.webp 8w\" sizes=\"(max-width: 720px) 100vw, 720px\" \/><\/figure>\n\n<\/div><\/div>\n\n<div class=\"gb-grid-column gb-grid-column-10a47a13\"><div class=\"gb-container gb-container-10a47a13\">\n\n<div class=\"gb-headline gb-headline-a7e6ff89 gb-headline-text\">Nicolas Wazulek<\/div>\n\n\n\n<div class=\"wp-block-uagb-icon-list uagb-block-a3b81926\"><div class=\"uagb-icon-list__wrap\">\n<div class=\"wp-block-uagb-icon-list-child uagb-block-a26f002a\"><span class=\"uagb-icon-list__source-wrap\"><svg xmlns=\"https:\/\/www.w3.org\/2000\/svg\" viewbox=\"0 0 512 512\"><path d=\"M511.2 387l-23.25 100.8c-3.266 14.25-15.79 24.22-30.46 24.22C205.2 512 0 306.8 0 54.5c0-14.66 9.969-27.2 24.22-30.45l100.8-23.25C139.7-2.602 154.7 5.018 160.8 18.92l46.52 108.5c5.438 12.78 1.77 27.67-8.98 36.45L144.5 207.1c33.98 69.22 90.26 125.5 159.5 159.5l44.08-53.8c8.688-10.78 23.69-14.51 36.47-8.975l108.5 46.51C506.1 357.2 514.6 372.4 511.2 387z\"><\/path><\/svg><\/span><span class=\"uagb-icon-list__label\">+49 151 17638458<\/span><\/div>\n\n\n\n<div class=\"wp-block-uagb-icon-list-child uagb-block-b636427e\"><span class=\"uagb-icon-list__source-wrap\"><svg xmlns=\"https:\/\/www.w3.org\/2000\/svg\" viewbox=\"0 0 512 512\"><path d=\"M207.8 20.73c-93.45 18.32-168.7 93.66-187 187.1c-27.64 140.9 68.65 266.2 199.1 285.1c19.01 2.888 36.17-12.26 36.17-31.49l.0001-.6631c0-15.74-11.44-28.88-26.84-31.24c-84.35-12.98-149.2-86.13-149.2-174.2c0-102.9 88.61-185.5 193.4-175.4c91.54 8.869 158.6 91.25 158.6 183.2l0 16.16c0 22.09-17.94 40.05-40 40.05s-40.01-17.96-40.01-40.05v-120.1c0-8.847-7.161-16.02-16.01-16.02l-31.98 .0036c-7.299 0-13.2 4.992-15.12 11.68c-24.85-12.15-54.24-16.38-86.06-5.106c-38.75 13.73-68.12 48.91-73.72 89.64c-9.483 69.01 43.81 128 110.9 128c26.44 0 50.43-9.544 69.59-24.88c24 31.3 65.23 48.69 109.4 37.49C465.2 369.3 496 324.1 495.1 277.2V256.3C495.1 107.1 361.2-9.332 207.8 20.73zM239.1 304.3c-26.47 0-48-21.56-48-48.05s21.53-48.05 48-48.05s48 21.56 48 48.05S266.5 304.3 239.1 304.3z\"><\/path><\/svg><\/span><span class=\"uagb-icon-list__label\">nicolas.wazulek@niwadev.com<\/span><\/div>\n\n\n\n<div class=\"wp-block-uagb-icon-list-child uagb-block-41844436\"><a target=\"_blank\" aria-label=\"linkedin.com\/in\/nicolas-wazulek\" rel=\"noopener noreferrer\" href=\"https:\/\/www.linkedin.com\/in\/nicolas-wazulek\/?locale=de_DE\"> <\/a><span class=\"uagb-icon-list__source-wrap\"><svg xmlns=\"https:\/\/www.w3.org\/2000\/svg\" viewbox=\"0 0 448 512\"><path d=\"M100.3 448H7.4V148.9h92.88zM53.79 108.1C24.09 108.1 0 83.5 0 53.8a53.79 53.79 0 0 1 107.6 0c0 29.7-24.1 54.3-53.79 54.3zM447.9 448h-92.68V302.4c0-34.7-.7-79.2-48.29-79.2-48.29 0-55.69 37.7-55.69 76.7V448h-92.78V148.9h89.08v40.8h1.3c12.4-23.5 42.69-48.3 87.88-48.3 94 0 111.3 61.9 111.3 142.3V448z\"><\/path><\/svg><\/span><span class=\"uagb-icon-list__label\">linkedin.com\/in\/nicolas-wazulek<\/span><\/div>\n<\/div><\/div>\n\n\n\n<div class=\"wp-block-buttons is-layout-flex wp-block-buttons-is-layout-flex\">\n<div class=\"wp-block-button\"><a class=\"wp-block-button__link wp-element-button\" href=\"https:\/\/niwadev.com\/de\/kontakt\/\">Schreiben Sie mir<\/a><\/div>\n<\/div>\n\n<\/div><\/div>\n<\/div>\n<\/div>\n<\/div><\/div>\n<\/div>","protected":false},"excerpt":{"rendered":"","protected":false},"author":1,"featured_media":0,"parent":113,"menu_order":27,"comment_status":"closed","ping_status":"closed","template":"","meta":{"_uag_custom_page_level_css":"","footnotes":""},"class_list":["post-129","page","type-page","status-publish"],"aioseo_notices":[],"uagb_featured_image_src":{"full":false,"thumbnail":false,"medium":false,"medium_large":false,"large":false,"1536x1536":false,"2048x2048":false,"trp-custom-language-flag":false},"uagb_author_info":{"display_name":"niwadev.com","author_link":"https:\/\/niwadev.com\/de\/blog\/author\/niwadev-com\/"},"uagb_comment_info":0,"uagb_excerpt":null,"_links":{"self":[{"href":"https:\/\/niwadev.com\/de\/wp-json\/wp\/v2\/pages\/129","targetHints":{"allow":["GET"]}}],"collection":[{"href":"https:\/\/niwadev.com\/de\/wp-json\/wp\/v2\/pages"}],"about":[{"href":"https:\/\/niwadev.com\/de\/wp-json\/wp\/v2\/types\/page"}],"author":[{"embeddable":true,"href":"https:\/\/niwadev.com\/de\/wp-json\/wp\/v2\/users\/1"}],"replies":[{"embeddable":true,"href":"https:\/\/niwadev.com\/de\/wp-json\/wp\/v2\/comments?post=129"}],"version-history":[{"count":4,"href":"https:\/\/niwadev.com\/de\/wp-json\/wp\/v2\/pages\/129\/revisions"}],"predecessor-version":[{"id":942,"href":"https:\/\/niwadev.com\/de\/wp-json\/wp\/v2\/pages\/129\/revisions\/942"}],"up":[{"embeddable":true,"href":"https:\/\/niwadev.com\/de\/wp-json\/wp\/v2\/pages\/113"}],"wp:attachment":[{"href":"https:\/\/niwadev.com\/de\/wp-json\/wp\/v2\/media?parent=129"}],"curies":[{"name":"wp","href":"https:\/\/api.w.org\/{rel}","templated":true}]}}