{"id":134,"date":"2023-09-12T19:43:07","date_gmt":"2023-09-12T17:43:07","guid":{"rendered":"https:\/\/niwadev.com\/?page_id=134"},"modified":"2025-01-13T14:47:48","modified_gmt":"2025-01-13T13:47:48","slug":"ueber-mich","status":"publish","type":"page","link":"https:\/\/niwadev.com\/de\/about-me\/","title":{"rendered":"\u00dcber mich"},"content":{"rendered":"<h3 class=\"wp-block-heading\">Wer bin ich?<\/h3>\n\n\n<div class=\"gb-grid-wrapper gb-grid-wrapper-83e32194\">\n<div class=\"gb-grid-column gb-grid-column-5140bacf\"><div class=\"gb-container gb-container-5140bacf\">\n<div class=\"gb-grid-wrapper gb-grid-wrapper-ca310b70\">\n<div class=\"gb-grid-column gb-grid-column-4115fa04\"><div class=\"gb-container gb-container-4115fa04\">\n\n<p>Begonnen habe ich meine Laufbahn in der IT 2013 als Auszubildender zum Fachinformatiker in der LEW-Gruppe, einem Energieversorgungsunternehmen in Bayerisch-Schwaben. Dort habe ich w\u00e4hrend und auch nach der Ausbildung in den verschiedenen Bereichen der IT gearbeitet, wie zum Beispiel der Administration oder der SAP-Entwicklung. Seit 2019 bin ich in der Webentwicklung t\u00e4tig und entwickle dort im Microservice Umfeld die Backend-Dienste von Webanwendungen in C# und .NET weiter. Neben der Konzeption, Entwicklung, Fehleranalyse und -behebung habe ich in meiner T\u00e4tigkeit auch Werksstudenten begleitet und Azubis im Bereich der Softwareentwicklung ausgebildet.<\/p>\n\n\n\n<p>Frei nach dem Motto \u201eGemeinsam entwickelt es sich leichter\u201c habe ich bereits in unterschiedlichen und funktions\u00fcbergreifenden Teams mit vielen Menschen zusammengearbeitet. Ich sehe im Austausch mit anderen eine gro\u00dfe Chance zu lernen und sich weiterzuentwickeln.<\/p>\n\n<\/div><\/div>\n<\/div>\n\n\n<p>Privat reise ich f\u00fcr mein Leben gern und liebe es neue Sprachen und Kulturen kennenzulernen. Englisch, Franz\u00f6sisch und Spanisch stehen auf meiner Liste und als Frankreich-Fan auch die n\u00e4chste Reise in unser sch\u00f6nes Nachbarland. Zudem findet man mich in der Freizeit auch beim Segeln oder Schwimmen. Den Sportbootf\u00fchrerschein habe ich seit 2023 auch schon in der Tasche.<\/p>\n\n\n<div class=\"gb-container gb-container-75e9a901\">\n\n<figure class=\"wp-block-image size-full\"><img decoding=\"async\" width=\"2400\" height=\"1080\" src=\"https:\/\/niwadev.com\/wp-content\/uploads\/2024\/08\/sailing-boat-albatros.webp\" alt=\"Picture of a sailing boat with white sails in the wind.\" class=\"wp-image-693\" srcset=\"https:\/\/niwadev.com\/wp-content\/uploads\/2024\/08\/sailing-boat-albatros.webp 2400w, https:\/\/niwadev.com\/wp-content\/uploads\/2024\/08\/sailing-boat-albatros-300x135.webp 300w, https:\/\/niwadev.com\/wp-content\/uploads\/2024\/08\/sailing-boat-albatros-1024x461.webp 1024w, https:\/\/niwadev.com\/wp-content\/uploads\/2024\/08\/sailing-boat-albatros-768x346.webp 768w, https:\/\/niwadev.com\/wp-content\/uploads\/2024\/08\/sailing-boat-albatros-1536x691.webp 1536w, https:\/\/niwadev.com\/wp-content\/uploads\/2024\/08\/sailing-boat-albatros-2048x922.webp 2048w, https:\/\/niwadev.com\/wp-content\/uploads\/2024\/08\/sailing-boat-albatros-18x8.webp 18w\" sizes=\"(max-width: 2400px) 100vw, 2400px\" \/><\/figure>\n\n<\/div>\n\n\n<h3 class=\"wp-block-heading\">Was treibt mich an?<\/h3>\n\n\n\n<p>Mir ist eine qualitativ hochwertige Entwicklung wichtig, die sich auch nach Jahren noch pflegen und erweitern l\u00e4sst. Der Initialaufwand bei der Konzeption zahlt sich meiner Erfahrung nach bei der Qualit\u00e4t und Weiterentwicklung aus.<\/p>\n\n\n\n<p>Die IT ist im st\u00e4ndigen Wandel und neue Technologien sind nicht nur spannend, sondern k\u00f6nnen helfen bestehende Probleme besser zu bewerkstelligen oder die Entwicklung vereinfachen. Deshalb probiere ich gerne Neues aus und implementiere passende L\u00f6sungen in Anwendungen, an denen ich arbeite.<\/p>\n\n\n\n<p>Zu sehen, dass Benutzer meine entwickelten Funktionen gerne verwenden, macht mich stolz und motiviert mich das bestm\u00f6gliche Produkt zu liefern.<\/p>\n\n\n\n<h3 class=\"wp-block-heading\">Was macht f\u00fcr mich gute Leistung aus?<\/h3>\n\n\n\n<p>F\u00fcr mich bedeutet gute Leistung als Team stolz auf seine Arbeitsergebnisse zu sein und hinter dem zu stehen, was man erarbeitet hat. Zudem geh\u00f6rt f\u00fcr mich die Anpassungsf\u00e4higkeit dazu, um flexibel mit neuen Gegebenheiten umgehen zu k\u00f6nnen.<\/p>\n\n\n\n<h3 class=\"gb-headline gb-headline-efd86a74 gb-headline-text\">Mehr erfahren<\/h3>\n\n\n\n<p>Mein Profil hat Ihr Interesse geweckt? Sie m\u00f6chten mich n\u00e4her kennen lernen? Dann kontaktieren Sie mich doch einfach.<\/p>\n\n\n\n<div class=\"wp-block-buttons is-layout-flex wp-block-buttons-is-layout-flex\">\n<div class=\"wp-block-button\"><a class=\"wp-block-button__link wp-element-button\" href=\"https:\/\/niwadev.com\/de\/kontakt\/\">Kontakt aufnehmen<\/a><\/div>\n\n\n\n<div class=\"wp-block-button is-style-fill\"><a class=\"wp-block-button__link has-base-3-color has-text-color has-background has-link-color wp-element-button\" href=\"https:\/\/www.linkedin.com\/in\/nicolas-wazulek\/?locale=de_DE\" style=\"background-color:#4152c0\" target=\"_blank\" rel=\"https:\/\/www.linkedin.com\/in\/nicolas-wazulek\/ noopener\">Besuchen Sie mein Profil auf LinkedIn<\/a><\/div>\n<\/div>\n\n<\/div><\/div>\n\n<div class=\"gb-grid-column gb-grid-column-a1113034\"><div class=\"gb-container gb-container-a1113034\">\n<div class=\"wp-block-image is-style-default\">\n<figure class=\"aligncenter size-large is-resized\"><img decoding=\"async\" width=\"683\" height=\"1024\" src=\"https:\/\/niwadev.com\/wp-content\/uploads\/2024\/07\/niwadev_Nicolas_Wazulek_06-683x1024.webp\" alt=\"Portrait of Nicolas Wazulek outside in front of a modern building with blurred background.\" class=\"wp-image-662\" style=\"width:auto;height:375px\" srcset=\"https:\/\/niwadev.com\/wp-content\/uploads\/2024\/07\/niwadev_Nicolas_Wazulek_06-683x1024.webp 683w, https:\/\/niwadev.com\/wp-content\/uploads\/2024\/07\/niwadev_Nicolas_Wazulek_06-200x300.webp 200w, https:\/\/niwadev.com\/wp-content\/uploads\/2024\/07\/niwadev_Nicolas_Wazulek_06-8x12.webp 8w, https:\/\/niwadev.com\/wp-content\/uploads\/2024\/07\/niwadev_Nicolas_Wazulek_06.webp 720w\" sizes=\"(max-width: 683px) 100vw, 683px\" \/><figcaption class=\"wp-element-caption\">Foto aufgenommen von <a href=\"https:\/\/barbarahibler.com\/\" title=\"Website von Barbara Hibler\" rel=\"noopener\" target=\"_blank\">Barbara Hibler<\/a><\/figcaption><\/figure>\n<\/div>\n<\/div><\/div>\n<\/div>","protected":false},"excerpt":{"rendered":"<p>Wer bin ich?<\/p>","protected":false},"author":1,"featured_media":0,"parent":0,"menu_order":40,"comment_status":"closed","ping_status":"closed","template":"","meta":{"_uag_custom_page_level_css":"","footnotes":""},"class_list":["post-134","page","type-page","status-publish"],"aioseo_notices":[],"uagb_featured_image_src":{"full":false,"thumbnail":false,"medium":false,"medium_large":false,"large":false,"1536x1536":false,"2048x2048":false,"trp-custom-language-flag":false},"uagb_author_info":{"display_name":"niwadev.com","author_link":"https:\/\/niwadev.com\/de\/blog\/author\/niwadev-com\/"},"uagb_comment_info":0,"uagb_excerpt":"Who am I?","_links":{"self":[{"href":"https:\/\/niwadev.com\/de\/wp-json\/wp\/v2\/pages\/134","targetHints":{"allow":["GET"]}}],"collection":[{"href":"https:\/\/niwadev.com\/de\/wp-json\/wp\/v2\/pages"}],"about":[{"href":"https:\/\/niwadev.com\/de\/wp-json\/wp\/v2\/types\/page"}],"author":[{"embeddable":true,"href":"https:\/\/niwadev.com\/de\/wp-json\/wp\/v2\/users\/1"}],"replies":[{"embeddable":true,"href":"https:\/\/niwadev.com\/de\/wp-json\/wp\/v2\/comments?post=134"}],"version-history":[{"count":15,"href":"https:\/\/niwadev.com\/de\/wp-json\/wp\/v2\/pages\/134\/revisions"}],"predecessor-version":[{"id":775,"href":"https:\/\/niwadev.com\/de\/wp-json\/wp\/v2\/pages\/134\/revisions\/775"}],"wp:attachment":[{"href":"https:\/\/niwadev.com\/de\/wp-json\/wp\/v2\/media?parent=134"}],"curies":[{"name":"wp","href":"https:\/\/api.w.org\/{rel}","templated":true}]}}