{"id":808,"date":"2024-12-11T14:25:55","date_gmt":"2024-12-11T13:25:55","guid":{"rendered":"https:\/\/niwadev.com\/?page_id=808"},"modified":"2025-06-06T19:20:27","modified_gmt":"2025-06-06T17:20:27","slug":"requirements-engineering","status":"publish","type":"page","link":"https:\/\/niwadev.com\/de\/services\/requirements-engineering\/","title":{"rendered":"Requirements Engineering: Erfolgreiche Software gleich beim ersten Mal"},"content":{"rendered":"<div class=\"gb-grid-wrapper gb-grid-wrapper-4fe21e6d\">\n<div class=\"gb-grid-column gb-grid-column-4e920d91\"><div class=\"gb-container gb-container-4e920d91\">\n<div class=\"gb-container gb-container-b29add22\">\n\n<figure class=\"wp-block-image size-full is-resized\"><img decoding=\"async\" src=\"http:\/\/niwadev.com\/wp-content\/uploads\/2023\/09\/software-innovation.svg\" alt=\"Grafik, die den gesamten Softwareentwicklungszyklus darstellt, von der Idee \u00fcber das Marketing und die Tests bis hin zur Pr\u00e4sentation.\" class=\"wp-image-143\" style=\"object-fit:cover;width:1200px;height:400px\"\/><\/figure>\n\n<\/div>\n<\/div><\/div>\n\n<div class=\"gb-grid-column gb-grid-column-9f5742d9\"><div class=\"gb-container gb-container-9f5742d9\">\n\n<h2 class=\"gb-headline gb-headline-78ad9f37 gb-headline-text\">Ihre Anforderungen im Fokus \u2013 f\u00fcr Software, die neue Ma\u00dfst\u00e4be setzt<\/h2>\n\n\n\n<p>Sind Sie bereit, jetzt mit der Definition erstklassiger Anforderungen zu beginnen? <a href=\"https:\/\/niwadev.com\/de\/kontakt\/\" target=\"_blank\" rel=\"noopener\" title=\"Kontakt\">Schreiben Sie mir<\/a> gleich jetzt unverbindlich.<\/p>\n\n\n\n<p>Ihr Softwareprojekt steht kurz vor dem Abschluss, doch die L\u00f6sung erf\u00fcllt nicht Ihre Erwartungen. Korrekturen kosten Zeit und Geld. Wie konnte das passieren? Ohne klare Anforderungen passieren Missverst\u00e4ndnisse, Kosten explodieren und Deadlines platzen. Und oft merkt man es erst, wenn es zu sp\u00e4t ist.<\/p>\n\n\n\n<p>Aber das kostet doch wieder? Was passiert, wenn Sie verzichten auf \"teures\" <a href=\"https:\/\/niwadev.com\/de\/wissen\/requirements-engineering\/\" target=\"_blank\" rel=\"noopener\" title=\"Requirements Engineering\">Requirements Engineering<\/a>? Die Auswirkungen sind zahlreich. Ein Energieversorger wollte Anpassungen an seiner Software vornehmen und beauftragte externe Entwickler. Die Anforderungen waren knapp beschrieben \u2013 f\u00fcr den Kunden klar, f\u00fcr die Entwickler unverst\u00e4ndlich.<\/p>\n\n\n\n<p>\"Wir haben doch alles erkl\u00e4rt!\" \u2013 Immer wieder mussten die Entwickler nachfragen, immer wieder gab es neue Meetings. Die Umsetzung verz\u00f6gerte sich um Monate, das Budget lief aus dem Ruder. Am Ende war die Software immer noch nicht einsatzbereit.<\/p>\n\n\n\n<p>Das h\u00e4tte vermieden werden k\u00f6nnen \u2013 mit pr\u00e4zisem <a href=\"https:\/\/niwadev.com\/de\/wissen\/requirements-engineering\/\" target=\"_blank\" rel=\"noopener\" title=\"Requirements Engineering\">Requirements Engineering<\/a>.<\/p>\n\n\n\n<p>Als Experte im Energiesektor bin ich auf die Definition, Dokumentation und Verwaltung von Softwareanforderungen spezialisiert. Das ist es, worum es bei <a href=\"https:\/\/niwadev.com\/de\/wissen\/requirements-engineering\/\" target=\"_blank\" rel=\"noopener\" title=\"Requirements Engineering\">Requirements Engineering<\/a> geht. Mein Ansatz sorgt daf\u00fcr, dass Ihr Projekt reibungslos abl\u00e4uft \u2013 von Anfang bis Ende. Ich starte mit einer Analyse Ihrer Gesch\u00e4ftsziele und erstelle daraus klare, umsetzbare Spezifikationen. Diese Klarheit gibt Ihrem Team die n\u00f6tige Orientierung, vermeidet teure Fehler und f\u00fchrt zu erfolgreichen Ergebnissen.<\/p>\n\n<\/div><\/div>\n\n<div class=\"gb-grid-column gb-grid-column-591c5df4\"><div class=\"gb-container gb-container-591c5df4\">\n\n<h2 class=\"wp-block-heading\">Warum meine Services im Requirements Engineering w\u00e4hlen?<\/h2>\n\n\n\n<div class=\"wp-block-uagb-icon-list uagb-block-f0ea521a\"><div class=\"uagb-icon-list__wrap\">\n<div class=\"wp-block-uagb-icon-list-child uagb-block-d40d1e9f\"><span class=\"uagb-icon-list__source-wrap\"><svg xmlns=\"https:\/\/www.w3.org\/2000\/svg\" viewbox=\"0 0 512 512\"><path d=\"M256 0C114.6 0 0 114.6 0 256c0 141.4 114.6 256 256 256s256-114.6 256-256C512 114.6 397.4 0 256 0zM358.6 278.6l-112 112c-12.5 12.5-32.75 12.5-45.25 0s-12.5-32.75 0-45.25L290.8 256L201.4 166.6c-12.5-12.5-12.5-32.75 0-45.25s32.75-12.5 45.25 0l112 112C364.9 239.6 368 247.8 368 256S364.9 272.4 358.6 278.6z\"><\/path><\/svg><\/span><span class=\"uagb-icon-list__label\"><strong><strong>Verz\u00f6gerungen und Budget\u00fcberschreitungen vermeiden<\/strong>:<\/strong>\u00a0Durch klare Anforderungen und fr\u00fchzeitige Abstimmung sparen Sie Zeit und Kosten \u2013 kein endloses Nachbessern.<\/span><\/div>\n\n\n\n<div class=\"wp-block-uagb-icon-list-child uagb-block-7e1713cb\"><span class=\"uagb-icon-list__source-wrap\"><svg xmlns=\"https:\/\/www.w3.org\/2000\/svg\" viewbox=\"0 0 512 512\"><path d=\"M256 0C114.6 0 0 114.6 0 256c0 141.4 114.6 256 256 256s256-114.6 256-256C512 114.6 397.4 0 256 0zM358.6 278.6l-112 112c-12.5 12.5-32.75 12.5-45.25 0s-12.5-32.75 0-45.25L290.8 256L201.4 166.6c-12.5-12.5-12.5-32.75 0-45.25s32.75-12.5 45.25 0l112 112C364.9 239.6 368 247.8 368 256S364.9 272.4 358.6 278.6z\"><\/path><\/svg><\/span><span class=\"uagb-icon-list__label\"><strong><strong>Missverst\u00e4ndnisse zwischen Fachabteilungen und Entwicklern verhindern<\/strong>:<\/strong>\u00a0Ich spreche sowohl die Sprache der Technik als auch des Business und sorge f\u00fcr eine einheitliche Kommunikation.<\/span><\/div>\n\n\n\n<div class=\"wp-block-uagb-icon-list-child uagb-block-9446a422\"><span class=\"uagb-icon-list__source-wrap\"><svg xmlns=\"https:\/\/www.w3.org\/2000\/svg\" viewbox=\"0 0 512 512\"><path d=\"M256 0C114.6 0 0 114.6 0 256c0 141.4 114.6 256 256 256s256-114.6 256-256C512 114.6 397.4 0 256 0zM358.6 278.6l-112 112c-12.5 12.5-32.75 12.5-45.25 0s-12.5-32.75 0-45.25L290.8 256L201.4 166.6c-12.5-12.5-12.5-32.75 0-45.25s32.75-12.5 45.25 0l112 112C364.9 239.6 368 247.8 368 256S364.9 272.4 358.6 278.6z\"><\/path><\/svg><\/span><span class=\"uagb-icon-list__label\"><strong>Branchenexpertise im Energiesektor:<\/strong>\u00a0Mit jahrelanger Erfahrung bei f\u00fchrenden Energieversorgern kenne ich die speziellen Herausforderungen und M\u00f6glichkeiten der Branche<\/span><\/div>\n\n\n\n<div class=\"wp-block-uagb-icon-list-child uagb-block-4ad1f65a\"><span class=\"uagb-icon-list__source-wrap\"><svg xmlns=\"https:\/\/www.w3.org\/2000\/svg\" viewbox=\"0 0 512 512\"><path d=\"M256 0C114.6 0 0 114.6 0 256c0 141.4 114.6 256 256 256s256-114.6 256-256C512 114.6 397.4 0 256 0zM358.6 278.6l-112 112c-12.5 12.5-32.75 12.5-45.25 0s-12.5-32.75 0-45.25L290.8 256L201.4 166.6c-12.5-12.5-12.5-32.75 0-45.25s32.75-12.5 45.25 0l112 112C364.9 239.6 368 247.8 368 256S364.9 272.4 358.6 278.6z\"><\/path><\/svg><\/span><span class=\"uagb-icon-list__label\"><strong>Von Anfang an die richtigen Anforderungen definieren:<\/strong> Mein strukturierter Analyseprozess stellt sicher, dass die Software genau das liefert, was Ihr Unternehmen wirklich braucht.<\/span><\/div>\n\n\n\n<div class=\"wp-block-uagb-icon-list-child uagb-block-dfc21da0\"><span class=\"uagb-icon-list__source-wrap\"><svg xmlns=\"https:\/\/www.w3.org\/2000\/svg\" viewbox=\"0 0 512 512\"><path d=\"M256 0C114.6 0 0 114.6 0 256c0 141.4 114.6 256 256 256s256-114.6 256-256C512 114.6 397.4 0 256 0zM358.6 278.6l-112 112c-12.5 12.5-32.75 12.5-45.25 0s-12.5-32.75 0-45.25L290.8 256L201.4 166.6c-12.5-12.5-12.5-32.75 0-45.25s32.75-12.5 45.25 0l112 112C364.9 239.6 368 247.8 368 256S364.9 272.4 358.6 278.6z\"><\/path><\/svg><\/span><span class=\"uagb-icon-list__label\"><strong>Reibungslose Zusammenarbeit durch Mehrsprachigkeit:<\/strong>\u00a0Internationale Teams? Kein Problem! Ich sorge f\u00fcr eine pr\u00e4zise und verst\u00e4ndliche Dokumentation in Deutsch, Englisch und Franz\u00f6sisch.<\/span><\/div>\n<\/div><\/div>\n\n\n<div class=\"gb-container gb-container-09dc38ee\">\n\n<h3 class=\"gb-headline gb-headline-e5e92c63 gb-headline-text\">Worauf warten Sie noch?<\/h3>\n\n\n\n<p>Bringen Sie Ihr Softwareentwicklungsprojekt auf den Weg und kontaktieren Sie mich gleich unverbindlich.<\/p>\n\n\n\n<div class=\"wp-block-buttons is-layout-flex wp-block-buttons-is-layout-flex\">\n<div class=\"wp-block-button\"><a class=\"wp-block-button__link wp-element-button\" href=\"https:\/\/niwadev.com\/de\/kontakt\/\" target=\"_blank\" rel=\"noreferrer noopener\">Kontaktieren Sie mich noch heute!<\/a><\/div>\n<\/div>\n\n<\/div>\n<\/div><\/div>\n\n<div class=\"gb-grid-column gb-grid-column-2dae58b8\"><div class=\"gb-container gb-container-2dae58b8\">\n\n<h2 class=\"wp-block-heading\">Wie eine Zusammenarbeit mit mir aussieht<\/h2>\n\n\n\n<div class=\"wp-block-uagb-content-timeline uagb-timeline__outer-wrap uagb-block-104c57a7 uagb-timeline__content-wrap uagb-timeline__center-block  uagb-timeline__arrow-center uagb-timeline\">\n<article class=\"wp-block-uagb-content-timeline-child uagb-timeline__field uagb-timeline-child-a826ae2d uagb-timeline__right\"><div class=\"uagb-timeline__marker out-view-uagb-timeline__icon\"><svg xmlns=\"https:\/\/www.w3.org\/2000\/svg\" viewbox=\"0 0 512 512\"><path d=\"M0 256C0 114.6 114.6 0 256 0C397.4 0 512 114.6 512 256C512 397.4 397.4 512 256 512C114.6 512 0 397.4 0 256zM371.8 211.8C382.7 200.9 382.7 183.1 371.8 172.2C360.9 161.3 343.1 161.3 332.2 172.2L224 280.4L179.8 236.2C168.9 225.3 151.1 225.3 140.2 236.2C129.3 247.1 129.3 264.9 140.2 275.8L204.2 339.8C215.1 350.7 232.9 350.7 243.8 339.8L371.8 211.8z\"><\/path><\/svg><\/div><div class=\"uagb-timeline__day-new uagb-timeline__day-right uagb-timeline__events-inner-new\"><div class=\"uagb-timeline__events-inner--content\"><h4 class=\"uagb-timeline__heading\">Ihr Projekt kennenlernen<\/h4><p class=\"uagb-timeline-desc-content\">Kick-off, um einen Einblick in Ihre Ziele, Stakeholder, Struktur und technischen Details zu erhalten<\/p><div class=\"uagb-timeline__arrow\"><\/div><\/div><\/div><div class=\"uagb-timeline__date-new\"><\/div><\/article>\n\n\n\n<article class=\"wp-block-uagb-content-timeline-child uagb-timeline__field uagb-timeline-child-95b38642 uagb-timeline__left\"><div class=\"uagb-timeline__marker out-view-uagb-timeline__icon\"><svg xmlns=\"https:\/\/www.w3.org\/2000\/svg\" viewbox=\"0 0 512 512\"><path d=\"M0 256C0 114.6 114.6 0 256 0C397.4 0 512 114.6 512 256C512 397.4 397.4 512 256 512C114.6 512 0 397.4 0 256zM371.8 211.8C382.7 200.9 382.7 183.1 371.8 172.2C360.9 161.3 343.1 161.3 332.2 172.2L224 280.4L179.8 236.2C168.9 225.3 151.1 225.3 140.2 236.2C129.3 247.1 129.3 264.9 140.2 275.8L204.2 339.8C215.1 350.7 232.9 350.7 243.8 339.8L371.8 211.8z\"><\/path><\/svg><\/div><div class=\"uagb-timeline__day-new uagb-timeline__day-left uagb-timeline__events-inner-new\"><div class=\"uagb-timeline__events-inner--content\"><h4 class=\"uagb-timeline__heading\">Ihre Prozesse kennenlernen<\/h4><p class=\"uagb-timeline-desc-content\">Einen Einblick in Ihre Gesch\u00e4ftsabl\u00e4ufe erhalten, wie sie im realen Leben ablaufen und wo Hindernisse auftauchen<\/p><div class=\"uagb-timeline__arrow\"><\/div><\/div><\/div><div class=\"uagb-timeline__date-new\"><\/div><\/article>\n\n\n\n<article class=\"wp-block-uagb-content-timeline-child uagb-timeline__field uagb-timeline-child-361c4563 uagb-timeline__right\"><div class=\"uagb-timeline__marker out-view-uagb-timeline__icon\"><svg xmlns=\"https:\/\/www.w3.org\/2000\/svg\" viewbox=\"0 0 512 512\"><path d=\"M0 256C0 114.6 114.6 0 256 0C397.4 0 512 114.6 512 256C512 397.4 397.4 512 256 512C114.6 512 0 397.4 0 256zM371.8 211.8C382.7 200.9 382.7 183.1 371.8 172.2C360.9 161.3 343.1 161.3 332.2 172.2L224 280.4L179.8 236.2C168.9 225.3 151.1 225.3 140.2 236.2C129.3 247.1 129.3 264.9 140.2 275.8L204.2 339.8C215.1 350.7 232.9 350.7 243.8 339.8L371.8 211.8z\"><\/path><\/svg><\/div><div class=\"uagb-timeline__day-new uagb-timeline__day-right uagb-timeline__events-inner-new\"><div class=\"uagb-timeline__events-inner--content\"><h4 class=\"uagb-timeline__heading\">Durchf\u00fchrung von Interviews mit Stakeholdern<\/h4><p class=\"uagb-timeline-desc-content\">Einen Einblick in die unterschiedlichen W\u00fcnsche der beteiligten Stakeholder erhalten<\/p><div class=\"uagb-timeline__arrow\"><\/div><\/div><\/div><div class=\"uagb-timeline__date-new\"><\/div><\/article>\n\n\n\n<article class=\"wp-block-uagb-content-timeline-child uagb-timeline__field uagb-timeline-child-2bf0ec74 uagb-timeline__left\"><div class=\"uagb-timeline__marker out-view-uagb-timeline__icon\"><svg xmlns=\"https:\/\/www.w3.org\/2000\/svg\" viewbox=\"0 0 512 512\"><path d=\"M0 256C0 114.6 114.6 0 256 0C397.4 0 512 114.6 512 256C512 397.4 397.4 512 256 512C114.6 512 0 397.4 0 256zM371.8 211.8C382.7 200.9 382.7 183.1 371.8 172.2C360.9 161.3 343.1 161.3 332.2 172.2L224 280.4L179.8 236.2C168.9 225.3 151.1 225.3 140.2 236.2C129.3 247.1 129.3 264.9 140.2 275.8L204.2 339.8C215.1 350.7 232.9 350.7 243.8 339.8L371.8 211.8z\"><\/path><\/svg><\/div><div class=\"uagb-timeline__day-new uagb-timeline__day-left uagb-timeline__events-inner-new\"><div class=\"uagb-timeline__events-inner--content\"><h4 class=\"uagb-timeline__heading\">Dokumentation der Prozesse und Anforderungen<\/h4><p class=\"uagb-timeline-desc-content\">Make sure, that nothing gets lost and everyone is on the same page<\/p><div class=\"uagb-timeline__arrow\"><\/div><\/div><\/div><div class=\"uagb-timeline__date-new\"><\/div><\/article>\n\n\n\n<article class=\"wp-block-uagb-content-timeline-child uagb-timeline__field uagb-timeline-child-473871d1 uagb-timeline__right\"><div class=\"uagb-timeline__marker out-view-uagb-timeline__icon\"><svg xmlns=\"https:\/\/www.w3.org\/2000\/svg\" viewbox=\"0 0 512 512\"><path d=\"M0 256C0 114.6 114.6 0 256 0C397.4 0 512 114.6 512 256C512 397.4 397.4 512 256 512C114.6 512 0 397.4 0 256zM371.8 211.8C382.7 200.9 382.7 183.1 371.8 172.2C360.9 161.3 343.1 161.3 332.2 172.2L224 280.4L179.8 236.2C168.9 225.3 151.1 225.3 140.2 236.2C129.3 247.1 129.3 264.9 140.2 275.8L204.2 339.8C215.1 350.7 232.9 350.7 243.8 339.8L371.8 211.8z\"><\/path><\/svg><\/div><div class=\"uagb-timeline__day-new uagb-timeline__day-right uagb-timeline__events-inner-new\"><div class=\"uagb-timeline__events-inner--content\"><h4 class=\"uagb-timeline__heading\">\u00dcbertragung in Entwicklungsanforderungen<\/h4><p class=\"uagb-timeline-desc-content\">Sicherstellen, dass die Entwickler wissen, was sie umsetzen sollen<\/p><div class=\"uagb-timeline__arrow\"><\/div><\/div><\/div><div class=\"uagb-timeline__date-new\"><\/div><\/article>\n<div class=\"uagb-timeline__line\"><div class=\"uagb-timeline__line__inner\"><\/div><\/div><\/div>\n\n<\/div><\/div>\n\n<div class=\"gb-grid-column gb-grid-column-500a9a57\"><div class=\"gb-container gb-container-500a9a57\">\n\n<h2 class=\"wp-block-heading\">Ihr Vorteil, wenn Sie mit mir arbeiten<\/h2>\n\n\n\n<div class=\"wp-block-uagb-container uagb-block-aee61ee2 alignfull uagb-is-root-container\"><div class=\"uagb-container-inner-blocks-wrap\">\n<div class=\"wp-block-uagb-container uagb-block-05ed4368\">\n<figure class=\"gb-block-image gb-block-image-d227c231\"><img decoding=\"async\" width=\"1619\" height=\"1080\" class=\"gb-image gb-image-d227c231\" src=\"https:\/\/niwadev.com\/wp-content\/uploads\/2024\/07\/niwadev_Nicolas_Wazulek_05.webp\" alt=\"Nicolas Wazulek working on his cell phone on a sofa in the office.\" title=\"Nicolas Wazulek working on the phone\" srcset=\"https:\/\/niwadev.com\/wp-content\/uploads\/2024\/07\/niwadev_Nicolas_Wazulek_05.webp 1619w, https:\/\/niwadev.com\/wp-content\/uploads\/2024\/07\/niwadev_Nicolas_Wazulek_05-300x200.webp 300w, https:\/\/niwadev.com\/wp-content\/uploads\/2024\/07\/niwadev_Nicolas_Wazulek_05-1024x683.webp 1024w, https:\/\/niwadev.com\/wp-content\/uploads\/2024\/07\/niwadev_Nicolas_Wazulek_05-768x512.webp 768w, https:\/\/niwadev.com\/wp-content\/uploads\/2024\/07\/niwadev_Nicolas_Wazulek_05-1536x1025.webp 1536w, https:\/\/niwadev.com\/wp-content\/uploads\/2024\/07\/niwadev_Nicolas_Wazulek_05-18x12.webp 18w\" sizes=\"(max-width: 1619px) 100vw, 1619px\" \/><\/figure>\n<\/div>\n\n\n\n<div class=\"wp-block-uagb-container uagb-block-99fb0585\">\n<blockquote class=\"wp-block-quote is-layout-flow wp-block-quote-is-layout-flow\">\n<p>Damit Ihr Projekt langfristig erfolgreich ist, liegt meine Mission darin die Projektbeteiligten zu bef\u00e4higen das Anforderungsmanagement passend zu ihrem Projekt selbst durchzuf\u00fchren.&nbsp;<\/p>\n<\/blockquote>\n<\/div>\n<\/div><\/div>\n\n<\/div><\/div>\n\n<div class=\"gb-grid-column gb-grid-column-a7010895\"><div class=\"gb-container gb-container-a7010895\">\n\n<h2 class=\"wp-block-heading\">Gemeinsam zum Erfolg<\/h2>\n\n\n\n<p>Gehen Sie den ersten Schritt zu einem erfolgreichen Softwareprojekt.&nbsp;<a href=\"https:\/\/niwadev.com\/de\/kontakt\/\" title=\"Kontakt\">Kontaktieren Sie mich jetzt,<\/a>&nbsp;um Ihre Anforderungen zu besprechen. Gemeinsam legen wir den Grundstein f\u00fcr Ihre digitale Transformation.<\/p>\n\n<\/div><\/div>\n\n<div class=\"gb-grid-column gb-grid-column-a18a25fd\"><div class=\"gb-container gb-container-a18a25fd\">\n<div class=\"gb-container gb-container-a87c38ec\">\n<div class=\"gb-grid-wrapper gb-grid-wrapper-1fe89122\">\n<div class=\"gb-grid-column gb-grid-column-a2f46e95\"><div class=\"gb-container gb-container-a2f46e95\">\n\n<figure class=\"gb-block-image gb-block-image-0102672b\"><img decoding=\"async\" width=\"720\" height=\"1080\" class=\"gb-image gb-image-0102672b\" src=\"https:\/\/niwadev.com\/wp-content\/uploads\/2024\/07\/niwadev_Nicolas_Wazulek_10.webp\" alt=\"Nicolas Wazulek working outside on a big blue bench smiling into the camera.\" title=\"Nicolas Wazulek working outside\" srcset=\"https:\/\/niwadev.com\/wp-content\/uploads\/2024\/07\/niwadev_Nicolas_Wazulek_10.webp 720w, https:\/\/niwadev.com\/wp-content\/uploads\/2024\/07\/niwadev_Nicolas_Wazulek_10-200x300.webp 200w, https:\/\/niwadev.com\/wp-content\/uploads\/2024\/07\/niwadev_Nicolas_Wazulek_10-683x1024.webp 683w, https:\/\/niwadev.com\/wp-content\/uploads\/2024\/07\/niwadev_Nicolas_Wazulek_10-8x12.webp 8w\" sizes=\"(max-width: 720px) 100vw, 720px\" \/><\/figure>\n\n<\/div><\/div>\n\n<div class=\"gb-grid-column gb-grid-column-10a47a13\"><div class=\"gb-container gb-container-10a47a13\">\n\n<div class=\"gb-headline gb-headline-a7e6ff89 gb-headline-text\">Nicolas Wazulek<\/div>\n\n\n\n<div class=\"wp-block-uagb-icon-list uagb-block-a3b81926\"><div class=\"uagb-icon-list__wrap\">\n<div class=\"wp-block-uagb-icon-list-child uagb-block-a26f002a\"><span class=\"uagb-icon-list__source-wrap\"><svg xmlns=\"https:\/\/www.w3.org\/2000\/svg\" viewbox=\"0 0 512 512\"><path d=\"M511.2 387l-23.25 100.8c-3.266 14.25-15.79 24.22-30.46 24.22C205.2 512 0 306.8 0 54.5c0-14.66 9.969-27.2 24.22-30.45l100.8-23.25C139.7-2.602 154.7 5.018 160.8 18.92l46.52 108.5c5.438 12.78 1.77 27.67-8.98 36.45L144.5 207.1c33.98 69.22 90.26 125.5 159.5 159.5l44.08-53.8c8.688-10.78 23.69-14.51 36.47-8.975l108.5 46.51C506.1 357.2 514.6 372.4 511.2 387z\"><\/path><\/svg><\/span><span class=\"uagb-icon-list__label\">+49 151 17638458<\/span><\/div>\n\n\n\n<div class=\"wp-block-uagb-icon-list-child uagb-block-b636427e\"><span class=\"uagb-icon-list__source-wrap\"><svg xmlns=\"https:\/\/www.w3.org\/2000\/svg\" viewbox=\"0 0 512 512\"><path d=\"M207.8 20.73c-93.45 18.32-168.7 93.66-187 187.1c-27.64 140.9 68.65 266.2 199.1 285.1c19.01 2.888 36.17-12.26 36.17-31.49l.0001-.6631c0-15.74-11.44-28.88-26.84-31.24c-84.35-12.98-149.2-86.13-149.2-174.2c0-102.9 88.61-185.5 193.4-175.4c91.54 8.869 158.6 91.25 158.6 183.2l0 16.16c0 22.09-17.94 40.05-40 40.05s-40.01-17.96-40.01-40.05v-120.1c0-8.847-7.161-16.02-16.01-16.02l-31.98 .0036c-7.299 0-13.2 4.992-15.12 11.68c-24.85-12.15-54.24-16.38-86.06-5.106c-38.75 13.73-68.12 48.91-73.72 89.64c-9.483 69.01 43.81 128 110.9 128c26.44 0 50.43-9.544 69.59-24.88c24 31.3 65.23 48.69 109.4 37.49C465.2 369.3 496 324.1 495.1 277.2V256.3C495.1 107.1 361.2-9.332 207.8 20.73zM239.1 304.3c-26.47 0-48-21.56-48-48.05s21.53-48.05 48-48.05s48 21.56 48 48.05S266.5 304.3 239.1 304.3z\"><\/path><\/svg><\/span><span class=\"uagb-icon-list__label\">nicolas.wazulek@niwadev.com<\/span><\/div>\n\n\n\n<div class=\"wp-block-uagb-icon-list-child uagb-block-41844436\"><a target=\"_blank\" aria-label=\"linkedin.com\/in\/nicolas-wazulek\" rel=\"noopener noreferrer\" href=\"https:\/\/www.linkedin.com\/in\/nicolas-wazulek\/?locale=de_DE\"> <\/a><span class=\"uagb-icon-list__source-wrap\"><svg xmlns=\"https:\/\/www.w3.org\/2000\/svg\" viewbox=\"0 0 448 512\"><path d=\"M100.3 448H7.4V148.9h92.88zM53.79 108.1C24.09 108.1 0 83.5 0 53.8a53.79 53.79 0 0 1 107.6 0c0 29.7-24.1 54.3-53.79 54.3zM447.9 448h-92.68V302.4c0-34.7-.7-79.2-48.29-79.2-48.29 0-55.69 37.7-55.69 76.7V448h-92.78V148.9h89.08v40.8h1.3c12.4-23.5 42.69-48.3 87.88-48.3 94 0 111.3 61.9 111.3 142.3V448z\"><\/path><\/svg><\/span><span class=\"uagb-icon-list__label\">linkedin.com\/in\/nicolas-wazulek<\/span><\/div>\n<\/div><\/div>\n\n\n\n<div class=\"wp-block-buttons is-layout-flex wp-block-buttons-is-layout-flex\">\n<div class=\"wp-block-button\"><a class=\"wp-block-button__link wp-element-button\" href=\"https:\/\/niwadev.com\/de\/kontakt\/\">Schreiben Sie mir<\/a><\/div>\n<\/div>\n\n<\/div><\/div>\n<\/div>\n<\/div>\n<\/div><\/div>\n<\/div>","protected":false},"excerpt":{"rendered":"","protected":false},"author":1,"featured_media":0,"parent":113,"menu_order":24,"comment_status":"closed","ping_status":"closed","template":"","meta":{"_uag_custom_page_level_css":"","footnotes":""},"class_list":["post-808","page","type-page","status-publish"],"aioseo_notices":[],"uagb_featured_image_src":{"full":false,"thumbnail":false,"medium":false,"medium_large":false,"large":false,"1536x1536":false,"2048x2048":false,"trp-custom-language-flag":false},"uagb_author_info":{"display_name":"niwadev.com","author_link":"https:\/\/niwadev.com\/de\/blog\/author\/niwadev-com\/"},"uagb_comment_info":0,"uagb_excerpt":null,"_links":{"self":[{"href":"https:\/\/niwadev.com\/de\/wp-json\/wp\/v2\/pages\/808","targetHints":{"allow":["GET"]}}],"collection":[{"href":"https:\/\/niwadev.com\/de\/wp-json\/wp\/v2\/pages"}],"about":[{"href":"https:\/\/niwadev.com\/de\/wp-json\/wp\/v2\/types\/page"}],"author":[{"embeddable":true,"href":"https:\/\/niwadev.com\/de\/wp-json\/wp\/v2\/users\/1"}],"replies":[{"embeddable":true,"href":"https:\/\/niwadev.com\/de\/wp-json\/wp\/v2\/comments?post=808"}],"version-history":[{"count":31,"href":"https:\/\/niwadev.com\/de\/wp-json\/wp\/v2\/pages\/808\/revisions"}],"predecessor-version":[{"id":1093,"href":"https:\/\/niwadev.com\/de\/wp-json\/wp\/v2\/pages\/808\/revisions\/1093"}],"up":[{"embeddable":true,"href":"https:\/\/niwadev.com\/de\/wp-json\/wp\/v2\/pages\/113"}],"wp:attachment":[{"href":"https:\/\/niwadev.com\/de\/wp-json\/wp\/v2\/media?parent=808"}],"curies":[{"name":"wp","href":"https:\/\/api.w.org\/{rel}","templated":true}]}}