{"id":1030,"date":"2025-03-07T13:52:17","date_gmt":"2025-03-07T12:52:17","guid":{"rendered":"https:\/\/niwadev.com\/?page_id=1030"},"modified":"2025-03-07T13:52:18","modified_gmt":"2025-03-07T12:52:18","slug":"connaissances","status":"publish","type":"page","link":"https:\/\/niwadev.com\/fr\/knowledge\/","title":{"rendered":"Connaissances \u2013 Qu'est-ce que je raconte ici de toute fa\u00e7on ?"},"content":{"rendered":"<p>Le monde du d\u00e9veloppement logiciel et de l'\u00e9nergie regorge de termes techniques.  Ici, je d\u00e9mystifie tout cela et vous aide \u00e0 les comprendre.<\/p>\n\n\n\n<h2 class=\"gb-headline gb-headline-493ae659 gb-headline-text\">Ce que vous trouverez ici<\/h2>\n\n\n\n<div class=\"wp-block-uagb-icon-list uagb-block-63d68e9a\"><div class=\"uagb-icon-list__wrap\">\n<div class=\"wp-block-uagb-icon-list-child uagb-block-d46f5fe7\"><span class=\"uagb-icon-list__source-wrap\"><svg xmlns=\"https:\/\/www.w3.org\/2000\/svg\" viewbox=\"0 0 320 512\"><path d=\"M96 480c-8.188 0-16.38-3.125-22.62-9.375c-12.5-12.5-12.5-32.75 0-45.25L242.8 256L73.38 86.63c-12.5-12.5-12.5-32.75 0-45.25s32.75-12.5 45.25 0l192 192c12.5 12.5 12.5 32.75 0 45.25l-192 192C112.4 476.9 104.2 480 96 480z\"><\/path><\/svg><\/span><span class=\"uagb-icon-list__label\">Les termes du monde de l'informatique : des langages de programmation aux diff\u00e9rentes technologies en passant par les frameworks. Toutes les bases du d\u00e9veloppement logiciel expliqu\u00e9es de mani\u00e8re compr\u00e9hensible, l\u00e9g\u00e8re et simple.<\/span><\/div>\n\n\n\n<div class=\"wp-block-uagb-icon-list-child uagb-block-ccab4e6c\"><span class=\"uagb-icon-list__source-wrap\"><svg xmlns=\"https:\/\/www.w3.org\/2000\/svg\" viewbox=\"0 0 320 512\"><path d=\"M96 480c-8.188 0-16.38-3.125-22.62-9.375c-12.5-12.5-12.5-32.75 0-45.25L242.8 256L73.38 86.63c-12.5-12.5-12.5-32.75 0-45.25s32.75-12.5 45.25 0l192 192c12.5 12.5 12.5 32.75 0 45.25l-192 192C112.4 476.9 104.2 480 96 480z\"><\/path><\/svg><\/span><span class=\"uagb-icon-list__label\">Connaissances du secteur de l'\u00e9nergie : tout ce qu'il faut savoir sur les domaines th\u00e9matiques des gestionnaires de r\u00e9seaux de distribution, des fournisseurs d'\u00e9nergie ou des services municipaux.<\/span><\/div>\n<\/div><\/div>\n\n\n\n<p>Mon objectif est de vous familiariser avec les termes techniques et de vous faire comprendre ce dont on parle dans ce domaine.<\/p>\n\n\n\n<p><\/p>","protected":false},"excerpt":{"rendered":"<p>The world of software development and the energy industry is full of technical terms. Here, I demystify the whole thing and help you understand it. What you will find here My goal is to familiarize you with the technical terms and create an understanding of what is being talked about in this area.<\/p>","protected":false},"author":1,"featured_media":0,"parent":0,"menu_order":50,"comment_status":"closed","ping_status":"closed","template":"","meta":{"_uag_custom_page_level_css":"","footnotes":""},"class_list":["post-1030","page","type-page","status-publish"],"aioseo_notices":[],"uagb_featured_image_src":{"full":false,"thumbnail":false,"medium":false,"medium_large":false,"large":false,"1536x1536":false,"2048x2048":false,"trp-custom-language-flag":false},"uagb_author_info":{"display_name":"niwadev.com","author_link":"https:\/\/niwadev.com\/fr\/blog\/author\/niwadev-com\/"},"uagb_comment_info":0,"uagb_excerpt":"The world of software development and the energy industry is full of technical terms. Here, I demystify the whole thing and help you understand it. What you will find here My goal is to familiarize you with the technical terms and create an understanding of what is being talked about in this area.","_links":{"self":[{"href":"https:\/\/niwadev.com\/fr\/wp-json\/wp\/v2\/pages\/1030","targetHints":{"allow":["GET"]}}],"collection":[{"href":"https:\/\/niwadev.com\/fr\/wp-json\/wp\/v2\/pages"}],"about":[{"href":"https:\/\/niwadev.com\/fr\/wp-json\/wp\/v2\/types\/page"}],"author":[{"embeddable":true,"href":"https:\/\/niwadev.com\/fr\/wp-json\/wp\/v2\/users\/1"}],"replies":[{"embeddable":true,"href":"https:\/\/niwadev.com\/fr\/wp-json\/wp\/v2\/comments?post=1030"}],"version-history":[{"count":5,"href":"https:\/\/niwadev.com\/fr\/wp-json\/wp\/v2\/pages\/1030\/revisions"}],"predecessor-version":[{"id":1047,"href":"https:\/\/niwadev.com\/fr\/wp-json\/wp\/v2\/pages\/1030\/revisions\/1047"}],"wp:attachment":[{"href":"https:\/\/niwadev.com\/fr\/wp-json\/wp\/v2\/media?parent=1030"}],"curies":[{"name":"wp","href":"https:\/\/api.w.org\/{rel}","templated":true}]}}