{"id":1048,"date":"2025-03-07T14:27:11","date_gmt":"2025-03-07T13:27:11","guid":{"rendered":"https:\/\/niwadev.com\/?page_id=1048"},"modified":"2025-03-10T14:52:15","modified_gmt":"2025-03-10T13:52:15","slug":"requirements-engineering","status":"publish","type":"page","link":"https:\/\/niwadev.com\/fr\/knowledge\/requirements-engineering\/","title":{"rendered":"Ing\u00e9nierie des Exigences"},"content":{"rendered":"<div class=\"gb-grid-wrapper gb-grid-wrapper-f31e014f\">\n<div class=\"gb-grid-column gb-grid-column-9a8cac3a\"><div class=\"gb-container gb-container-9a8cac3a\">\n\n<p>L\u2019ing\u00e9nierie des exigences est un \u00e9l\u00e9ment essentiel des projets de d\u00e9veloppement logiciel et syst\u00e8me r\u00e9ussis. Sans une analyse structur\u00e9e des exigences, des malentendus, des co\u00fbts \u00e9lev\u00e9s et des retards peuvent survenir. Cette page vous donne un aper\u00e7u complet de l\u2019ing\u00e9nierie des exigences, de ses composants, de ses m\u00e9thodes et des risques li\u00e9s \u00e0 l'absence d'une analyse rigoureuse des exigences.<\/p>\n\n<\/div><\/div>\n\n<div class=\"gb-grid-column gb-grid-column-46f45b08\"><div class=\"gb-container gb-container-46f45b08\">\n\n<h2 class=\"gb-headline gb-headline-fe9d898a gb-headline-text\">Qu'est-ce que l'Ing\u00e9nierie des Exigences ?<\/h2>\n\n\n\n<p>L\u2019ing\u00e9nierie des exigences consiste \u00e0 recueillir, analyser, documenter et g\u00e9rer de mani\u00e8re structur\u00e9e les exigences d\u2019un syst\u00e8me ou d\u2019un logiciel. Plusieurs aspects sont fondamentaux :<\/p>\n\n\n\n<div class=\"wp-block-uagb-icon-list uagb-block-c175c04a\"><div class=\"uagb-icon-list__wrap\">\n<div class=\"wp-block-uagb-icon-list-child uagb-block-6d0795d1\"><span class=\"uagb-icon-list__source-wrap\"><svg xmlns=\"https:\/\/www.w3.org\/2000\/svg\" viewbox=\"0 0 512 512\"><path d=\"M256 0C114.6 0 0 114.6 0 256c0 141.4 114.6 256 256 256s256-114.6 256-256C512 114.6 397.4 0 256 0zM406.6 278.6l-103.1 103.1c-12.5 12.5-32.75 12.5-45.25 0s-12.5-32.75 0-45.25L306.8 288H128C110.3 288 96 273.7 96 256s14.31-32 32-32h178.8l-49.38-49.38c-12.5-12.5-12.5-32.75 0-45.25s32.75-12.5 45.25 0l103.1 103.1C414.6 241.3 416 251.1 416 256C416 260.9 414.6 270.7 406.6 278.6z\"><\/path><\/svg><\/span><span class=\"uagb-icon-list__label\">Impliquer les parties prenantes : Tous les acteurs cl\u00e9s participent activement au processus pour exprimer leurs besoins.<\/span><\/div>\n\n\n\n<div class=\"wp-block-uagb-icon-list-child uagb-block-eec9ef8b\"><span class=\"uagb-icon-list__source-wrap\"><svg xmlns=\"https:\/\/www.w3.org\/2000\/svg\" viewbox=\"0 0 512 512\"><path d=\"M256 0C114.6 0 0 114.6 0 256c0 141.4 114.6 256 256 256s256-114.6 256-256C512 114.6 397.4 0 256 0zM406.6 278.6l-103.1 103.1c-12.5 12.5-32.75 12.5-45.25 0s-12.5-32.75 0-45.25L306.8 288H128C110.3 288 96 273.7 96 256s14.31-32 32-32h178.8l-49.38-49.38c-12.5-12.5-12.5-32.75 0-45.25s32.75-12.5 45.25 0l103.1 103.1C414.6 241.3 416 251.1 416 256C416 260.9 414.6 270.7 406.6 278.6z\"><\/path><\/svg><\/span><span class=\"uagb-icon-list__label\">Cr\u00e9er une compr\u00e9hension commune : Les exigences sont formul\u00e9es de mani\u00e8re \u00e0 ce que les \u00e9quipes m\u00e9tier et les d\u00e9veloppeurs partagent les m\u00eames attentes.<\/span><\/div>\n\n\n\n<div class=\"wp-block-uagb-icon-list-child uagb-block-73f29870\"><span class=\"uagb-icon-list__source-wrap\"><svg xmlns=\"https:\/\/www.w3.org\/2000\/svg\" viewbox=\"0 0 512 512\"><path d=\"M256 0C114.6 0 0 114.6 0 256c0 141.4 114.6 256 256 256s256-114.6 256-256C512 114.6 397.4 0 256 0zM406.6 278.6l-103.1 103.1c-12.5 12.5-32.75 12.5-45.25 0s-12.5-32.75 0-45.25L306.8 288H128C110.3 288 96 273.7 96 256s14.31-32 32-32h178.8l-49.38-49.38c-12.5-12.5-12.5-32.75 0-45.25s32.75-12.5 45.25 0l103.1 103.1C414.6 241.3 416 251.1 416 256C416 260.9 414.6 270.7 406.6 278.6z\"><\/path><\/svg><\/span><span class=\"uagb-icon-list__label\">Documenter les exigences : Une documentation claire et tra\u00e7able constitue la base de l\u2019impl\u00e9mentation.<\/span><\/div>\n\n\n\n<div class=\"wp-block-uagb-icon-list-child uagb-block-2bdd459f\"><span class=\"uagb-icon-list__source-wrap\"><svg xmlns=\"https:\/\/www.w3.org\/2000\/svg\" viewbox=\"0 0 512 512\"><path d=\"M256 0C114.6 0 0 114.6 0 256c0 141.4 114.6 256 256 256s256-114.6 256-256C512 114.6 397.4 0 256 0zM406.6 278.6l-103.1 103.1c-12.5 12.5-32.75 12.5-45.25 0s-12.5-32.75 0-45.25L306.8 288H128C110.3 288 96 273.7 96 256s14.31-32 32-32h178.8l-49.38-49.38c-12.5-12.5-12.5-32.75 0-45.25s32.75-12.5 45.25 0l103.1 103.1C414.6 241.3 416 251.1 416 256C416 260.9 414.6 270.7 406.6 278.6z\"><\/path><\/svg><\/span><span class=\"uagb-icon-list__label\">Faciliter la communication entre le m\u00e9tier et le d\u00e9veloppement : L\u2019ing\u00e9nierie des exigences garantit que tous les acteurs partagent une vision commune.<\/span><\/div>\n<\/div><\/div>\n\n\n\n<p>Un processus structur\u00e9 permet d'obtenir des exigences claires et r\u00e9alisables, facilitant leur mise en \u0153uvre par les d\u00e9veloppeurs et r\u00e9pondant aux attentes des <a href=\"https:\/\/niwadev.com\/fr\/connaissances\/stakeholder\/\" target=\"_blank\" rel=\"noopener\" title=\"Stakeholder\">stakeholder<\/a> . Outre les exigences fonctionnelles (Que doit faire le syst\u00e8me ?), il faut \u00e9galement consid\u00e9rer les exigences de qualit\u00e9 (ex. : performance, s\u00e9curit\u00e9, scalabilit\u00e9).<\/p>\n\n<\/div><\/div>\n\n<div class=\"gb-grid-column gb-grid-column-7ac09725\"><div class=\"gb-container gb-container-7ac09725\">\n\n<h2 class=\"gb-headline gb-headline-11bcac62 gb-headline-text\">Pourquoi a-t-on besoin de l'Ing\u00e9nierie des Exigences ?<\/h2>\n\n\n\n<p>L\u2019ing\u00e9nierie des exigences est une composante essentielle de tout projet de d\u00e9veloppement logiciel. Elle constitue la base d\u2019un projet r\u00e9ussi en garantissant que toutes les parties prenantes comprennent ce qui doit \u00eatre fait.<\/p>\n\n\n\n<p>Sans exigences bien d\u00e9finies, des malentendus, des retards et des co\u00fbts de correction \u00e9lev\u00e9s surviennent fr\u00e9quemment. Une ing\u00e9nierie des exigences efficace garantit que :<\/p>\n\n\n\n<div class=\"wp-block-uagb-icon-list uagb-block-98469a9a\"><div class=\"uagb-icon-list__wrap\">\n<div class=\"wp-block-uagb-icon-list-child uagb-block-9c7ee3b8\"><span class=\"uagb-icon-list__source-wrap\"><svg xmlns=\"https:\/\/www.w3.org\/2000\/svg\" viewbox=\"0 0 448 512\"><path d=\"M438.6 105.4C451.1 117.9 451.1 138.1 438.6 150.6L182.6 406.6C170.1 419.1 149.9 419.1 137.4 406.6L9.372 278.6C-3.124 266.1-3.124 245.9 9.372 233.4C21.87 220.9 42.13 220.9 54.63 233.4L159.1 338.7L393.4 105.4C405.9 92.88 426.1 92.88 438.6 105.4H438.6z\"><\/path><\/svg><\/span><span class=\"uagb-icon-list__label\">Les objectifs du projet sont clairement d\u00e9finis<\/span><\/div>\n\n\n\n<div class=\"wp-block-uagb-icon-list-child uagb-block-a1e9432d\"><span class=\"uagb-icon-list__source-wrap\"><svg xmlns=\"https:\/\/www.w3.org\/2000\/svg\" viewbox=\"0 0 448 512\"><path d=\"M438.6 105.4C451.1 117.9 451.1 138.1 438.6 150.6L182.6 406.6C170.1 419.1 149.9 419.1 137.4 406.6L9.372 278.6C-3.124 266.1-3.124 245.9 9.372 233.4C21.87 220.9 42.13 220.9 54.63 233.4L159.1 338.7L393.4 105.4C405.9 92.88 426.1 92.88 438.6 105.4H438.6z\"><\/path><\/svg><\/span><span class=\"uagb-icon-list__label\">Toutes les exigences sont enti\u00e8rement document\u00e9es<\/span><\/div>\n\n\n\n<div class=\"wp-block-uagb-icon-list-child uagb-block-fe264cfe\"><span class=\"uagb-icon-list__source-wrap\"><svg xmlns=\"https:\/\/www.w3.org\/2000\/svg\" viewbox=\"0 0 448 512\"><path d=\"M438.6 105.4C451.1 117.9 451.1 138.1 438.6 150.6L182.6 406.6C170.1 419.1 149.9 419.1 137.4 406.6L9.372 278.6C-3.124 266.1-3.124 245.9 9.372 233.4C21.87 220.9 42.13 220.9 54.63 233.4L159.1 338.7L393.4 105.4C405.9 92.88 426.1 92.88 438.6 105.4H438.6z\"><\/path><\/svg><\/span><span class=\"uagb-icon-list__label\">Le risque de mauvaise interpr\u00e9tation et de corrections co\u00fbteuses est r\u00e9duit<\/span><\/div>\n\n\n\n<div class=\"wp-block-uagb-icon-list-child uagb-block-160d4c9c\"><span class=\"uagb-icon-list__source-wrap\"><svg xmlns=\"https:\/\/www.w3.org\/2000\/svg\" viewbox=\"0 0 448 512\"><path d=\"M438.6 105.4C451.1 117.9 451.1 138.1 438.6 150.6L182.6 406.6C170.1 419.1 149.9 419.1 137.4 406.6L9.372 278.6C-3.124 266.1-3.124 245.9 9.372 233.4C21.87 220.9 42.13 220.9 54.63 233.4L159.1 338.7L393.4 105.4C405.9 92.88 426.1 92.88 438.6 105.4H438.6z\"><\/path><\/svg><\/span><span class=\"uagb-icon-list__label\">Les solutions logicielles sont align\u00e9es sur les besoins m\u00e9tier<\/span><\/div>\n<\/div><\/div>\n\n<\/div><\/div>\n\n<div class=\"gb-grid-column gb-grid-column-6f9d40e2\"><div class=\"gb-container gb-container-6f9d40e2\">\n\n<h2 class=\"gb-headline gb-headline-979875f3 gb-headline-text\">Quelles sont les Composantes Cl\u00e9s de l'Ing\u00e9nierie des Exigences ?<\/h2>\n\n\n\n<p>Le processus se compose de quatre phases principales :<\/p>\n\n\n<div class=\"gb-grid-wrapper gb-grid-wrapper-e303d200\">\n<div class=\"gb-grid-column gb-grid-column-d7ea9fc3\"><div class=\"gb-container gb-container-d7ea9fc3\">\n\n<h3 class=\"gb-headline gb-headline-8bcbb2f5 gb-headline-text\">1. Recueil des Exigences<\/h3>\n\n\n\n<p>Les exigences sont collect\u00e9es par le biais d\u2019interviews des <a href=\"https:\/\/niwadev.com\/fr\/connaissances\/stakeholder\/\" target=\"_blank\" rel=\"noopener\" title=\"Stakeholder\">stakeholder<\/a> , de r\u00e9unions et d\u2019ateliers. <a href=\"https:\/\/niwadev.com\/fr\/connaissances\/stakeholder\/\" target=\"_blank\" rel=\"noopener\" title=\"Stakeholder\">Stakeholders<\/a> issues de diff\u00e9rents domaines, tels que les d\u00e9partements commerciaux ou les \u00e9quipes de d\u00e9veloppement de logiciels, repr\u00e9sentent des int\u00e9r\u00eats diff\u00e9rents.<\/p>\n\n<\/div><\/div>\n\n<div class=\"gb-grid-column gb-grid-column-ddf06e9c\"><div class=\"gb-container gb-container-ddf06e9c\">\n\n<h3 class=\"gb-headline gb-headline-07c68af7 gb-headline-text\">2. Analyse<\/h3>\n\n\n\n<p>Les exigences collect\u00e9es sont analys\u00e9es pour identifier les conflits, r\u00e9p\u00e9titions et priorit\u00e9s.<\/p>\n\n\n\n<div class=\"wp-block-uagb-icon-list uagb-block-72f67d30\"><div class=\"uagb-icon-list__wrap\">\n<div class=\"wp-block-uagb-icon-list-child uagb-block-788d4530\"><span class=\"uagb-icon-list__source-wrap\"><svg xmlns=\"https:\/\/www.w3.org\/2000\/svg\" viewbox=\"0 0 512 512\"><path d=\"M256 0C114.6 0 0 114.6 0 256c0 141.4 114.6 256 256 256s256-114.6 256-256C512 114.6 397.4 0 256 0zM406.6 278.6l-103.1 103.1c-12.5 12.5-32.75 12.5-45.25 0s-12.5-32.75 0-45.25L306.8 288H128C110.3 288 96 273.7 96 256s14.31-32 32-32h178.8l-49.38-49.38c-12.5-12.5-12.5-32.75 0-45.25s32.75-12.5 45.25 0l103.1 103.1C414.6 241.3 416 251.1 416 256C416 260.9 414.6 270.7 406.6 278.6z\"><\/path><\/svg><\/span><span class=\"uagb-icon-list__label\">Y a-t-il des conflits \u00e0 r\u00e9soudre ?<\/span><\/div>\n\n\n\n<div class=\"wp-block-uagb-icon-list-child uagb-block-79d4a368\"><span class=\"uagb-icon-list__source-wrap\"><svg xmlns=\"https:\/\/www.w3.org\/2000\/svg\" viewbox=\"0 0 512 512\"><path d=\"M256 0C114.6 0 0 114.6 0 256c0 141.4 114.6 256 256 256s256-114.6 256-256C512 114.6 397.4 0 256 0zM406.6 278.6l-103.1 103.1c-12.5 12.5-32.75 12.5-45.25 0s-12.5-32.75 0-45.25L306.8 288H128C110.3 288 96 273.7 96 256s14.31-32 32-32h178.8l-49.38-49.38c-12.5-12.5-12.5-32.75 0-45.25s32.75-12.5 45.25 0l103.1 103.1C414.6 241.3 416 251.1 416 256C416 260.9 414.6 270.7 406.6 278.6z\"><\/path><\/svg><\/span><span class=\"uagb-icon-list__label\">Quelles sont les exigences en double qui indiquent des besoins critiques ?<\/span><\/div>\n\n\n\n<div class=\"wp-block-uagb-icon-list-child uagb-block-0edbb4f9\"><span class=\"uagb-icon-list__source-wrap\"><svg xmlns=\"https:\/\/www.w3.org\/2000\/svg\" viewbox=\"0 0 512 512\"><path d=\"M256 0C114.6 0 0 114.6 0 256c0 141.4 114.6 256 256 256s256-114.6 256-256C512 114.6 397.4 0 256 0zM406.6 278.6l-103.1 103.1c-12.5 12.5-32.75 12.5-45.25 0s-12.5-32.75 0-45.25L306.8 288H128C110.3 288 96 273.7 96 256s14.31-32 32-32h178.8l-49.38-49.38c-12.5-12.5-12.5-32.75 0-45.25s32.75-12.5 45.25 0l103.1 103.1C414.6 241.3 416 251.1 416 256C416 260.9 414.6 270.7 406.6 278.6z\"><\/path><\/svg><\/span><span class=\"uagb-icon-list__label\">Dans les projets agiles, le Product Owner commence \u00e0 \u00e9tablir des priorit\u00e9s pour s'aligner sur la vision du projet.<\/span><\/div>\n<\/div><\/div>\n\n<\/div><\/div>\n\n<div class=\"gb-grid-column gb-grid-column-45aa4ae6\"><div class=\"gb-container gb-container-45aa4ae6\">\n\n<h3 class=\"gb-headline gb-headline-2e6c7df2 gb-headline-text\">3. Documentation<\/h3>\n\n\n\n<p>Le c\u0153ur de l'ing\u00e9nierie des exigences est la documentation. Dans les projets agiles, les exigences sont g\u00e9n\u00e9ralement captur\u00e9es sous la forme d'histoires d'utilisateurs (User Stories). Une d\u00e9finition structur\u00e9e des exigences comprend la description de l'exigence, des diagrammes de processus, des images\/captures d'\u00e9cran suppl\u00e9mentaires et des crit\u00e8res d'acceptation qui d\u00e9finissent les conditions d'ach\u00e8vement.<\/p>\n\n<\/div><\/div>\n\n<div class=\"gb-grid-column gb-grid-column-8d441afc\"><div class=\"gb-container gb-container-8d441afc\">\n\n<h3 class=\"gb-headline gb-headline-d7040a90 gb-headline-text\">4. Validation<\/h3>\n\n\n\n<p>Avant la mise en \u0153uvre, les exigences doivent \u00eatre revues. Il s'agit de les valider avec les <a href=\"https:\/\/niwadev.com\/fr\/connaissances\/stakeholder\/\" target=\"_blank\" rel=\"noopener\" title=\"Stakeholder\">stakeholders<\/a> par le biais de r\u00e9visions, de prototypes ou de sc\u00e9narios de test.Dans les projets agiles, cela se produit souvent lors d'une session d'affinage, au cours de laquelle les d\u00e9veloppeurs s'assurent que les exigences sont compl\u00e8tes et r\u00e9alisables.<\/p>\n\n<\/div><\/div>\n<\/div>\n<\/div><\/div>\n\n<div class=\"gb-grid-column gb-grid-column-fa30d5d1\"><div class=\"gb-container gb-container-fa30d5d1\">\n\n<h2 class=\"gb-headline gb-headline-d4ef0685 gb-headline-text\">Quels sont les Risques sans Ing\u00e9nierie des Exigences ?<\/h2>\n\n\n\n<p>Sans ing\u00e9nierie des exigences, les projets rencontrent souvent :<\/p>\n\n\n\n<div class=\"wp-block-uagb-icon-list uagb-block-ce322474\"><div class=\"uagb-icon-list__wrap\">\n<div class=\"wp-block-uagb-icon-list-child uagb-block-e40019fd\"><span class=\"uagb-icon-list__source-wrap\"><svg xmlns=\"https:\/\/www.w3.org\/2000\/svg\" viewbox=\"0 0 512 512\"><path d=\"M256 0C114.6 0 0 114.6 0 256c0 141.4 114.6 256 256 256s256-114.6 256-256C512 114.6 397.4 0 256 0zM406.6 278.6l-103.1 103.1c-12.5 12.5-32.75 12.5-45.25 0s-12.5-32.75 0-45.25L306.8 288H128C110.3 288 96 273.7 96 256s14.31-32 32-32h178.8l-49.38-49.38c-12.5-12.5-12.5-32.75 0-45.25s32.75-12.5 45.25 0l103.1 103.1C414.6 241.3 416 251.1 416 256C416 260.9 414.6 270.7 406.6 278.6z\"><\/path><\/svg><\/span><span class=\"uagb-icon-list__label\">Malentendus entre les parties prenantes et les d\u00e9veloppeurs \u2192 Le logiciel ne r\u00e9pond pas aux besoins r\u00e9els de l'entreprise.<\/span><\/div>\n\n\n\n<div class=\"wp-block-uagb-icon-list-child uagb-block-1c67aa7a\"><span class=\"uagb-icon-list__source-wrap\"><svg xmlns=\"https:\/\/www.w3.org\/2000\/svg\" viewbox=\"0 0 512 512\"><path d=\"M256 0C114.6 0 0 114.6 0 256c0 141.4 114.6 256 256 256s256-114.6 256-256C512 114.6 397.4 0 256 0zM406.6 278.6l-103.1 103.1c-12.5 12.5-32.75 12.5-45.25 0s-12.5-32.75 0-45.25L306.8 288H128C110.3 288 96 273.7 96 256s14.31-32 32-32h178.8l-49.38-49.38c-12.5-12.5-12.5-32.75 0-45.25s32.75-12.5 45.25 0l103.1 103.1C414.6 241.3 416 251.1 416 256C416 260.9 414.6 270.7 406.6 278.6z\"><\/path><\/svg><\/span><span class=\"uagb-icon-list__label\">Co\u00fbts de reprise \u00e9lev\u00e9s \u2192 Les fonctionnalit\u00e9s doivent \u00eatre r\u00e9impl\u00e9ment\u00e9es ult\u00e9rieurement.<\/span><\/div>\n\n\n\n<div class=\"wp-block-uagb-icon-list-child uagb-block-764eee05\"><span class=\"uagb-icon-list__source-wrap\"><svg xmlns=\"https:\/\/www.w3.org\/2000\/svg\" viewbox=\"0 0 512 512\"><path d=\"M256 0C114.6 0 0 114.6 0 256c0 141.4 114.6 256 256 256s256-114.6 256-256C512 114.6 397.4 0 256 0zM406.6 278.6l-103.1 103.1c-12.5 12.5-32.75 12.5-45.25 0s-12.5-32.75 0-45.25L306.8 288H128C110.3 288 96 273.7 96 256s14.31-32 32-32h178.8l-49.38-49.38c-12.5-12.5-12.5-32.75 0-45.25s32.75-12.5 45.25 0l103.1 103.1C414.6 241.3 416 251.1 416 256C416 260.9 414.6 270.7 406.6 278.6z\"><\/path><\/svg><\/span><span class=\"uagb-icon-list__label\">Interruptions fr\u00e9quentes dues \u00e0 des exigences peu claires<\/span><\/div>\n\n\n\n<div class=\"wp-block-uagb-icon-list-child uagb-block-146c0989\"><span class=\"uagb-icon-list__source-wrap\"><svg xmlns=\"https:\/\/www.w3.org\/2000\/svg\" viewbox=\"0 0 512 512\"><path d=\"M256 0C114.6 0 0 114.6 0 256c0 141.4 114.6 256 256 256s256-114.6 256-256C512 114.6 397.4 0 256 0zM406.6 278.6l-103.1 103.1c-12.5 12.5-32.75 12.5-45.25 0s-12.5-32.75 0-45.25L306.8 288H128C110.3 288 96 273.7 96 256s14.31-32 32-32h178.8l-49.38-49.38c-12.5-12.5-12.5-32.75 0-45.25s32.75-12.5 45.25 0l103.1 103.1C414.6 241.3 416 251.1 416 256C416 260.9 414.6 270.7 406.6 278.6z\"><\/path><\/svg><\/span><span class=\"uagb-icon-list__label\">Retard dans la mise \u00e0 disposition des fonctionnalit\u00e9s \u2192 Les projets prennent du retard.<\/span><\/div>\n\n\n\n<div class=\"wp-block-uagb-icon-list-child uagb-block-62561e64\"><span class=\"uagb-icon-list__source-wrap\"><svg xmlns=\"https:\/\/www.w3.org\/2000\/svg\" viewbox=\"0 0 512 512\"><path d=\"M256 0C114.6 0 0 114.6 0 256c0 141.4 114.6 256 256 256s256-114.6 256-256C512 114.6 397.4 0 256 0zM406.6 278.6l-103.1 103.1c-12.5 12.5-32.75 12.5-45.25 0s-12.5-32.75 0-45.25L306.8 288H128C110.3 288 96 273.7 96 256s14.31-32 32-32h178.8l-49.38-49.38c-12.5-12.5-12.5-32.75 0-45.25s32.75-12.5 45.25 0l103.1 103.1C414.6 241.3 416 251.1 416 256C416 260.9 414.6 270.7 406.6 278.6z\"><\/path><\/svg><\/span><span class=\"uagb-icon-list__label\">Mauvaise hi\u00e9rarchisation des exigences \u2192 Des fonctionnalit\u00e9s essentielles manquent ou sont mises en \u0153uvre trop tard.<\/span><\/div>\n\n\n\n<div class=\"wp-block-uagb-icon-list-child uagb-block-c28fd43d\"><span class=\"uagb-icon-list__source-wrap\"><svg xmlns=\"https:\/\/www.w3.org\/2000\/svg\" viewbox=\"0 0 512 512\"><path d=\"M256 0C114.6 0 0 114.6 0 256c0 141.4 114.6 256 256 256s256-114.6 256-256C512 114.6 397.4 0 256 0zM406.6 278.6l-103.1 103.1c-12.5 12.5-32.75 12.5-45.25 0s-12.5-32.75 0-45.25L306.8 288H128C110.3 288 96 273.7 96 256s14.31-32 32-32h178.8l-49.38-49.38c-12.5-12.5-12.5-32.75 0-45.25s32.75-12.5 45.25 0l103.1 103.1C414.6 241.3 416 251.1 416 256C416 260.9 414.6 270.7 406.6 278.6z\"><\/path><\/svg><\/span><span class=\"uagb-icon-list__label\">Erreurs de processus op\u00e9rationnel dans la production<\/span><\/div>\n<\/div><\/div>\n\n<\/div><\/div>\n\n<div class=\"gb-grid-column gb-grid-column-e97bba4e\"><div class=\"gb-container gb-container-e97bba4e\">\n\n<h2 class=\"gb-headline gb-headline-a1ec70fb gb-headline-text\">Quelle est la Diff\u00e9rence entre Ing\u00e9nierie des Exigences et Gestion des Exigences ?<\/h2>\n\n\n\n<p>L'ing\u00e9nierie des exigences comprend l'obtention, l'analyse et la documentation des exigences. Dans les projets traditionnels, l'ing\u00e9nierie des exigences se termine apr\u00e8s la phase de sp\u00e9cification, alors que dans les projets agiles, elle reste un processus continu.<\/p>\n\n\n\n<p>La gestion des exigences permet de s'assurer que les exigences restent \u00e0 jour tout au long du cycle de vie du projet. Elle contr\u00f4le les changements, maintient la tra\u00e7abilit\u00e9 et garantit des mises \u00e0 jour structur\u00e9es des exigences.<\/p>\n\n<\/div><\/div>\n\n<div class=\"gb-grid-column gb-grid-column-b2c069a3\"><div class=\"gb-container gb-container-b2c069a3\">\n\n<h2 class=\"gb-headline gb-headline-5c1abed8 gb-headline-text\">Quelles M\u00e9thodes Utiliser pour Collecter les Exigences ?<\/h2>\n\n\n\n<p>Les m\u00e9thodes varient selon les projets et les \u00e9quipes. Voici quelques approches courantes :<\/p>\n\n\n\n<div class=\"wp-block-uagb-icon-list uagb-block-250275c3\"><div class=\"uagb-icon-list__wrap\">\n<div class=\"wp-block-uagb-icon-list-child uagb-block-1f84a55f\"><span class=\"uagb-icon-list__source-wrap\"><svg xmlns=\"https:\/\/www.w3.org\/2000\/svg\" viewbox=\"0 0 512 512\"><path d=\"M256 0C114.6 0 0 114.6 0 256c0 141.4 114.6 256 256 256s256-114.6 256-256C512 114.6 397.4 0 256 0zM406.6 278.6l-103.1 103.1c-12.5 12.5-32.75 12.5-45.25 0s-12.5-32.75 0-45.25L306.8 288H128C110.3 288 96 273.7 96 256s14.31-32 32-32h178.8l-49.38-49.38c-12.5-12.5-12.5-32.75 0-45.25s32.75-12.5 45.25 0l103.1 103.1C414.6 241.3 416 251.1 416 256C416 260.9 414.6 270.7 406.6 278.6z\"><\/path><\/svg><\/span><span class=\"uagb-icon-list__label\">Stakeholder Interviews<\/span><\/div>\n\n\n\n<div class=\"wp-block-uagb-icon-list-child uagb-block-2c03b326\"><span class=\"uagb-icon-list__source-wrap\"><svg xmlns=\"https:\/\/www.w3.org\/2000\/svg\" viewbox=\"0 0 512 512\"><path d=\"M256 0C114.6 0 0 114.6 0 256c0 141.4 114.6 256 256 256s256-114.6 256-256C512 114.6 397.4 0 256 0zM406.6 278.6l-103.1 103.1c-12.5 12.5-32.75 12.5-45.25 0s-12.5-32.75 0-45.25L306.8 288H128C110.3 288 96 273.7 96 256s14.31-32 32-32h178.8l-49.38-49.38c-12.5-12.5-12.5-32.75 0-45.25s32.75-12.5 45.25 0l103.1 103.1C414.6 241.3 416 251.1 416 256C416 260.9 414.6 270.7 406.6 278.6z\"><\/path><\/svg><\/span><span class=\"uagb-icon-list__label\">Workshops<\/span><\/div>\n\n\n\n<div class=\"wp-block-uagb-icon-list-child uagb-block-49438077\"><span class=\"uagb-icon-list__source-wrap\"><svg xmlns=\"https:\/\/www.w3.org\/2000\/svg\" viewbox=\"0 0 512 512\"><path d=\"M256 0C114.6 0 0 114.6 0 256c0 141.4 114.6 256 256 256s256-114.6 256-256C512 114.6 397.4 0 256 0zM406.6 278.6l-103.1 103.1c-12.5 12.5-32.75 12.5-45.25 0s-12.5-32.75 0-45.25L306.8 288H128C110.3 288 96 273.7 96 256s14.31-32 32-32h178.8l-49.38-49.38c-12.5-12.5-12.5-32.75 0-45.25s32.75-12.5 45.25 0l103.1 103.1C414.6 241.3 416 251.1 416 256C416 260.9 414.6 270.7 406.6 278.6z\"><\/path><\/svg><\/span><span class=\"uagb-icon-list__label\">Enqu\u00eates<\/span><\/div>\n\n\n\n<div class=\"wp-block-uagb-icon-list-child uagb-block-891ae1b0\"><span class=\"uagb-icon-list__source-wrap\"><svg xmlns=\"https:\/\/www.w3.org\/2000\/svg\" viewbox=\"0 0 512 512\"><path d=\"M256 0C114.6 0 0 114.6 0 256c0 141.4 114.6 256 256 256s256-114.6 256-256C512 114.6 397.4 0 256 0zM406.6 278.6l-103.1 103.1c-12.5 12.5-32.75 12.5-45.25 0s-12.5-32.75 0-45.25L306.8 288H128C110.3 288 96 273.7 96 256s14.31-32 32-32h178.8l-49.38-49.38c-12.5-12.5-12.5-32.75 0-45.25s32.75-12.5 45.25 0l103.1 103.1C414.6 241.3 416 251.1 416 256C416 260.9 414.6 270.7 406.6 278.6z\"><\/path><\/svg><\/span><span class=\"uagb-icon-list__label\">Observations<\/span><\/div>\n\n\n\n<div class=\"wp-block-uagb-icon-list-child uagb-block-3aa7b2de\"><span class=\"uagb-icon-list__source-wrap\"><svg xmlns=\"https:\/\/www.w3.org\/2000\/svg\" viewbox=\"0 0 512 512\"><path d=\"M256 0C114.6 0 0 114.6 0 256c0 141.4 114.6 256 256 256s256-114.6 256-256C512 114.6 397.4 0 256 0zM406.6 278.6l-103.1 103.1c-12.5 12.5-32.75 12.5-45.25 0s-12.5-32.75 0-45.25L306.8 288H128C110.3 288 96 273.7 96 256s14.31-32 32-32h178.8l-49.38-49.38c-12.5-12.5-12.5-32.75 0-45.25s32.75-12.5 45.25 0l103.1 103.1C414.6 241.3 416 251.1 416 256C416 260.9 414.6 270.7 406.6 278.6z\"><\/path><\/svg><\/span><span class=\"uagb-icon-list__label\">Brainstorming<\/span><\/div>\n<\/div><\/div>\n\n<\/div><\/div>\n<\/div>","protected":false},"excerpt":{"rendered":"","protected":false},"author":1,"featured_media":0,"parent":1030,"menu_order":51,"comment_status":"closed","ping_status":"closed","template":"","meta":{"_uag_custom_page_level_css":"","footnotes":""},"class_list":["post-1048","page","type-page","status-publish"],"aioseo_notices":[],"uagb_featured_image_src":{"full":false,"thumbnail":false,"medium":false,"medium_large":false,"large":false,"1536x1536":false,"2048x2048":false,"trp-custom-language-flag":false},"uagb_author_info":{"display_name":"niwadev.com","author_link":"https:\/\/niwadev.com\/fr\/blog\/author\/niwadev-com\/"},"uagb_comment_info":0,"uagb_excerpt":null,"_links":{"self":[{"href":"https:\/\/niwadev.com\/fr\/wp-json\/wp\/v2\/pages\/1048","targetHints":{"allow":["GET"]}}],"collection":[{"href":"https:\/\/niwadev.com\/fr\/wp-json\/wp\/v2\/pages"}],"about":[{"href":"https:\/\/niwadev.com\/fr\/wp-json\/wp\/v2\/types\/page"}],"author":[{"embeddable":true,"href":"https:\/\/niwadev.com\/fr\/wp-json\/wp\/v2\/users\/1"}],"replies":[{"embeddable":true,"href":"https:\/\/niwadev.com\/fr\/wp-json\/wp\/v2\/comments?post=1048"}],"version-history":[{"count":8,"href":"https:\/\/niwadev.com\/fr\/wp-json\/wp\/v2\/pages\/1048\/revisions"}],"predecessor-version":[{"id":1092,"href":"https:\/\/niwadev.com\/fr\/wp-json\/wp\/v2\/pages\/1048\/revisions\/1092"}],"up":[{"embeddable":true,"href":"https:\/\/niwadev.com\/fr\/wp-json\/wp\/v2\/pages\/1030"}],"wp:attachment":[{"href":"https:\/\/niwadev.com\/fr\/wp-json\/wp\/v2\/media?parent=1048"}],"curies":[{"name":"wp","href":"https:\/\/api.w.org\/{rel}","templated":true}]}}