{"id":1081,"date":"2025-03-10T14:06:18","date_gmt":"2025-03-10T13:06:18","guid":{"rendered":"https:\/\/niwadev.com\/?page_id=1081"},"modified":"2025-03-10T14:14:24","modified_gmt":"2025-03-10T13:14:24","slug":"stakeholder","status":"publish","type":"page","link":"https:\/\/niwadev.com\/fr\/knowledge\/stakeholder\/","title":{"rendered":"Stakeholder"},"content":{"rendered":"<div class=\"gb-grid-wrapper gb-grid-wrapper-e161b2c4\">\n<div class=\"gb-grid-column gb-grid-column-71a2677b\"><div class=\"gb-container gb-container-71a2677b\">\n\n<p>Un stakeholder, ou partie prenante, est une personne ou un groupe ayant un int\u00e9r\u00eat dans un projet, une organisation ou un syst\u00e8me. Les parties prenantes peuvent \u00eatre activement impliqu\u00e9es dans le projet ou indirectement affect\u00e9es par ses r\u00e9sultats. Elles ont une influence sur le projet ou sont concern\u00e9es par son succ\u00e8s ou son \u00e9chec.<\/p>\n\n<\/div><\/div>\n\n<div class=\"gb-grid-column gb-grid-column-25dcfefb\"><div class=\"gb-container gb-container-25dcfefb\">\n\n<h2 class=\"gb-headline gb-headline-447b5d8c gb-headline-text\">Qui sont les parties prenantes dans un projet ?<\/h2>\n\n\n\n<p>Les parties prenantes peuvent \u00eatre class\u00e9es en diff\u00e9rentes cat\u00e9gories :<\/p>\n\n\n\n<div class=\"wp-block-uagb-icon-list uagb-block-900d20bf\"><div class=\"uagb-icon-list__wrap\">\n<div class=\"wp-block-uagb-icon-list-child uagb-block-33713985\"><span class=\"uagb-icon-list__source-wrap\"><svg xmlns=\"https:\/\/www.w3.org\/2000\/svg\" viewbox=\"0 0 512 512\"><path d=\"M256 0C114.6 0 0 114.6 0 256c0 141.4 114.6 256 256 256s256-114.6 256-256C512 114.6 397.4 0 256 0zM406.6 278.6l-103.1 103.1c-12.5 12.5-32.75 12.5-45.25 0s-12.5-32.75 0-45.25L306.8 288H128C110.3 288 96 273.7 96 256s14.31-32 32-32h178.8l-49.38-49.38c-12.5-12.5-12.5-32.75 0-45.25s32.75-12.5 45.25 0l103.1 103.1C414.6 241.3 416 251.1 416 256C416 260.9 414.6 270.7 406.6 278.6z\"><\/path><\/svg><\/span><span class=\"uagb-icon-list__label\">Parties prenantes internes : individus ou groupes au sein de l'organisation qui participent au projet, tels que les employ\u00e9s, les dirigeants, les d\u00e9partements ou les \u00e9quipes de projet.<\/span><\/div>\n\n\n\n<div class=\"wp-block-uagb-icon-list-child uagb-block-6eb97aab\"><span class=\"uagb-icon-list__source-wrap\"><svg xmlns=\"https:\/\/www.w3.org\/2000\/svg\" viewbox=\"0 0 512 512\"><path d=\"M256 0C114.6 0 0 114.6 0 256c0 141.4 114.6 256 256 256s256-114.6 256-256C512 114.6 397.4 0 256 0zM406.6 278.6l-103.1 103.1c-12.5 12.5-32.75 12.5-45.25 0s-12.5-32.75 0-45.25L306.8 288H128C110.3 288 96 273.7 96 256s14.31-32 32-32h178.8l-49.38-49.38c-12.5-12.5-12.5-32.75 0-45.25s32.75-12.5 45.25 0l103.1 103.1C414.6 241.3 416 251.1 416 256C416 260.9 414.6 270.7 406.6 278.6z\"><\/path><\/svg><\/span><span class=\"uagb-icon-list__label\">Parties prenantes externes : individus ou organisations ext\u00e9rieurs \u00e0 l'entreprise, mais concern\u00e9s ou ayant une influence sur le projet, comme les clients, les partenaires, les investisseurs ou les autorit\u00e9s r\u00e9glementaires.<\/span><\/div>\n<\/div><\/div>\n\n<\/div><\/div>\n\n<div class=\"gb-grid-column gb-grid-column-b102e9f0\"><div class=\"gb-container gb-container-b102e9f0\">\n\n<h2 class=\"gb-headline gb-headline-dce356d5 gb-headline-text\">Pourquoi les parties prenantes sont-elles importantes ?<\/h2>\n\n\n\n<p>Les parties prenantes jouent un r\u00f4le central dans la gestion de projet, et en particulier dans l' <a href=\"https:\/\/niwadev.com\/fr\/connaissances\/requirements-engineering\/\" target=\"_blank\" rel=\"noopener\" title=\"Ing\u00e9nierie des Exigences\">requirements engineering<\/a>. Elles fournissent des informations essentielles sur les exigences que le produit final doit satisfaire et influencent l\u2019ensemble du processus de d\u00e9veloppement.<\/p>\n\n\n\n<p>Une gestion efficace des parties prenantes permet de :<\/p>\n\n\n\n<div class=\"wp-block-uagb-icon-list uagb-block-0cdaca0b\"><div class=\"uagb-icon-list__wrap\">\n<div class=\"wp-block-uagb-icon-list-child uagb-block-3d66fc2e\"><span class=\"uagb-icon-list__source-wrap\"><svg xmlns=\"https:\/\/www.w3.org\/2000\/svg\" viewbox=\"0 0 512 512\"><path d=\"M256 0C114.6 0 0 114.6 0 256c0 141.4 114.6 256 256 256s256-114.6 256-256C512 114.6 397.4 0 256 0zM406.6 278.6l-103.1 103.1c-12.5 12.5-32.75 12.5-45.25 0s-12.5-32.75 0-45.25L306.8 288H128C110.3 288 96 273.7 96 256s14.31-32 32-32h178.8l-49.38-49.38c-12.5-12.5-12.5-32.75 0-45.25s32.75-12.5 45.25 0l103.1 103.1C414.6 241.3 416 251.1 416 256C416 260.9 414.6 270.7 406.6 278.6z\"><\/path><\/svg><\/span><span class=\"uagb-icon-list__label\">identifier les attentes et les exigences d\u00e8s le d\u00e9but<\/span><\/div>\n\n\n\n<div class=\"wp-block-uagb-icon-list-child uagb-block-311111e2\"><span class=\"uagb-icon-list__source-wrap\"><svg xmlns=\"https:\/\/www.w3.org\/2000\/svg\" viewbox=\"0 0 512 512\"><path d=\"M256 0C114.6 0 0 114.6 0 256c0 141.4 114.6 256 256 256s256-114.6 256-256C512 114.6 397.4 0 256 0zM406.6 278.6l-103.1 103.1c-12.5 12.5-32.75 12.5-45.25 0s-12.5-32.75 0-45.25L306.8 288H128C110.3 288 96 273.7 96 256s14.31-32 32-32h178.8l-49.38-49.38c-12.5-12.5-12.5-32.75 0-45.25s32.75-12.5 45.25 0l103.1 103.1C414.6 241.3 416 251.1 416 256C416 260.9 414.6 270.7 406.6 278.6z\"><\/path><\/svg><\/span><span class=\"uagb-icon-list__label\">\u00e9viter les malentendus et minimiser les conflits<\/span><\/div>\n\n\n\n<div class=\"wp-block-uagb-icon-list-child uagb-block-6241dd83\"><span class=\"uagb-icon-list__source-wrap\"><svg xmlns=\"https:\/\/www.w3.org\/2000\/svg\" viewbox=\"0 0 512 512\"><path d=\"M256 0C114.6 0 0 114.6 0 256c0 141.4 114.6 256 256 256s256-114.6 256-256C512 114.6 397.4 0 256 0zM406.6 278.6l-103.1 103.1c-12.5 12.5-32.75 12.5-45.25 0s-12.5-32.75 0-45.25L306.8 288H128C110.3 288 96 273.7 96 256s14.31-32 32-32h178.8l-49.38-49.38c-12.5-12.5-12.5-32.75 0-45.25s32.75-12.5 45.25 0l103.1 103.1C414.6 241.3 416 251.1 416 256C416 260.9 414.6 270.7 406.6 278.6z\"><\/path><\/svg><\/span><span class=\"uagb-icon-list__label\">prendre des d\u00e9cisions sur une base solide<\/span><\/div>\n\n\n\n<div class=\"wp-block-uagb-icon-list-child uagb-block-4cf656b4\"><span class=\"uagb-icon-list__source-wrap\"><svg xmlns=\"https:\/\/www.w3.org\/2000\/svg\" viewbox=\"0 0 512 512\"><path d=\"M256 0C114.6 0 0 114.6 0 256c0 141.4 114.6 256 256 256s256-114.6 256-256C512 114.6 397.4 0 256 0zM406.6 278.6l-103.1 103.1c-12.5 12.5-32.75 12.5-45.25 0s-12.5-32.75 0-45.25L306.8 288H128C110.3 288 96 273.7 96 256s14.31-32 32-32h178.8l-49.38-49.38c-12.5-12.5-12.5-32.75 0-45.25s32.75-12.5 45.25 0l103.1 103.1C414.6 241.3 416 251.1 416 256C416 260.9 414.6 270.7 406.6 278.6z\"><\/path><\/svg><\/span><span class=\"uagb-icon-list__label\">obtenir une meilleure acceptation des projets aupr\u00e8s des groupes concern\u00e9s<\/span><\/div>\n<\/div><\/div>\n\n<\/div><\/div>\n\n<div class=\"gb-grid-column gb-grid-column-ab5f78ce\"><div class=\"gb-container gb-container-ab5f78ce\">\n\n<h2 class=\"gb-headline gb-headline-8e649bef gb-headline-text\">Comment identifier et analyser les parties prenantes ?<\/h2>\n\n\n\n<p>L'identification des parties prenantes est une \u00e9tape essentielle de la gestion de projet. Plusieurs m\u00e9thodes peuvent \u00eatre utilis\u00e9es :<\/p>\n\n\n\n<div class=\"wp-block-uagb-icon-list uagb-block-7b383a8b\"><div class=\"uagb-icon-list__wrap\">\n<div class=\"wp-block-uagb-icon-list-child uagb-block-4105d515\"><span class=\"uagb-icon-list__source-wrap\"><svg xmlns=\"https:\/\/www.w3.org\/2000\/svg\" viewbox=\"0 0 512 512\"><path d=\"M256 0C114.6 0 0 114.6 0 256c0 141.4 114.6 256 256 256s256-114.6 256-256C512 114.6 397.4 0 256 0zM406.6 278.6l-103.1 103.1c-12.5 12.5-32.75 12.5-45.25 0s-12.5-32.75 0-45.25L306.8 288H128C110.3 288 96 273.7 96 256s14.31-32 32-32h178.8l-49.38-49.38c-12.5-12.5-12.5-32.75 0-45.25s32.75-12.5 45.25 0l103.1 103.1C414.6 241.3 416 251.1 416 256C416 260.9 414.6 270.7 406.6 278.6z\"><\/path><\/svg><\/span><span class=\"uagb-icon-list__label\">Analyse des parties prenantes : identification des parties prenantes pertinentes et \u00e9valuation de leur influence sur le projet.<\/span><\/div>\n\n\n\n<div class=\"wp-block-uagb-icon-list-child uagb-block-fc3e2dfc\"><span class=\"uagb-icon-list__source-wrap\"><svg xmlns=\"https:\/\/www.w3.org\/2000\/svg\" viewbox=\"0 0 512 512\"><path d=\"M256 0C114.6 0 0 114.6 0 256c0 141.4 114.6 256 256 256s256-114.6 256-256C512 114.6 397.4 0 256 0zM406.6 278.6l-103.1 103.1c-12.5 12.5-32.75 12.5-45.25 0s-12.5-32.75 0-45.25L306.8 288H128C110.3 288 96 273.7 96 256s14.31-32 32-32h178.8l-49.38-49.38c-12.5-12.5-12.5-32.75 0-45.25s32.75-12.5 45.25 0l103.1 103.1C414.6 241.3 416 251.1 416 256C416 260.9 414.6 270.7 406.6 278.6z\"><\/path><\/svg><\/span><span class=\"uagb-icon-list__label\">Matrice des parties prenantes : classification des parties prenantes en fonction de leur niveau d\u2019influence et d\u2019int\u00e9r\u00eat (ex. : forte influence et grand int\u00e9r\u00eat \u2192 parties prenantes cl\u00e9s).<\/span><\/div>\n\n\n\n<div class=\"wp-block-uagb-icon-list-child uagb-block-1690e0d0\"><span class=\"uagb-icon-list__source-wrap\"><svg xmlns=\"https:\/\/www.w3.org\/2000\/svg\" viewbox=\"0 0 512 512\"><path d=\"M256 0C114.6 0 0 114.6 0 256c0 141.4 114.6 256 256 256s256-114.6 256-256C512 114.6 397.4 0 256 0zM406.6 278.6l-103.1 103.1c-12.5 12.5-32.75 12.5-45.25 0s-12.5-32.75 0-45.25L306.8 288H128C110.3 288 96 273.7 96 256s14.31-32 32-32h178.8l-49.38-49.38c-12.5-12.5-12.5-32.75 0-45.25s32.75-12.5 45.25 0l103.1 103.1C414.6 241.3 416 251.1 416 256C416 260.9 414.6 270.7 406.6 278.6z\"><\/path><\/svg><\/span><span class=\"uagb-icon-list__label\">Strat\u00e9gie de communication : planification de la mani\u00e8re dont les parties prenantes doivent \u00eatre inform\u00e9es et impliqu\u00e9es.<\/span><\/div>\n<\/div><\/div>\n\n<\/div><\/div>\n\n<div class=\"gb-grid-column gb-grid-column-9e0bc48b\"><div class=\"gb-container gb-container-9e0bc48b\">\n\n<h2 class=\"gb-headline gb-headline-b4a3e260 gb-headline-text\">Quels sont les d\u00e9fis li\u00e9s \u00e0 la gestion des parties prenantes ?<\/h2>\n\n\n\n<p>La gestion des parties prenantes peut \u00eatre complexe, car elles ont souvent des int\u00e9r\u00eats et des attentes divergents. Certaines parties prenantes privil\u00e9gient une mise en \u0153uvre rapide, tandis que d'autres insistent sur des tests approfondis et une assurance qualit\u00e9 rigoureuse. Ces objectifs contradictoires doivent \u00eatre identifi\u00e9s d\u00e8s le d\u00e9but et r\u00e9solus par une hi\u00e9rarchisation claire des priorit\u00e9s.<\/p>\n\n\n\n<p>Un autre d\u00e9fi survient lorsque les parties prenantes ne sont pas activement impliqu\u00e9es dans le projet ou sont int\u00e9gr\u00e9es trop tard dans la prise de d\u00e9cision. Un manque de communication peut entra\u00eener l\u2019oubli ou la mauvaise prise en compte d\u2019exigences importantes. Des r\u00e9unions r\u00e9guli\u00e8res et des processus d\u00e9cisionnels transparents aident \u00e0 \u00e9viter ces probl\u00e8mes.<\/p>\n\n\n\n<p>Certaines parties prenantes exercent une forte influence malgr\u00e9 une expertise technique limit\u00e9e. Cela peut conduire \u00e0 des d\u00e9cisions difficiles \u00e0 mettre en \u0153uvre techniquement ou non optimales pour l\u2019ensemble du projet. Dans ces cas, il est crucial de g\u00e9rer les attentes de mani\u00e8re r\u00e9aliste et de fournir des arguments bien \u00e9tay\u00e9s pour ou contre certaines exigences.<\/p>\n\n<\/div><\/div>\n<\/div>","protected":false},"excerpt":{"rendered":"","protected":false},"author":1,"featured_media":0,"parent":1030,"menu_order":52,"comment_status":"closed","ping_status":"closed","template":"","meta":{"_uag_custom_page_level_css":"","footnotes":""},"class_list":["post-1081","page","type-page","status-publish"],"aioseo_notices":[],"uagb_featured_image_src":{"full":false,"thumbnail":false,"medium":false,"medium_large":false,"large":false,"1536x1536":false,"2048x2048":false,"trp-custom-language-flag":false},"uagb_author_info":{"display_name":"niwadev.com","author_link":"https:\/\/niwadev.com\/fr\/blog\/author\/niwadev-com\/"},"uagb_comment_info":0,"uagb_excerpt":null,"_links":{"self":[{"href":"https:\/\/niwadev.com\/fr\/wp-json\/wp\/v2\/pages\/1081","targetHints":{"allow":["GET"]}}],"collection":[{"href":"https:\/\/niwadev.com\/fr\/wp-json\/wp\/v2\/pages"}],"about":[{"href":"https:\/\/niwadev.com\/fr\/wp-json\/wp\/v2\/types\/page"}],"author":[{"embeddable":true,"href":"https:\/\/niwadev.com\/fr\/wp-json\/wp\/v2\/users\/1"}],"replies":[{"embeddable":true,"href":"https:\/\/niwadev.com\/fr\/wp-json\/wp\/v2\/comments?post=1081"}],"version-history":[{"count":2,"href":"https:\/\/niwadev.com\/fr\/wp-json\/wp\/v2\/pages\/1081\/revisions"}],"predecessor-version":[{"id":1087,"href":"https:\/\/niwadev.com\/fr\/wp-json\/wp\/v2\/pages\/1081\/revisions\/1087"}],"up":[{"embeddable":true,"href":"https:\/\/niwadev.com\/fr\/wp-json\/wp\/v2\/pages\/1030"}],"wp:attachment":[{"href":"https:\/\/niwadev.com\/fr\/wp-json\/wp\/v2\/media?parent=1081"}],"curies":[{"name":"wp","href":"https:\/\/api.w.org\/{rel}","templated":true}]}}