{"id":113,"date":"2023-09-10T21:50:27","date_gmt":"2023-09-10T19:50:27","guid":{"rendered":"https:\/\/niwadev.com\/?page_id=113"},"modified":"2025-03-06T10:37:28","modified_gmt":"2025-03-06T09:37:28","slug":"services","status":"publish","type":"page","link":"https:\/\/niwadev.com\/fr\/services\/","title":{"rendered":"Solutions logicielles sur mesure pour l'industrie de l'\u00e9nergie - flexibles et \u00e9volutives"},"content":{"rendered":"<p>Les fournisseurs d'\u00e9nergie, les exploitants de r\u00e9seaux et les services municipaux sont confront\u00e9s \u00e0 une multitude de d\u00e9fis. En particulier dans les domaines de la vente et du service \u00e0 la client\u00e8le, il s'agit d'avoir une longueur d'avance sur la concurrence. Pour faire avancer la num\u00e9risation, je soutiens votre entreprise sur le front informatique avec les prestations suivantes.<\/p>\n\n\n<div class=\"gb-grid-wrapper gb-grid-wrapper-b2318b64\">\n<div class=\"gb-grid-column gb-grid-column-986468de\"><div class=\"gb-container gb-container-986468de nwdev-services-panel\">\n\n<figure class=\"gb-block-image gb-block-image-83ef3aac\"><img decoding=\"async\" class=\"gb-image gb-image-83ef3aac\" src=\"https:\/\/niwadev.com\/wp-content\/uploads\/2023\/09\/web-api-icon.svg\" alt=\"Voir mes services de d\u00e9veloppement de backend\" title=\"Ic\u00f4ne de d\u00e9veloppement d&#039;API backend\"\/><\/figure>\n\n\n<div class=\"gb-container gb-container-c11b4a5c\">\n\n<h3 class=\"gb-headline gb-headline-e666af22 gb-headline-text\">D\u00e9veloppement Backend<\/h3>\n\n\n\n<p class=\"has-text-align-center\">Mise en \u0153uvre technique des processus, en connectant les syst\u00e8mes typiques des fournisseurs d'\u00e9nergie, tels que les processus de commande ou de facturation. Connexion transparente aux syst\u00e8mes ERP et de facturation tels que SAP IS-U, CRM.  <\/p>\n\n<\/div>\n\n\n<div class=\"wp-block-buttons is-content-justification-center is-layout-flex wp-container-core-buttons-is-layout-16018d1d wp-block-buttons-is-layout-flex\">\n<div class=\"wp-block-button\"><a class=\"wp-block-button__link wp-element-button\" href=\"https:\/\/niwadev.com\/fr\/services\/developpement-back-end\/\">En savoir plus<\/a><\/div>\n<\/div>\n\n<\/div><\/div>\n\n<div class=\"gb-grid-column gb-grid-column-3204a459\"><div class=\"gb-container gb-container-3204a459 nwdev-services-panel\">\n\n<figure class=\"gb-block-image gb-block-image-d0f8b824\"><img decoding=\"async\" class=\"gb-image gb-image-d0f8b824\" src=\"https:\/\/niwadev.com\/wp-content\/uploads\/2023\/09\/integration-development-service-icon.svg\" alt=\"En savoir plus sur mes comp\u00e9tences et mes services en mati\u00e8re de d\u00e9veloppement de l&#039;int\u00e9gration\" title=\"D\u00e9veloppement de l&#039;int\u00e9gration\"\/><\/figure>\n\n\n<div class=\"gb-container gb-container-ce4663e9\">\n\n<h3 class=\"gb-headline gb-headline-b3a2ee10 gb-headline-text\">Ing\u00e9nierie des Exigences<\/h3>\n\n\n\n<p class=\"has-text-align-center\">Num\u00e9riser les bons processus - de l'id\u00e9e \u00e0 la mise en \u0153uvre. Soutenir la communication dans les projets pour de meilleurs r\u00e9sultats.<\/p>\n\n<\/div>\n\n\n<div class=\"wp-block-buttons is-content-justification-center is-layout-flex wp-container-core-buttons-is-layout-16018d1d wp-block-buttons-is-layout-flex\">\n<div class=\"wp-block-button\"><a class=\"wp-block-button__link wp-element-button\" href=\"https:\/\/niwadev.com\/fr\/services\/requirements-engineering\/\">En savoir plus<\/a><\/div>\n<\/div>\n\n<\/div><\/div>\n\n<div class=\"gb-grid-column gb-grid-column-7aecc096\"><div class=\"gb-container gb-container-7aecc096 nwdev-services-panel\">\n\n<figure class=\"gb-block-image gb-block-image-3b303d31\"><img decoding=\"async\" class=\"gb-image gb-image-3b303d31\" src=\"https:\/\/niwadev.com\/wp-content\/uploads\/2023\/09\/data-cloud-icon.svg\" alt=\"En savoir plus sur mes services de d\u00e9veloppement vers les technologies cloud.\" title=\"Technologies en cloud\"\/><\/figure>\n\n\n<div class=\"gb-container gb-container-28a9e193\">\n\n<h3 class=\"gb-headline gb-headline-df9a6854 gb-headline-text\">D\u00e9veloppement Cloud avec Azure<\/h3>\n\n\n\n<p class=\"has-text-align-center\">\u00c9volutivit\u00e9 de premier ordre et d\u00e9veloppement efficace d'applications cloud-natives pour les portails clients, la gestion des contrats et les processus de commande num\u00e9rique.<\/p>\n\n<\/div>\n\n\n<div class=\"wp-block-buttons is-content-justification-center is-layout-flex wp-container-core-buttons-is-layout-16018d1d wp-block-buttons-is-layout-flex\">\n<div class=\"wp-block-button\"><a class=\"wp-block-button__link wp-element-button\" href=\"https:\/\/niwadev.com\/fr\/services\/technologies-en-cloud\/\">En savoir plus<\/a><\/div>\n<\/div>\n\n<\/div><\/div>\n\n<div class=\"gb-grid-column gb-grid-column-8c65c9ee\"><div class=\"gb-container gb-container-8c65c9ee nwdev-services-panel\">\n\n<figure class=\"gb-block-image gb-block-image-86585bdd\"><img decoding=\"async\" class=\"gb-image gb-image-86585bdd\" src=\"https:\/\/niwadev.com\/wp-content\/uploads\/2023\/09\/flask-icon.svg\" alt=\"D\u00e9couvrez mes services de d\u00e9veloppement pilot\u00e9 par les tests\" title=\"Test Driven Development\"\/><\/figure>\n\n\n<div class=\"gb-container gb-container-a49e0aa6\">\n\n<h3 class=\"gb-headline gb-headline-7576664d gb-headline-text\">TDD &#8211; Test Driven Development<\/h3>\n\n\n\n<p class=\"has-text-align-center\">Mise en \u0153uvre s\u00e9curis\u00e9e des processus li\u00e9s \u00e0 la facturation et des applications l\u00e9galement r\u00e9glement\u00e9es.<\/p>\n\n<\/div>\n\n\n<div class=\"wp-block-buttons is-content-justification-center is-layout-flex wp-container-core-buttons-is-layout-16018d1d wp-block-buttons-is-layout-flex\">\n<div class=\"wp-block-button\"><a class=\"wp-block-button__link wp-element-button\" href=\"https:\/\/niwadev.com\/fr\/services\/tdd-test-driven-development\/\">En savoir plus<\/a><\/div>\n<\/div>\n\n<\/div><\/div>\n\n<div class=\"gb-grid-column gb-grid-column-725ae62e\"><div class=\"gb-container gb-container-725ae62e nwdev-services-panel\">\n\n<figure class=\"gb-block-image gb-block-image-949e1100\"><img decoding=\"async\" class=\"gb-image gb-image-949e1100\" src=\"https:\/\/niwadev.com\/wp-content\/uploads\/2023\/09\/distributed-architecture-icon.svg\" alt=\"D\u00e9couvrez mes services de d\u00e9veloppement en mati\u00e8re d&#039;architecture logicielle distribu\u00e9e\" title=\"Architecture logicielle distribu\u00e9e\"\/><\/figure>\n\n\n<div class=\"gb-container gb-container-2033a67c\">\n\n<h3 class=\"gb-headline gb-headline-91b44845 gb-headline-text\">Architectures distribu\u00e9es<\/h3>\n\n\n\n<p class=\"has-text-align-center\">Dimensionner, d\u00e9ployer et d\u00e9velopper de mani\u00e8re ind\u00e9pendante en utilisant des microservices.<\/p>\n\n<\/div>\n\n\n<div class=\"wp-block-buttons is-content-justification-center is-layout-flex wp-container-core-buttons-is-layout-16018d1d wp-block-buttons-is-layout-flex\">\n<div class=\"wp-block-button\"><a class=\"wp-block-button__link wp-element-button\" href=\"https:\/\/niwadev.com\/fr\/services\/architectures-distribuees\/\">En savoir plus<\/a><\/div>\n<\/div>\n\n<\/div><\/div>\n\n<div class=\"gb-grid-column gb-grid-column-442459c8\"><div class=\"gb-container gb-container-442459c8 nwdev-services-panel\">\n\n<figure class=\"gb-block-image gb-block-image-e9219512\"><img decoding=\"async\" class=\"gb-image gb-image-e9219512\" src=\"https:\/\/niwadev.com\/wp-content\/uploads\/2023\/09\/function-as-a-service-icon.svg\" alt=\"Explorez mon offre de function as a service (ou FaaS)\" title=\"FaaS - Function as a Service\"\/><\/figure>\n\n\n<div class=\"gb-container gb-container-0a7671cc\">\n\n<h3 class=\"gb-headline gb-headline-63e2d975 gb-headline-text\">FaaS &#8211; Function as a Service<\/h3>\n\n\n\n<p class=\"has-text-align-center\">Mise en \u0153uvre de fonctions cloud \u00e9volutives pour le traitement des relev\u00e9s de compteurs, la logique de facturation et les demandes de renseignements des clients.<\/p>\n\n<\/div>\n\n\n<div class=\"wp-block-buttons is-content-justification-center is-layout-flex wp-container-core-buttons-is-layout-16018d1d wp-block-buttons-is-layout-flex\">\n<div class=\"wp-block-button\"><a class=\"wp-block-button__link wp-element-button\" href=\"https:\/\/niwadev.com\/fr\/services\/faas-function-as-a-service\/\">En savoir plus<\/a><\/div>\n<\/div>\n\n<\/div><\/div>\n<\/div>","protected":false},"excerpt":{"rendered":"<p>Les fournisseurs d'\u00e9nergie, les exploitants de r\u00e9seaux et les services municipaux sont confront\u00e9s \u00e0 une multitude de d\u00e9fis. En particulier dans les domaines de la vente et du service \u00e0 la client\u00e8le, il s'agit d'avoir une longueur d'avance sur la concurrence. Pour faire avancer la num\u00e9risation, je soutiens votre entreprise sur le front informatique avec les prestations suivantes.<\/p>","protected":false},"author":1,"featured_media":0,"parent":0,"menu_order":20,"comment_status":"closed","ping_status":"closed","template":"","meta":{"_uag_custom_page_level_css":"","footnotes":""},"class_list":["post-113","page","type-page","status-publish"],"aioseo_notices":[],"uagb_featured_image_src":{"full":false,"thumbnail":false,"medium":false,"medium_large":false,"large":false,"1536x1536":false,"2048x2048":false,"trp-custom-language-flag":false},"uagb_author_info":{"display_name":"niwadev.com","author_link":"https:\/\/niwadev.com\/fr\/blog\/author\/niwadev-com\/"},"uagb_comment_info":0,"uagb_excerpt":"Energy suppliers, grid operators and municipal utilities are facing a multitude of challenges. In the areas of sales and customer service in particular, it is important to stay one step ahead of the competition. I can support your company on the IT front with the following services to drive digitalization forward.","_links":{"self":[{"href":"https:\/\/niwadev.com\/fr\/wp-json\/wp\/v2\/pages\/113","targetHints":{"allow":["GET"]}}],"collection":[{"href":"https:\/\/niwadev.com\/fr\/wp-json\/wp\/v2\/pages"}],"about":[{"href":"https:\/\/niwadev.com\/fr\/wp-json\/wp\/v2\/types\/page"}],"author":[{"embeddable":true,"href":"https:\/\/niwadev.com\/fr\/wp-json\/wp\/v2\/users\/1"}],"replies":[{"embeddable":true,"href":"https:\/\/niwadev.com\/fr\/wp-json\/wp\/v2\/comments?post=113"}],"version-history":[{"count":2,"href":"https:\/\/niwadev.com\/fr\/wp-json\/wp\/v2\/pages\/113\/revisions"}],"predecessor-version":[{"id":1026,"href":"https:\/\/niwadev.com\/fr\/wp-json\/wp\/v2\/pages\/113\/revisions\/1026"}],"wp:attachment":[{"href":"https:\/\/niwadev.com\/fr\/wp-json\/wp\/v2\/media?parent=113"}],"curies":[{"name":"wp","href":"https:\/\/api.w.org\/{rel}","templated":true}]}}