{"id":123,"date":"2023-09-10T20:54:34","date_gmt":"2023-09-10T18:54:34","guid":{"rendered":"https:\/\/niwadev.com\/?page_id=123"},"modified":"2025-06-06T19:20:33","modified_gmt":"2025-06-06T17:20:33","slug":"technologies-en-cloud","status":"publish","type":"page","link":"https:\/\/niwadev.com\/fr\/services\/cloud-technologies\/","title":{"rendered":"D\u00e9veloppement Cloud \u2013 Applications Azure puissantes et scalables pour votre entreprise"},"content":{"rendered":"<div class=\"gb-container gb-container-b29add22\">\n\n<figure class=\"wp-block-image size-full\"><img decoding=\"async\" width=\"1200\" height=\"400\" src=\"https:\/\/niwadev.com\/wp-content\/uploads\/2023\/09\/AdobeStock_525131560_resized.webp\" alt=\"Illustration d&#039;une ville intelligente de nuit pour illustrer les technologies en cloud.\" class=\"wp-image-183\" style=\"object-fit:cover\" srcset=\"https:\/\/niwadev.com\/wp-content\/uploads\/2023\/09\/AdobeStock_525131560_resized.webp 1200w, https:\/\/niwadev.com\/wp-content\/uploads\/2023\/09\/AdobeStock_525131560_resized-300x100.webp 300w, https:\/\/niwadev.com\/wp-content\/uploads\/2023\/09\/AdobeStock_525131560_resized-1024x341.webp 1024w, https:\/\/niwadev.com\/wp-content\/uploads\/2023\/09\/AdobeStock_525131560_resized-768x256.webp 768w, https:\/\/niwadev.com\/wp-content\/uploads\/2023\/09\/AdobeStock_525131560_resized-18x6.webp 18w\" sizes=\"(max-width: 1200px) 100vw, 1200px\" \/><\/figure>\n\n<\/div>\n\n<div class=\"gb-grid-wrapper gb-grid-wrapper-f29c7819\">\n<div class=\"gb-grid-column gb-grid-column-f7f57845\"><div class=\"gb-container gb-container-f7f57845\">\n\n<h2 class=\"gb-headline gb-headline-87548765 gb-headline-text\">D\u00e9veloppement Cloud Azure pour des applications p\u00e9rennes<\/h2>\n\n\n\n<p>Microsoft Azure est l'une des plateformes les plus puissantes pour cr\u00e9er des applications cloud modernes, scalables et s\u00e9curis\u00e9es. Elle offre une gamme d'outils Platform-as-a-Service (PaaS) qui permettent aux entreprises d'innover rapidement tout en maintenant des performances \u00e9lev\u00e9es et une efficacit\u00e9 \u00e9conomique.<\/p>\n\n\n\n<p>En tant que&nbsp;<a href=\"https:\/\/learn.microsoft.com\/api\/credentials\/share\/en-us\/NicolasWazulek\/22A5ED081933CD8F?sharingId=A91750180D21008B\" target=\"_blank\" rel=\"noopener\" title=\"Microsoft Certified: Azure Developer Associate Credentials\">Microsoft Certified: Azure Developer Associate,<\/a> je suis sp\u00e9cialis\u00e9 dans le d\u00e9veloppement d\u2019applications personnalis\u00e9es avec les technologies Azure. Mon expertise consiste \u00e0 utiliser les services PaaS d\u2019Azure pour <a href=\"https:\/\/niwadev.com\/fr\/services\/developpement-back-end\/\" title=\"D\u00e9veloppement Backend pour le Secteur de l\u2019\u00c9nergie\">cr\u00e9er des Web APIs robustes,<\/a> <a href=\"https:\/\/niwadev.com\/fr\/services\/faas-function-as-a-service\/\" title=\"FaaS \u2013 Function-as-a-Service\">des Function Apps<\/a> et <a href=\"https:\/\/niwadev.com\/fr\/services\/architectures-distribuees\/\" title=\"Architectures distribu\u00e9es\">des architectures orient\u00e9es \u00e9v\u00e9nements<\/a>. Que ce soit pour d\u00e9velopper des solutions scalables, int\u00e9grer des pipelines de donn\u00e9es avec Azure Data Factory ou g\u00e9rer des flux de messages avec Azure Service Bus, je m\u2019assure que vos applications r\u00e9pondent parfaitement \u00e0 vos objectifs.<\/p>\n\n<\/div><\/div>\n\n<div class=\"gb-grid-column gb-grid-column-1afd21a6\"><div class=\"gb-container gb-container-1afd21a6\">\n\n<h2 class=\"gb-headline gb-headline-063d36d4 gb-headline-text\">Vos Avantages<\/h2>\n\n\n\n<div class=\"wp-block-uagb-icon-list uagb-block-f2428218\"><div class=\"uagb-icon-list__wrap\">\n<div class=\"wp-block-uagb-icon-list-child uagb-block-80abdd0f\"><span class=\"uagb-icon-list__source-wrap\"><svg xmlns=\"https:\/\/www.w3.org\/2000\/svg\" viewbox=\"0 0 512 512\"><path d=\"M256 512C114.6 512 0 397.4 0 256C0 114.6 114.6 0 256 0C397.4 0 512 114.6 512 256C512 397.4 397.4 512 256 512zM232 256C232 264 236 271.5 242.7 275.1L338.7 339.1C349.7 347.3 364.6 344.3 371.1 333.3C379.3 322.3 376.3 307.4 365.3 300L280 243.2V120C280 106.7 269.3 96 255.1 96C242.7 96 231.1 106.7 231.1 120L232 256z\"><\/path><\/svg><\/span><span class=\"uagb-icon-list__label\"><strong>Acc\u00e9l\u00e9ration du lancement :<\/strong>\u00a0D\u00e9veloppez vos applications plus rapidement gr\u00e2ce aux offres PaaS d\u2019Azure<\/span><\/div>\n\n\n\n<div class=\"wp-block-uagb-icon-list-child uagb-block-8bd8e539\"><span class=\"uagb-icon-list__source-wrap\"><svg xmlns=\"https:\/\/www.w3.org\/2000\/svg\" viewbox=\"0 0 512 512\"><path d=\"M326.7 403.7C304.7 411.6 280.8 416 256 416C231.2 416 207.3 411.6 185.3 403.7C184.1 403.6 184.7 403.5 184.5 403.4C154.4 392.4 127.6 374.6 105.9 352C70.04 314.6 48 263.9 48 208C48 93.12 141.1 0 256 0C370.9 0 464 93.12 464 208C464 263.9 441.1 314.6 406.1 352C405.1 353 404.1 354.1 403.1 355.1C381.7 376.4 355.7 393.2 326.7 403.7L326.7 403.7zM235.9 111.1V118C230.3 119.2 224.1 120.9 220 123.1C205.1 129.9 192.1 142.5 188.9 160.8C187.1 171 188.1 180.9 192.3 189.8C196.5 198.6 203 204.8 209.6 209.3C221.2 217.2 236.5 221.8 248.2 225.3L250.4 225.9C264.4 230.2 273.8 233.3 279.7 237.6C282.2 239.4 283.1 240.8 283.4 241.7C283.8 242.5 284.4 244.3 283.7 248.3C283.1 251.8 281.2 254.8 275.7 257.1C269.6 259.7 259.7 261 246.9 259C240.9 258 230.2 254.4 220.7 251.2C218.5 250.4 216.3 249.7 214.3 249C203.8 245.5 192.5 251.2 189 261.7C185.5 272.2 191.2 283.5 201.7 286.1C202.9 287.4 204.4 287.9 206.1 288.5C213.1 291.2 226.4 295.4 235.9 297.6V304C235.9 315.1 244.9 324.1 255.1 324.1C267.1 324.1 276.1 315.1 276.1 304V298.5C281.4 297.5 286.6 295.1 291.4 293.9C307.2 287.2 319.8 274.2 323.1 255.2C324.9 244.8 324.1 234.8 320.1 225.7C316.2 216.7 309.9 210.1 303.2 205.3C291.1 196.4 274.9 191.6 262.8 187.9L261.1 187.7C247.8 183.4 238.2 180.4 232.1 176.2C229.5 174.4 228.7 173.2 228.5 172.7C228.3 172.3 227.7 171.1 228.3 167.7C228.7 165.7 230.2 162.4 236.5 159.6C242.1 156.7 252.9 155.1 265.1 156.1C269.5 157.7 283 160.3 286.9 161.3C297.5 164.2 308.5 157.8 311.3 147.1C314.2 136.5 307.8 125.5 297.1 122.7C292.7 121.5 282.7 119.5 276.1 118.3V112C276.1 100.9 267.1 91.9 256 91.9C244.9 91.9 235.9 100.9 235.9 112V111.1zM48 352H63.98C83.43 377.9 108 399.7 136.2 416H64V448H448V416H375.8C403.1 399.7 428.6 377.9 448 352H464C490.5 352 512 373.5 512 400V464C512 490.5 490.5 512 464 512H48C21.49 512 0 490.5 0 464V400C0 373.5 21.49 352 48 352H48z\"><\/path><\/svg><\/span><span class=\"uagb-icon-list__label\"><strong>R\u00e9duction des co\u00fbts :<\/strong>\u00a0Les architectures sans serveur r\u00e9duisent les d\u00e9penses d\u2019infrastructure<\/span><\/div>\n\n\n\n<div class=\"wp-block-uagb-icon-list-child uagb-block-9fd083b4\"><span class=\"uagb-icon-list__source-wrap\"><svg xmlns=\"https:\/\/www.w3.org\/2000\/svg\" viewbox=\"0 0 448 512\"><path d=\"M448 161v-21.3l-28.5-8.8-2.2-10.4 20.1-20.7L427 80.4l-29 7.5-7.2-7.5 7.5-28.2-19.1-11.6-21.3 21-10.7-3.2-7-26.4h-22.6l-6.2 26.4-12.1 3.2-19.7-21-19.4 11 8.1 27.7-8.1 8.4-28.5-7.5-11 19.1 20.7 21-2.9 10.4-28.5 7.8-.3 21.7 28.8 7.5 2.4 12.1-20.1 19.9 10.4 18.5 29.6-7.5 7.2 8.6-8.1 26.9 19.9 11.6 19.4-20.4 11.6 2.9 6.7 28.5 22.6 .3 6.7-28.8 11.6-3.5 20.7 21.6 20.4-12.1-8.8-28 7.8-8.1 28.8 8.8 10.3-20.1-20.9-18.8 2.2-12.1 29.1-7zm-119.2 45.2c-31.3 0-56.8-25.4-56.8-56.8s25.4-56.8 56.8-56.8 56.8 25.4 56.8 56.8c0 31.5-25.4 56.8-56.8 56.8zm72.3 16.4l46.9 14.5V277l-55.1 13.4-4.1 22.7 38.9 35.3-19.2 37.9-54-16.7-14.6 15.2 16.7 52.5-38.3 22.7-38.9-40.5-21.7 6.6-12.6 54-42.4-.5-12.6-53.6-21.7-5.6-36.4 38.4-37.4-21.7 15.2-50.5-13.7-16.1-55.5 14.1-19.7-34.8 37.9-37.4-4.8-22.8-54-14.1 .5-40.9L54 219.9l5.7-19.7-38.9-39.4L41.5 125l53.6 14.1 15.2-15.7-15.2-52 36.4-20.7 36.8 39.4L191 84l11.6-52H245l11.6 45.9L234 72l-6.3-1.7-3.3 5.7-11 19.1-3.3 5.6 4.6 4.6 17.2 17.4-.3 1-23.8 6.5-6.2 1.7-.1 6.4-.2 12.9C153.8 161.6 118 204 118 254.7c0 58.3 47.3 105.7 105.7 105.7 50.5 0 92.7-35.4 103.2-82.8l13.2 .2 6.9 .1 1.6-6.7 5.6-24 1.9-.6 17.1 17.8 4.7 4.9 5.8-3.4 20.4-12.1 5.8-3.5-2-6.5-6.8-21.2z\"><\/path><\/svg><\/span><span class=\"uagb-icon-list__label\"><strong>Int\u00e9gration fluide :<\/strong>\u00a0Connectez vos syst\u00e8mes avec des APIs robustes et des frameworks de messagerie<\/span><\/div>\n\n\n\n<div class=\"wp-block-uagb-icon-list-child uagb-block-16d55f5c\"><span class=\"uagb-icon-list__source-wrap\"><svg xmlns=\"https:\/\/www.w3.org\/2000\/svg\" viewbox=\"0 0 640 512\"><path d=\"M554.9 154.5c-17.62-35.25-68.12-35.38-85.87 0c-87 174.3-84.1 165.9-84.1 181.5c0 44.13 57.25 80 128 80s127.1-35.88 127.1-80C639.1 319.9 641.4 327.3 554.9 154.5zM439.1 320l71.96-144l72.17 144H439.1zM256 336c0-16.12 1.375-8.75-85.12-181.5c-17.62-35.25-68.12-35.38-85.87 0c-87 174.3-84.1 165.9-84.1 181.5c0 44.13 57.25 80 127.1 80S256 380.1 256 336zM127.9 176L200.1 320H55.96L127.9 176zM495.1 448h-143.1V153.3C375.5 143 393.1 121.8 398.4 96h113.6c17.67 0 31.1-14.33 31.1-32s-14.33-32-31.1-32h-128.4c-14.62-19.38-37.5-32-63.62-32S270.1 12.62 256.4 32H128C110.3 32 96 46.33 96 64S110.3 96 127.1 96h113.6c5.25 25.75 22.87 47 46.37 57.25V448H144c-26.51 0-48.01 21.49-48.01 48c0 8.836 7.165 16 16 16h416c8.836 0 16-7.164 16-16C544 469.5 522.5 448 495.1 448z\"><\/path><\/svg><\/span><span class=\"uagb-icon-list__label\"><strong>Solutions p\u00e9rennes :<\/strong>\u00a0Applications scalables et s\u00e9curis\u00e9es, d\u00e9velopp\u00e9es avec des outils de pointe<\/span><\/div>\n<\/div><\/div>\n\n\n\n<p>Gr\u00e2ce \u00e0 mon expertise dans le d\u00e9veloppement Azure, vous pouvez exploiter pleinement ces fonctionnalit\u00e9s pour cr\u00e9er des solutions efficaces et durables adapt\u00e9es \u00e0 vos besoins.<\/p>\n\n<\/div><\/div>\n\n<div class=\"gb-grid-column gb-grid-column-4966d26c\"><div class=\"gb-container gb-container-4966d26c\">\n\n<h2 class=\"gb-headline gb-headline-70dc7fde gb-headline-text\">Am\u00e9liorer l'agilit\u00e9 des entreprises avec les solutions PaaS d'Azure<\/h2>\n\n\n\n<p>L'utilisation des offres Platform-as-a-Service (PaaS) d'Azure permet aux entreprises de d\u00e9velopper, d\u00e9ployer et g\u00e9rer rapidement des applications sans la complexit\u00e9 de la gestion de l'infrastructure sous-jacente. Cette approche acc\u00e9l\u00e8re le temps de mise sur le march\u00e9, r\u00e9duit les co\u00fbts op\u00e9rationnels et permet aux organisations de se concentrer sur la cr\u00e9ation de valeur pour leurs clients. En utilisant des services tels qu'Azure App Service, Azure Functions et Azure SQL Database, les entreprises peuvent cr\u00e9er des applications \u00e9volutives et r\u00e9silientes adapt\u00e9es \u00e0 leurs besoins sp\u00e9cifiques.<\/p>\n\n<\/div><\/div>\n\n<div class=\"gb-grid-column gb-grid-column-b49fdfc2\"><div class=\"gb-container gb-container-b49fdfc2\">\n\n<figure class=\"gb-block-image gb-block-image-a92f2f82\"><img decoding=\"async\" class=\"gb-image gb-image-a92f2f82\" src=\"https:\/\/niwadev.com\/wp-content\/uploads\/2025\/01\/microsoft-certified-associate-badge.svg\" alt=\"\" title=\"microsoft-certified-associate-badge\"\/><\/figure>\n\n<\/div><\/div>\n\n<div class=\"gb-grid-column gb-grid-column-2cd2dd4f\"><div class=\"gb-container gb-container-2cd2dd4f\">\n\n<h2 class=\"gb-headline gb-headline-1e7f5c43 gb-headline-text\">Mes services de d\u00e9veloppement Cloud<\/h2>\n\n\n<div class=\"gb-grid-wrapper gb-grid-wrapper-4c0e724c\">\n<div class=\"gb-grid-column gb-grid-column-458674c6\"><div class=\"gb-container gb-container-458674c6\">\n\n<h3 class=\"gb-headline gb-headline-4a73201e gb-headline-text\">D\u00e9veloppement avec les services PaaS Azure<\/h3>\n\n\n\n<p>Je cr\u00e9e des applications scalables et fiables avec des services Azure tels que :<\/p>\n\n\n\n<div class=\"wp-block-uagb-icon-list uagb-block-568f60bb\"><div class=\"uagb-icon-list__wrap\">\n<div class=\"wp-block-uagb-icon-list-child uagb-block-2c64067e\"><span class=\"uagb-icon-list__source-wrap\"><svg xmlns=\"https:\/\/www.w3.org\/2000\/svg\" viewbox=\"0 0 448 512\"><path d=\"M438.6 105.4C451.1 117.9 451.1 138.1 438.6 150.6L182.6 406.6C170.1 419.1 149.9 419.1 137.4 406.6L9.372 278.6C-3.124 266.1-3.124 245.9 9.372 233.4C21.87 220.9 42.13 220.9 54.63 233.4L159.1 338.7L393.4 105.4C405.9 92.88 426.1 92.88 438.6 105.4H438.6z\"><\/path><\/svg><\/span><span class=\"uagb-icon-list__label\">Web APIs construites avec C#\/.NET pour des solutions robustes et performantes<\/span><\/div>\n\n\n\n<div class=\"wp-block-uagb-icon-list-child uagb-block-204344f4\"><span class=\"uagb-icon-list__source-wrap\"><svg xmlns=\"https:\/\/www.w3.org\/2000\/svg\" viewbox=\"0 0 448 512\"><path d=\"M438.6 105.4C451.1 117.9 451.1 138.1 438.6 150.6L182.6 406.6C170.1 419.1 149.9 419.1 137.4 406.6L9.372 278.6C-3.124 266.1-3.124 245.9 9.372 233.4C21.87 220.9 42.13 220.9 54.63 233.4L159.1 338.7L393.4 105.4C405.9 92.88 426.1 92.88 438.6 105.4H438.6z\"><\/path><\/svg><\/span><span class=\"uagb-icon-list__label\">Azure Function Apps pour des charges de travail sans serveur et orient\u00e9es \u00e9v\u00e9nements<\/span><\/div>\n\n\n\n<div class=\"wp-block-uagb-icon-list-child uagb-block-7c1db01a\"><span class=\"uagb-icon-list__source-wrap\"><svg xmlns=\"https:\/\/www.w3.org\/2000\/svg\" viewbox=\"0 0 448 512\"><path d=\"M438.6 105.4C451.1 117.9 451.1 138.1 438.6 150.6L182.6 406.6C170.1 419.1 149.9 419.1 137.4 406.6L9.372 278.6C-3.124 266.1-3.124 245.9 9.372 233.4C21.87 220.9 42.13 220.9 54.63 233.4L159.1 338.7L393.4 105.4C405.9 92.88 426.1 92.88 438.6 105.4H438.6z\"><\/path><\/svg><\/span><span class=\"uagb-icon-list__label\">Azure Service Bus et Kafka pour cr\u00e9er les architectures pilot\u00e9es par messages pour le traitement en temps r\u00e9el<\/span><\/div>\n<\/div><\/div>\n\n<\/div><\/div>\n\n<div class=\"gb-grid-column gb-grid-column-c784bbc8\"><div class=\"gb-container gb-container-c784bbc8\">\n\n<h3 class=\"gb-headline gb-headline-f4b8d041 gb-headline-text\">Flux de travail orient\u00e9s donn\u00e9es avec Azure Data Factory<\/h3>\n\n\n\n<p>Pour les projets n\u00e9cessitant une int\u00e9gration de donn\u00e9es ou des processus ETL, j\u2019utilise Azure Data Factory pour concevoir des flux de travail automatis\u00e9s et efficaces.<\/p>\n\n<\/div><\/div>\n\n<div class=\"gb-grid-column gb-grid-column-00b1ab1d\"><div class=\"gb-container gb-container-00b1ab1d\">\n\n<h3 class=\"gb-headline gb-headline-bfa78c8c gb-headline-text\">Architectures orient\u00e9es \u00e9v\u00e9nements<\/h3>\n\n\n\n<p>En mettant en \u0153uvre des solutions bas\u00e9es sur des \u00e9v\u00e9nements avec Azure Event Grid et Kafka, je rends vos syst\u00e8mes plus r\u00e9actifs et agiles.<\/p>\n\n<\/div><\/div>\n<\/div>\n<\/div><\/div>\n\n<div class=\"gb-grid-column gb-grid-column-33cedc35\"><div class=\"gb-container gb-container-33cedc35\">\n\n<figure class=\"gb-block-image gb-block-image-5ee389e8\"><img decoding=\"async\" width=\"720\" height=\"1080\" class=\"gb-image gb-image-5ee389e8\" src=\"https:\/\/niwadev.com\/wp-content\/uploads\/2024\/07\/niwadev_Nicolas_Wazulek_07.webp\" alt=\"Portrait of Nicolas Wazulek in front of a former gas boiler, of which only the scaffolding remains.\" title=\"Portrait of Nicolas Wazulek in front of a former gas boiler\" srcset=\"https:\/\/niwadev.com\/wp-content\/uploads\/2024\/07\/niwadev_Nicolas_Wazulek_07.webp 720w, https:\/\/niwadev.com\/wp-content\/uploads\/2024\/07\/niwadev_Nicolas_Wazulek_07-200x300.webp 200w, https:\/\/niwadev.com\/wp-content\/uploads\/2024\/07\/niwadev_Nicolas_Wazulek_07-683x1024.webp 683w, https:\/\/niwadev.com\/wp-content\/uploads\/2024\/07\/niwadev_Nicolas_Wazulek_07-8x12.webp 8w\" sizes=\"(max-width: 720px) 100vw, 720px\" \/><\/figure>\n\n<\/div><\/div>\n\n<div class=\"gb-grid-column gb-grid-column-f158f3a4\"><div class=\"gb-container gb-container-f158f3a4\">\n\n<h2 class=\"gb-headline gb-headline-171d144c gb-headline-text\">Pourquoi travailler avec moi ?<\/h2>\n\n\n\n<div class=\"wp-block-uagb-icon-list uagb-block-2d54d44a\"><div class=\"uagb-icon-list__wrap\">\n<div class=\"wp-block-uagb-icon-list-child uagb-block-3362a8c9\"><span class=\"uagb-icon-list__source-wrap\"><svg xmlns=\"https:\/\/www.w3.org\/2000\/svg\" viewbox=\"0 0 512 512\"><path d=\"M256 0C114.6 0 0 114.6 0 256c0 141.4 114.6 256 256 256s256-114.6 256-256C512 114.6 397.4 0 256 0zM358.6 278.6l-112 112c-12.5 12.5-32.75 12.5-45.25 0s-12.5-32.75 0-45.25L290.8 256L201.4 166.6c-12.5-12.5-12.5-32.75 0-45.25s32.75-12.5 45.25 0l112 112C364.9 239.6 368 247.8 368 256S364.9 272.4 358.6 278.6z\"><\/path><\/svg><\/span><span class=\"uagb-icon-list__label\"><strong>Expertise certifi\u00e9e :<\/strong>\u00a0En tant que Microsoft Certified: Azure Developer Associate, je dispose de comp\u00e9tences \u00e9prouv\u00e9es dans le d\u00e9veloppement d\u2019applications Azure<\/span><\/div>\n\n\n\n<div class=\"wp-block-uagb-icon-list-child uagb-block-cd970acb\"><span class=\"uagb-icon-list__source-wrap\"><svg xmlns=\"https:\/\/www.w3.org\/2000\/svg\" viewbox=\"0 0 512 512\"><path d=\"M256 0C114.6 0 0 114.6 0 256c0 141.4 114.6 256 256 256s256-114.6 256-256C512 114.6 397.4 0 256 0zM358.6 278.6l-112 112c-12.5 12.5-32.75 12.5-45.25 0s-12.5-32.75 0-45.25L290.8 256L201.4 166.6c-12.5-12.5-12.5-32.75 0-45.25s32.75-12.5 45.25 0l112 112C364.9 239.6 368 247.8 368 256S364.9 272.4 358.6 278.6z\"><\/path><\/svg><\/span><span class=\"uagb-icon-list__label\"><strong>Exp\u00e9rience dans le secteur de l'\u00e9nergie :<\/strong>\u00a0Une compr\u00e9hension approfondie des d\u00e9fis et besoins sp\u00e9cifiques de cette industrie<\/span><\/div>\n\n\n\n<div class=\"wp-block-uagb-icon-list-child uagb-block-f0e8dea6\"><span class=\"uagb-icon-list__source-wrap\"><svg xmlns=\"https:\/\/www.w3.org\/2000\/svg\" viewbox=\"0 0 512 512\"><path d=\"M256 0C114.6 0 0 114.6 0 256c0 141.4 114.6 256 256 256s256-114.6 256-256C512 114.6 397.4 0 256 0zM358.6 278.6l-112 112c-12.5 12.5-32.75 12.5-45.25 0s-12.5-32.75 0-45.25L290.8 256L201.4 166.6c-12.5-12.5-12.5-32.75 0-45.25s32.75-12.5 45.25 0l112 112C364.9 239.6 368 247.8 368 256S364.9 272.4 358.6 278.6z\"><\/path><\/svg><\/span><span class=\"uagb-icon-list__label\"><strong>Technologies modernes :<\/strong>\u00a0Focus sur l\u2019utilisation des services PaaS d\u2019Azure pour des solutions maintenables et \u00e9volutives<\/span><\/div>\n\n\n\n<div class=\"wp-block-uagb-icon-list-child uagb-block-cf0ceb49\"><span class=\"uagb-icon-list__source-wrap\"><svg xmlns=\"https:\/\/www.w3.org\/2000\/svg\" viewbox=\"0 0 512 512\"><path d=\"M256 0C114.6 0 0 114.6 0 256c0 141.4 114.6 256 256 256s256-114.6 256-256C512 114.6 397.4 0 256 0zM358.6 278.6l-112 112c-12.5 12.5-32.75 12.5-45.25 0s-12.5-32.75 0-45.25L290.8 256L201.4 166.6c-12.5-12.5-12.5-32.75 0-45.25s32.75-12.5 45.25 0l112 112C364.9 239.6 368 247.8 368 256S364.9 272.4 358.6 278.6z\"><\/path><\/svg><\/span><span class=\"uagb-icon-list__label\"><strong>Solutions sur mesure :<\/strong>\u00a0Chaque application est adapt\u00e9e \u00e0 vos besoins sp\u00e9cifiques<\/span><\/div>\n<\/div><\/div>\n\n<\/div><\/div>\n\n<div class=\"gb-grid-column gb-grid-column-053596b1\"><div class=\"gb-container gb-container-053596b1\">\n\n<h2 class=\"gb-headline gb-headline-17b58f6b gb-headline-text\">Construisons votre avenir avec Azure<\/h2>\n\n\n\n<p>Exploitez le plein potentiel de Microsoft Azure pour votre entreprise. Gr\u00e2ce \u00e0 mon expertise en d\u00e9veloppement d\u2019applications Azure, je vous aide \u00e0 cr\u00e9er des solutions scalables, s\u00e9curis\u00e9es et adapt\u00e9es \u00e0 vos besoins.<\/p>\n\n\n\n<p><a href=\"https:\/\/niwadev.com\/fr\/contact\/\" title=\"Contact\">Contactez-moi d\u00e8s aujourd\u2019hui<\/a>&nbsp;pour discuter de votre vision et la concr\u00e9tiser avec Azure.<\/p>\n\n<\/div><\/div>\n\n<div class=\"gb-grid-column gb-grid-column-e97747ae\"><div class=\"gb-container gb-container-e97747ae\">\n<div class=\"gb-container gb-container-a87c38ec\">\n<div class=\"gb-grid-wrapper gb-grid-wrapper-1fe89122\">\n<div class=\"gb-grid-column gb-grid-column-a2f46e95\"><div class=\"gb-container gb-container-a2f46e95\">\n\n<figure class=\"gb-block-image gb-block-image-0102672b\"><img decoding=\"async\" width=\"720\" height=\"1080\" class=\"gb-image gb-image-0102672b\" src=\"https:\/\/niwadev.com\/wp-content\/uploads\/2024\/07\/niwadev_Nicolas_Wazulek_10.webp\" alt=\"Nicolas Wazulek working outside on a big blue bench smiling into the camera.\" title=\"Nicolas Wazulek working outside\" srcset=\"https:\/\/niwadev.com\/wp-content\/uploads\/2024\/07\/niwadev_Nicolas_Wazulek_10.webp 720w, https:\/\/niwadev.com\/wp-content\/uploads\/2024\/07\/niwadev_Nicolas_Wazulek_10-200x300.webp 200w, https:\/\/niwadev.com\/wp-content\/uploads\/2024\/07\/niwadev_Nicolas_Wazulek_10-683x1024.webp 683w, https:\/\/niwadev.com\/wp-content\/uploads\/2024\/07\/niwadev_Nicolas_Wazulek_10-8x12.webp 8w\" sizes=\"(max-width: 720px) 100vw, 720px\" \/><\/figure>\n\n<\/div><\/div>\n\n<div class=\"gb-grid-column gb-grid-column-10a47a13\"><div class=\"gb-container gb-container-10a47a13\">\n\n<div class=\"gb-headline gb-headline-a7e6ff89 gb-headline-text\">Nicolas Wazulek<\/div>\n\n\n\n<div class=\"wp-block-uagb-icon-list uagb-block-a3b81926\"><div class=\"uagb-icon-list__wrap\">\n<div class=\"wp-block-uagb-icon-list-child uagb-block-a26f002a\"><span class=\"uagb-icon-list__source-wrap\"><svg xmlns=\"https:\/\/www.w3.org\/2000\/svg\" viewbox=\"0 0 512 512\"><path d=\"M511.2 387l-23.25 100.8c-3.266 14.25-15.79 24.22-30.46 24.22C205.2 512 0 306.8 0 54.5c0-14.66 9.969-27.2 24.22-30.45l100.8-23.25C139.7-2.602 154.7 5.018 160.8 18.92l46.52 108.5c5.438 12.78 1.77 27.67-8.98 36.45L144.5 207.1c33.98 69.22 90.26 125.5 159.5 159.5l44.08-53.8c8.688-10.78 23.69-14.51 36.47-8.975l108.5 46.51C506.1 357.2 514.6 372.4 511.2 387z\"><\/path><\/svg><\/span><span class=\"uagb-icon-list__label\">+49 151 17638458<\/span><\/div>\n\n\n\n<div class=\"wp-block-uagb-icon-list-child uagb-block-b636427e\"><span class=\"uagb-icon-list__source-wrap\"><svg xmlns=\"https:\/\/www.w3.org\/2000\/svg\" viewbox=\"0 0 512 512\"><path d=\"M207.8 20.73c-93.45 18.32-168.7 93.66-187 187.1c-27.64 140.9 68.65 266.2 199.1 285.1c19.01 2.888 36.17-12.26 36.17-31.49l.0001-.6631c0-15.74-11.44-28.88-26.84-31.24c-84.35-12.98-149.2-86.13-149.2-174.2c0-102.9 88.61-185.5 193.4-175.4c91.54 8.869 158.6 91.25 158.6 183.2l0 16.16c0 22.09-17.94 40.05-40 40.05s-40.01-17.96-40.01-40.05v-120.1c0-8.847-7.161-16.02-16.01-16.02l-31.98 .0036c-7.299 0-13.2 4.992-15.12 11.68c-24.85-12.15-54.24-16.38-86.06-5.106c-38.75 13.73-68.12 48.91-73.72 89.64c-9.483 69.01 43.81 128 110.9 128c26.44 0 50.43-9.544 69.59-24.88c24 31.3 65.23 48.69 109.4 37.49C465.2 369.3 496 324.1 495.1 277.2V256.3C495.1 107.1 361.2-9.332 207.8 20.73zM239.1 304.3c-26.47 0-48-21.56-48-48.05s21.53-48.05 48-48.05s48 21.56 48 48.05S266.5 304.3 239.1 304.3z\"><\/path><\/svg><\/span><span class=\"uagb-icon-list__label\">nicolas.wazulek@niwadev.com<\/span><\/div>\n\n\n\n<div class=\"wp-block-uagb-icon-list-child uagb-block-41844436\"><a target=\"_blank\" aria-label=\"linkedin.com\/in\/nicolas-wazulek\" rel=\"noopener noreferrer\" href=\"https:\/\/www.linkedin.com\/in\/nicolas-wazulek\/?locale=fr_FR\"> <\/a><span class=\"uagb-icon-list__source-wrap\"><svg xmlns=\"https:\/\/www.w3.org\/2000\/svg\" viewbox=\"0 0 448 512\"><path d=\"M100.3 448H7.4V148.9h92.88zM53.79 108.1C24.09 108.1 0 83.5 0 53.8a53.79 53.79 0 0 1 107.6 0c0 29.7-24.1 54.3-53.79 54.3zM447.9 448h-92.68V302.4c0-34.7-.7-79.2-48.29-79.2-48.29 0-55.69 37.7-55.69 76.7V448h-92.78V148.9h89.08v40.8h1.3c12.4-23.5 42.69-48.3 87.88-48.3 94 0 111.3 61.9 111.3 142.3V448z\"><\/path><\/svg><\/span><span class=\"uagb-icon-list__label\">linkedin.com\/in\/nicolas-wazulek<\/span><\/div>\n<\/div><\/div>\n\n\n\n<div class=\"wp-block-buttons is-layout-flex wp-block-buttons-is-layout-flex\">\n<div class=\"wp-block-button\"><a class=\"wp-block-button__link wp-element-button\" href=\"https:\/\/niwadev.com\/fr\/contact\/\">Prenez contact avec moi<\/a><\/div>\n<\/div>\n\n<\/div><\/div>\n<\/div>\n<\/div>\n<\/div><\/div>\n<\/div>","protected":false},"excerpt":{"rendered":"","protected":false},"author":1,"featured_media":0,"parent":113,"menu_order":25,"comment_status":"closed","ping_status":"closed","template":"","meta":{"_uag_custom_page_level_css":"","footnotes":""},"class_list":["post-123","page","type-page","status-publish"],"aioseo_notices":[],"uagb_featured_image_src":{"full":false,"thumbnail":false,"medium":false,"medium_large":false,"large":false,"1536x1536":false,"2048x2048":false,"trp-custom-language-flag":false},"uagb_author_info":{"display_name":"niwadev.com","author_link":"https:\/\/niwadev.com\/fr\/blog\/author\/niwadev-com\/"},"uagb_comment_info":0,"uagb_excerpt":null,"_links":{"self":[{"href":"https:\/\/niwadev.com\/fr\/wp-json\/wp\/v2\/pages\/123","targetHints":{"allow":["GET"]}}],"collection":[{"href":"https:\/\/niwadev.com\/fr\/wp-json\/wp\/v2\/pages"}],"about":[{"href":"https:\/\/niwadev.com\/fr\/wp-json\/wp\/v2\/types\/page"}],"author":[{"embeddable":true,"href":"https:\/\/niwadev.com\/fr\/wp-json\/wp\/v2\/users\/1"}],"replies":[{"embeddable":true,"href":"https:\/\/niwadev.com\/fr\/wp-json\/wp\/v2\/comments?post=123"}],"version-history":[{"count":17,"href":"https:\/\/niwadev.com\/fr\/wp-json\/wp\/v2\/pages\/123\/revisions"}],"predecessor-version":[{"id":922,"href":"https:\/\/niwadev.com\/fr\/wp-json\/wp\/v2\/pages\/123\/revisions\/922"}],"up":[{"embeddable":true,"href":"https:\/\/niwadev.com\/fr\/wp-json\/wp\/v2\/pages\/113"}],"wp:attachment":[{"href":"https:\/\/niwadev.com\/fr\/wp-json\/wp\/v2\/media?parent=123"}],"curies":[{"name":"wp","href":"https:\/\/api.w.org\/{rel}","templated":true}]}}