{"id":125,"date":"2023-09-10T21:08:55","date_gmt":"2023-09-10T19:08:55","guid":{"rendered":"https:\/\/niwadev.com\/?page_id=125"},"modified":"2025-06-06T19:20:53","modified_gmt":"2025-06-06T17:20:53","slug":"faas-function-as-a-service","status":"publish","type":"page","link":"https:\/\/niwadev.com\/fr\/services\/faas-function-as-a-service\/","title":{"rendered":"Function-as-a-Service (FaaS) \u2013 Applications serverless pour le secteur de l\u2019\u00e9nergie"},"content":{"rendered":"<div class=\"gb-container gb-container-b29add22\">\n\n<figure class=\"wp-block-image size-full is-resized\"><img decoding=\"async\" width=\"1200\" height=\"400\" src=\"https:\/\/niwadev.com\/wp-content\/uploads\/2023\/09\/function-as-a-service.webp\" alt=\"Des serveurs cloud dans un centre de donn\u00e9es qui ex\u00e9cutent du code Function-as-a-Service pour offrir une exp\u00e9rience de d\u00e9veloppement de premier ordre.\" class=\"wp-image-189\" style=\"object-fit:cover;width:1200px;height:400px\" srcset=\"https:\/\/niwadev.com\/wp-content\/uploads\/2023\/09\/function-as-a-service.webp 1200w, https:\/\/niwadev.com\/wp-content\/uploads\/2023\/09\/function-as-a-service-300x100.webp 300w, https:\/\/niwadev.com\/wp-content\/uploads\/2023\/09\/function-as-a-service-1024x341.webp 1024w, https:\/\/niwadev.com\/wp-content\/uploads\/2023\/09\/function-as-a-service-768x256.webp 768w, https:\/\/niwadev.com\/wp-content\/uploads\/2023\/09\/function-as-a-service-18x6.webp 18w\" sizes=\"(max-width: 1200px) 100vw, 1200px\" \/><\/figure>\n\n<\/div>\n\n<div class=\"gb-grid-wrapper gb-grid-wrapper-3ba83f4c\">\n<div class=\"gb-grid-column gb-grid-column-394bd3f2\"><div class=\"gb-container gb-container-394bd3f2\">\n\n<h2 class=\"gb-headline gb-headline-205aef1e gb-headline-text\">Applications serverless pour les fournisseurs d\u2019\u00e9nergie<\/h2>\n\n\n\n<p>Dans le secteur de l\u2019\u00e9nergie, flexibilit\u00e9, efficacit\u00e9 et fiabilit\u00e9 sont essentielles. Le Function-as-a-Service (FaaS) permet aux entreprises de d\u00e9velopper et de d\u00e9ployer des applications rapidement, sans la complexit\u00e9 de la gestion de l\u2019infrastructure. Avec le FaaS, vous vous concentrez sur votre c\u0153ur de m\u00e9tier, tandis que le cloud g\u00e8re l\u2019infrastructure.<\/p>\n\n\n\n<p>En tant que&nbsp;<a href=\"https:\/\/learn.microsoft.com\/api\/credentials\/share\/en-us\/NicolasWazulek\/22A5ED081933CD8F?sharingId=A91750180D21008B\" target=\"_blank\" rel=\"noopener\" title=\"\">d\u00e9veloppeur Azure certifi\u00e9,<\/a>&nbsp;j\u2019impl\u00e9mente des solutions FaaS adapt\u00e9es \u00e0 vos besoins. Besoin de workflows automatis\u00e9s ou d\u2019applications scalables\u202f? Mon exp\u00e9rience dans le secteur de l\u2019\u00e9nergie me permet de comprendre vos exigences. Je m\u2019assure que vos syst\u00e8mes sont performants et efficaces.<\/p>\n\n<\/div><\/div>\n\n<div class=\"gb-grid-column gb-grid-column-0948a601\"><div class=\"gb-container gb-container-0948a601\">\n\n<h2 class=\"gb-headline gb-headline-470d5d4d gb-headline-text\">Pourquoi le FaaS est essentiel pour le secteur de l\u2019\u00e9nergie<\/h2>\n\n\n\n<div class=\"wp-block-uagb-icon-list uagb-block-12dd3de4\"><div class=\"uagb-icon-list__wrap\">\n<div class=\"wp-block-uagb-icon-list-child uagb-block-53321886\"><span class=\"uagb-icon-list__source-wrap\"><svg xmlns=\"https:\/\/www.w3.org\/2000\/svg\" viewbox=\"0 0 512 512\"><path d=\"M512 80C512 98.01 497.7 114.6 473.6 128C444.5 144.1 401.2 155.5 351.3 158.9C347.7 157.2 343.9 155.5 340.1 153.9C300.6 137.4 248.2 128 192 128C183.7 128 175.6 128.2 167.5 128.6L166.4 128C142.3 114.6 128 98.01 128 80C128 35.82 213.1 0 320 0C426 0 512 35.82 512 80V80zM160.7 161.1C170.9 160.4 181.3 160 192 160C254.2 160 309.4 172.3 344.5 191.4C369.3 204.9 384 221.7 384 240C384 243.1 383.3 247.9 381.9 251.7C377.3 264.9 364.1 277 346.9 287.3C346.9 287.3 346.9 287.3 346.9 287.3C346.8 287.3 346.6 287.4 346.5 287.5L346.5 287.5C346.2 287.7 345.9 287.8 345.6 288C310.6 307.4 254.8 320 192 320C132.4 320 79.06 308.7 43.84 290.9C41.97 289.9 40.15 288.1 38.39 288C14.28 274.6 0 258 0 240C0 205.2 53.43 175.5 128 164.6C138.5 163 149.4 161.8 160.7 161.1L160.7 161.1zM391.9 186.6C420.2 182.2 446.1 175.2 468.1 166.1C484.4 159.3 499.5 150.9 512 140.6V176C512 195.3 495.5 213.1 468.2 226.9C453.5 234.3 435.8 240.5 415.8 245.3C415.9 243.6 416 241.8 416 240C416 218.1 405.4 200.1 391.9 186.6V186.6zM384 336C384 354 369.7 370.6 345.6 384C343.8 384.1 342 385.9 340.2 386.9C304.9 404.7 251.6 416 192 416C129.2 416 73.42 403.4 38.39 384C14.28 370.6 .0003 354 .0003 336V300.6C12.45 310.9 27.62 319.3 43.93 326.1C83.44 342.6 135.8 352 192 352C248.2 352 300.6 342.6 340.1 326.1C347.9 322.9 355.4 319.2 362.5 315.2C368.6 311.8 374.3 308 379.7 304C381.2 302.9 382.6 301.7 384 300.6L384 336zM416 278.1C434.1 273.1 452.5 268.6 468.1 262.1C484.4 255.3 499.5 246.9 512 236.6V272C512 282.5 507 293 497.1 302.9C480.8 319.2 452.1 332.6 415.8 341.3C415.9 339.6 416 337.8 416 336V278.1zM192 448C248.2 448 300.6 438.6 340.1 422.1C356.4 415.3 371.5 406.9 384 396.6V432C384 476.2 298 512 192 512C85.96 512 .0003 476.2 .0003 432V396.6C12.45 406.9 27.62 415.3 43.93 422.1C83.44 438.6 135.8 448 192 448z\"><\/path><\/svg><\/span><span class=\"uagb-icon-list__label\">Efficacit\u00e9 des co\u00fbts : Payez uniquement pour les ressources utilis\u00e9es<\/span><\/div>\n\n\n\n<div class=\"wp-block-uagb-icon-list-child uagb-block-2810cf67\"><span class=\"uagb-icon-list__source-wrap\"><svg xmlns=\"https:\/\/www.w3.org\/2000\/svg\" viewbox=\"0 0 512 512\"><path d=\"M64 400C64 408.8 71.16 416 80 416H480C497.7 416 512 430.3 512 448C512 465.7 497.7 480 480 480H80C35.82 480 0 444.2 0 400V64C0 46.33 14.33 32 32 32C49.67 32 64 46.33 64 64V400zM342.6 278.6C330.1 291.1 309.9 291.1 297.4 278.6L240 221.3L150.6 310.6C138.1 323.1 117.9 323.1 105.4 310.6C92.88 298.1 92.88 277.9 105.4 265.4L217.4 153.4C229.9 140.9 250.1 140.9 262.6 153.4L320 210.7L425.4 105.4C437.9 92.88 458.1 92.88 470.6 105.4C483.1 117.9 483.1 138.1 470.6 150.6L342.6 278.6z\"><\/path><\/svg><\/span><span class=\"uagb-icon-list__label\">Scalabilit\u00e9 : G\u00e9rez facilement les fluctuations de la charge de travail, surtout en p\u00e9riode de forte demande<\/span><\/div>\n\n\n\n<div class=\"wp-block-uagb-icon-list-child uagb-block-0a0fb27a\"><span class=\"uagb-icon-list__source-wrap\"><svg xmlns=\"https:\/\/www.w3.org\/2000\/svg\" viewbox=\"0 0 576 512\"><path d=\"M172.1 40.16L268.1 3.76C280.9-1.089 295.1-1.089 307.9 3.76L403.9 40.16C425.6 48.41 440 69.25 440 92.52V204.7C441.3 205.1 442.6 205.5 443.9 205.1L539.9 242.4C561.6 250.6 576 271.5 576 294.7V413.9C576 436.1 562.9 456.2 542.5 465.1L446.5 507.3C432.2 513.7 415.8 513.7 401.5 507.3L288 457.5L174.5 507.3C160.2 513.7 143.8 513.7 129.5 507.3L33.46 465.1C13.13 456.2 0 436.1 0 413.9V294.7C0 271.5 14.39 250.6 36.15 242.4L132.1 205.1C133.4 205.5 134.7 205.1 136 204.7V92.52C136 69.25 150.4 48.41 172.1 40.16V40.16zM290.8 48.64C289 47.95 286.1 47.95 285.2 48.64L206.8 78.35L287.1 109.5L369.2 78.35L290.8 48.64zM392 210.6V121L309.6 152.6V241.8L392 210.6zM154.8 250.9C153 250.2 150.1 250.2 149.2 250.9L70.81 280.6L152 311.7L233.2 280.6L154.8 250.9zM173.6 455.3L256 419.1V323.2L173.6 354.8V455.3zM342.8 280.6L424 311.7L505.2 280.6L426.8 250.9C425 250.2 422.1 250.2 421.2 250.9L342.8 280.6zM528 413.9V323.2L445.6 354.8V455.3L523.2 421.2C526.1 419.9 528 417.1 528 413.9V413.9z\"><\/path><\/svg><\/span><span class=\"uagb-icon-list__label\">Flexibilit\u00e9 : Adaptez-vous rapidement aux \u00e9volutions du march\u00e9<\/span><\/div>\n\n\n\n<div class=\"wp-block-uagb-icon-list-child uagb-block-1dc08340\"><span class=\"uagb-icon-list__source-wrap\"><svg xmlns=\"https:\/\/www.w3.org\/2000\/svg\" viewbox=\"0 0 448 512\"><path d=\"M318.1 154l-9.4 7.6c-22.5-19.3-51.5-33.6-83.3-33.6C153.8 128 96 188.8 96 260.3c0 6.6 .4 13.1 1.4 19.4-2-56 41.8-97.4 92.6-97.4 24.2 0 46.2 9.4 62.6 24.7l-25.2 20.4c-8.3-.9-16.8 1.8-23.1 8.1-11.1 11-11.1 28.9 0 40 11.1 11 28.9 11 40 0 6.3-6.3 9-14.9 8.1-23.1l75.2-88.8c6.3-6.5-3.3-15.9-9.5-9.6zm-83.8 111.5c-5.6 5.5-14.6 5.5-20.2 0-5.6-5.6-5.6-14.6 0-20.2s14.6-5.6 20.2 0 5.6 14.7 0 20.2zM224 32C100.5 32 0 132.5 0 256s100.5 224 224 224 224-100.5 224-224S347.5 32 224 32zm0 384c-88.2 0-160-71.8-160-160S135.8 96 224 96s160 71.8 160 160-71.8 160-160 160z\"><\/path><\/svg><\/span><span class=\"uagb-icon-list__label\">Maintenance simplifi\u00e9e : Innovez pendant que le cloud g\u00e8re l\u2019infrastructure<\/span><\/div>\n<\/div><\/div>\n\n\n\n<p>Le FaaS est id\u00e9al pour am\u00e9liorer les services, optimiser les op\u00e9rations et r\u00e9duire les co\u00fbts.<\/p>\n\n<\/div><\/div>\n\n<div class=\"gb-grid-column gb-grid-column-3ca453bf\"><div class=\"gb-container gb-container-3ca453bf\">\n\n<h2 class=\"gb-headline gb-headline-e4968135 gb-headline-text\">Mon offre<\/h2>\n\n\n\n<h3 class=\"gb-headline gb-headline-8e761f69 gb-headline-text\">Solutions FaaS personnalis\u00e9es<\/h3>\n\n\n\n<p>Je con\u00e7ois et impl\u00e9mente des architectures FaaS align\u00e9es sur vos objectifs commerciaux. Mes solutions apportent une valeur mesurable. Applications orient\u00e9es \u00e9v\u00e9nements, APIs ou processus backend\u202f: je couvre tous vos besoins.<\/p>\n\n\n\n<h3 class=\"gb-headline gb-headline-3d56bfcb gb-headline-text\">Automatisation des workflows<\/h3>\n\n\n\n<p>Automatisez les t\u00e2ches r\u00e9p\u00e9titives et les processus m\u00e9tier avec le FaaS. Moins de goulots d\u2019\u00e9tranglement et une productivit\u00e9 accrue en sont les r\u00e9sultats.<\/p>\n\n\n\n<h3 class=\"gb-headline gb-headline-3f6b80c3 gb-headline-text\">D\u00e9veloppement d\u2019applications scalables<\/h3>\n\n\n\n<p>D\u00e9veloppez des applications robustes et scalables avec Azure Function Apps et C#\/.NET. Exploitez des architectures orient\u00e9es \u00e9v\u00e9nements comme Kafka ou Azure Event Grid pour des processus avanc\u00e9s.<\/p>\n\n\n\n<h3 class=\"gb-headline gb-headline-492d1649 gb-headline-text\">Conseil FaaS<\/h3>\n\n\n\n<p>Vous utilisez d\u00e9j\u00e0 le FaaS\u202f? J\u2019\u00e9value votre configuration pour optimiser les performances et r\u00e9duire les co\u00fbts.<\/p>\n\n<\/div><\/div>\n\n<div class=\"gb-grid-column gb-grid-column-ffac425b\"><div class=\"gb-container gb-container-ffac425b\">\n\n<h2 class=\"gb-headline gb-headline-61d4af69 gb-headline-text\">Vos Avantages<\/h2>\n\n\n\n<div class=\"wp-block-uagb-icon-list uagb-block-490dbe3f\"><div class=\"uagb-icon-list__wrap\">\n<div class=\"wp-block-uagb-icon-list-child uagb-block-26255b6d\"><span class=\"uagb-icon-list__source-wrap\"><svg xmlns=\"https:\/\/www.w3.org\/2000\/svg\" viewbox=\"0 0 448 512\"><path d=\"M438.6 105.4C451.1 117.9 451.1 138.1 438.6 150.6L182.6 406.6C170.1 419.1 149.9 419.1 137.4 406.6L9.372 278.6C-3.124 266.1-3.124 245.9 9.372 233.4C21.87 220.9 42.13 220.9 54.63 233.4L159.1 338.7L393.4 105.4C405.9 92.88 426.1 92.88 438.6 105.4H438.6z\"><\/path><\/svg><\/span><span class=\"uagb-icon-list__label\">R\u00e9duction des co\u00fbts gr\u00e2ce au mod\u00e8le Pay-as-you-go<\/span><\/div>\n\n\n\n<div class=\"wp-block-uagb-icon-list-child uagb-block-00dca861\"><span class=\"uagb-icon-list__source-wrap\"><svg xmlns=\"https:\/\/www.w3.org\/2000\/svg\" viewbox=\"0 0 448 512\"><path d=\"M438.6 105.4C451.1 117.9 451.1 138.1 438.6 150.6L182.6 406.6C170.1 419.1 149.9 419.1 137.4 406.6L9.372 278.6C-3.124 266.1-3.124 245.9 9.372 233.4C21.87 220.9 42.13 220.9 54.63 233.4L159.1 338.7L393.4 105.4C405.9 92.88 426.1 92.88 438.6 105.4H438.6z\"><\/path><\/svg><\/span><span class=\"uagb-icon-list__label\">Agilit\u00e9 accrue gr\u00e2ce \u00e0 un d\u00e9ploiement rapide de nouvelles fonctionnalit\u00e9s<\/span><\/div>\n\n\n\n<div class=\"wp-block-uagb-icon-list-child uagb-block-0dd999ad\"><span class=\"uagb-icon-list__source-wrap\"><svg xmlns=\"https:\/\/www.w3.org\/2000\/svg\" viewbox=\"0 0 448 512\"><path d=\"M438.6 105.4C451.1 117.9 451.1 138.1 438.6 150.6L182.6 406.6C170.1 419.1 149.9 419.1 137.4 406.6L9.372 278.6C-3.124 266.1-3.124 245.9 9.372 233.4C21.87 220.9 42.13 220.9 54.63 233.4L159.1 338.7L393.4 105.4C405.9 92.88 426.1 92.88 438.6 105.4H438.6z\"><\/path><\/svg><\/span><span class=\"uagb-icon-list__label\">Efficacit\u00e9 renforc\u00e9e avec des workflows automatis\u00e9s<\/span><\/div>\n\n\n\n<div class=\"wp-block-uagb-icon-list-child uagb-block-f1aad9f2\"><span class=\"uagb-icon-list__source-wrap\"><svg xmlns=\"https:\/\/www.w3.org\/2000\/svg\" viewbox=\"0 0 448 512\"><path d=\"M438.6 105.4C451.1 117.9 451.1 138.1 438.6 150.6L182.6 406.6C170.1 419.1 149.9 419.1 137.4 406.6L9.372 278.6C-3.124 266.1-3.124 245.9 9.372 233.4C21.87 220.9 42.13 220.9 54.63 233.4L159.1 338.7L393.4 105.4C405.9 92.88 426.1 92.88 438.6 105.4H438.6z\"><\/path><\/svg><\/span><span class=\"uagb-icon-list__label\">Solutions p\u00e9rennes gr\u00e2ce aux technologies cloud de pointe<\/span><\/div>\n<\/div><\/div>\n\n<\/div><\/div>\n\n<div class=\"gb-grid-column gb-grid-column-76efa29a\"><div class=\"gb-container gb-container-76efa29a\">\n\n<h2 class=\"gb-headline gb-headline-7a4cfa39 gb-headline-text\">Pourquoi travailler avec moi ?<\/h2>\n\n\n\n<div class=\"wp-block-uagb-icon-list uagb-block-5753c17a\"><div class=\"uagb-icon-list__wrap\">\n<div class=\"wp-block-uagb-icon-list-child uagb-block-82cb2c50\"><span class=\"uagb-icon-list__source-wrap\"><svg xmlns=\"https:\/\/www.w3.org\/2000\/svg\" viewbox=\"0 0 320 512\"><path d=\"M96 480c-8.188 0-16.38-3.125-22.62-9.375c-12.5-12.5-12.5-32.75 0-45.25L242.8 256L73.38 86.63c-12.5-12.5-12.5-32.75 0-45.25s32.75-12.5 45.25 0l192 192c12.5 12.5 12.5 32.75 0 45.25l-192 192C112.4 476.9 104.2 480 96 480z\"><\/path><\/svg><\/span><span class=\"uagb-icon-list__label\">D\u00e9veloppeur Azure certifi\u00e9 offrant une expertise prouv\u00e9e<\/span><\/div>\n\n\n\n<div class=\"wp-block-uagb-icon-list-child uagb-block-2f82f2b2\"><span class=\"uagb-icon-list__source-wrap\"><svg xmlns=\"https:\/\/www.w3.org\/2000\/svg\" viewbox=\"0 0 320 512\"><path d=\"M96 480c-8.188 0-16.38-3.125-22.62-9.375c-12.5-12.5-12.5-32.75 0-45.25L242.8 256L73.38 86.63c-12.5-12.5-12.5-32.75 0-45.25s32.75-12.5 45.25 0l192 192c12.5 12.5 12.5 32.75 0 45.25l-192 192C112.4 476.9 104.2 480 96 480z\"><\/path><\/svg><\/span><span class=\"uagb-icon-list__label\">Exp\u00e9rience aupr\u00e8s de grands acteurs du secteur de l\u2019\u00e9nergie<\/span><\/div>\n\n\n\n<div class=\"wp-block-uagb-icon-list-child uagb-block-d545f242\"><span class=\"uagb-icon-list__source-wrap\"><svg xmlns=\"https:\/\/www.w3.org\/2000\/svg\" viewbox=\"0 0 320 512\"><path d=\"M96 480c-8.188 0-16.38-3.125-22.62-9.375c-12.5-12.5-12.5-32.75 0-45.25L242.8 256L73.38 86.63c-12.5-12.5-12.5-32.75 0-45.25s32.75-12.5 45.25 0l192 192c12.5 12.5 12.5 32.75 0 45.25l-192 192C112.4 476.9 104.2 480 96 480z\"><\/path><\/svg><\/span><span class=\"uagb-icon-list__label\">Accompagnement \u00e0 chaque \u00e9tape, de l\u2019analyse au d\u00e9veloppement<\/span><\/div>\n\n\n\n<div class=\"wp-block-uagb-icon-list-child uagb-block-4acadd12\"><span class=\"uagb-icon-list__source-wrap\"><svg xmlns=\"https:\/\/www.w3.org\/2000\/svg\" viewbox=\"0 0 320 512\"><path d=\"M96 480c-8.188 0-16.38-3.125-22.62-9.375c-12.5-12.5-12.5-32.75 0-45.25L242.8 256L73.38 86.63c-12.5-12.5-12.5-32.75 0-45.25s32.75-12.5 45.25 0l192 192c12.5 12.5 12.5 32.75 0 45.25l-192 192C112.4 476.9 104.2 480 96 480z\"><\/path><\/svg><\/span><span class=\"uagb-icon-list__label\">Configuration et int\u00e9gration rapides pour gagner du temps<\/span><\/div>\n\n\n\n<div class=\"wp-block-uagb-icon-list-child uagb-block-f2406ab1\"><span class=\"uagb-icon-list__source-wrap\"><svg xmlns=\"https:\/\/www.w3.org\/2000\/svg\" viewbox=\"0 0 320 512\"><path d=\"M96 480c-8.188 0-16.38-3.125-22.62-9.375c-12.5-12.5-12.5-32.75 0-45.25L242.8 256L73.38 86.63c-12.5-12.5-12.5-32.75 0-45.25s32.75-12.5 45.25 0l192 192c12.5 12.5 12.5 32.75 0 45.25l-192 192C112.4 476.9 104.2 480 96 480z\"><\/path><\/svg><\/span><span class=\"uagb-icon-list__label\">Trilingue en anglais, allemand et fran\u00e7ais pour des \u00e9quipes et des projets internationaux<\/span><\/div>\n<\/div><\/div>\n\n<\/div><\/div>\n\n<div class=\"gb-grid-column gb-grid-column-609790af\"><div class=\"gb-container gb-container-609790af\">\n\n<h2 class=\"gb-headline gb-headline-97ef3a5d gb-headline-text\">Simplifions votre transition vers le cloud<\/h2>\n\n\n\n<p>Le Function-as-a-Service (FaaS) est bien plus qu\u2019un simple outil. Il transforme les op\u00e9rations commerciales. En tant que Microsoft Certified Azure Developer Associate, je vous aide \u00e0 maximiser le potentiel du FaaS. Ensemble, nous d\u00e9veloppons des solutions scalables, \u00e9conomiques et innovantes adapt\u00e9es \u00e0 vos objectifs.<\/p>\n\n\n\n<p>Pr\u00eat \u00e0 avancer\u202f?&nbsp;<a href=\"https:\/\/niwadev.com\/fr\/contact\/\" title=\"Contact\">Contactez-moi d\u00e8s aujourd\u2019hui<\/a> et explorons comment le FaaS peut apporter de l\u2019innovation \u00e0 votre organisation.<\/p>\n\n<\/div><\/div>\n\n<div class=\"gb-grid-column gb-grid-column-8ca2f60f\"><div class=\"gb-container gb-container-8ca2f60f\">\n<div class=\"gb-container gb-container-a87c38ec\">\n<div class=\"gb-grid-wrapper gb-grid-wrapper-1fe89122\">\n<div class=\"gb-grid-column gb-grid-column-a2f46e95\"><div class=\"gb-container gb-container-a2f46e95\">\n\n<figure class=\"gb-block-image gb-block-image-0102672b\"><img decoding=\"async\" width=\"720\" height=\"1080\" class=\"gb-image gb-image-0102672b\" src=\"https:\/\/niwadev.com\/wp-content\/uploads\/2024\/07\/niwadev_Nicolas_Wazulek_10.webp\" alt=\"Nicolas Wazulek working outside on a big blue bench smiling into the camera.\" title=\"Nicolas Wazulek working outside\" srcset=\"https:\/\/niwadev.com\/wp-content\/uploads\/2024\/07\/niwadev_Nicolas_Wazulek_10.webp 720w, https:\/\/niwadev.com\/wp-content\/uploads\/2024\/07\/niwadev_Nicolas_Wazulek_10-200x300.webp 200w, https:\/\/niwadev.com\/wp-content\/uploads\/2024\/07\/niwadev_Nicolas_Wazulek_10-683x1024.webp 683w, https:\/\/niwadev.com\/wp-content\/uploads\/2024\/07\/niwadev_Nicolas_Wazulek_10-8x12.webp 8w\" sizes=\"(max-width: 720px) 100vw, 720px\" \/><\/figure>\n\n<\/div><\/div>\n\n<div class=\"gb-grid-column gb-grid-column-10a47a13\"><div class=\"gb-container gb-container-10a47a13\">\n\n<div class=\"gb-headline gb-headline-a7e6ff89 gb-headline-text\">Nicolas Wazulek<\/div>\n\n\n\n<div class=\"wp-block-uagb-icon-list uagb-block-a3b81926\"><div class=\"uagb-icon-list__wrap\">\n<div class=\"wp-block-uagb-icon-list-child uagb-block-a26f002a\"><span class=\"uagb-icon-list__source-wrap\"><svg xmlns=\"https:\/\/www.w3.org\/2000\/svg\" viewbox=\"0 0 512 512\"><path d=\"M511.2 387l-23.25 100.8c-3.266 14.25-15.79 24.22-30.46 24.22C205.2 512 0 306.8 0 54.5c0-14.66 9.969-27.2 24.22-30.45l100.8-23.25C139.7-2.602 154.7 5.018 160.8 18.92l46.52 108.5c5.438 12.78 1.77 27.67-8.98 36.45L144.5 207.1c33.98 69.22 90.26 125.5 159.5 159.5l44.08-53.8c8.688-10.78 23.69-14.51 36.47-8.975l108.5 46.51C506.1 357.2 514.6 372.4 511.2 387z\"><\/path><\/svg><\/span><span class=\"uagb-icon-list__label\">+49 151 17638458<\/span><\/div>\n\n\n\n<div class=\"wp-block-uagb-icon-list-child uagb-block-b636427e\"><span class=\"uagb-icon-list__source-wrap\"><svg xmlns=\"https:\/\/www.w3.org\/2000\/svg\" viewbox=\"0 0 512 512\"><path d=\"M207.8 20.73c-93.45 18.32-168.7 93.66-187 187.1c-27.64 140.9 68.65 266.2 199.1 285.1c19.01 2.888 36.17-12.26 36.17-31.49l.0001-.6631c0-15.74-11.44-28.88-26.84-31.24c-84.35-12.98-149.2-86.13-149.2-174.2c0-102.9 88.61-185.5 193.4-175.4c91.54 8.869 158.6 91.25 158.6 183.2l0 16.16c0 22.09-17.94 40.05-40 40.05s-40.01-17.96-40.01-40.05v-120.1c0-8.847-7.161-16.02-16.01-16.02l-31.98 .0036c-7.299 0-13.2 4.992-15.12 11.68c-24.85-12.15-54.24-16.38-86.06-5.106c-38.75 13.73-68.12 48.91-73.72 89.64c-9.483 69.01 43.81 128 110.9 128c26.44 0 50.43-9.544 69.59-24.88c24 31.3 65.23 48.69 109.4 37.49C465.2 369.3 496 324.1 495.1 277.2V256.3C495.1 107.1 361.2-9.332 207.8 20.73zM239.1 304.3c-26.47 0-48-21.56-48-48.05s21.53-48.05 48-48.05s48 21.56 48 48.05S266.5 304.3 239.1 304.3z\"><\/path><\/svg><\/span><span class=\"uagb-icon-list__label\">nicolas.wazulek@niwadev.com<\/span><\/div>\n\n\n\n<div class=\"wp-block-uagb-icon-list-child uagb-block-41844436\"><a target=\"_blank\" aria-label=\"linkedin.com\/in\/nicolas-wazulek\" rel=\"noopener noreferrer\" href=\"https:\/\/www.linkedin.com\/in\/nicolas-wazulek\/?locale=fr_FR\"> <\/a><span class=\"uagb-icon-list__source-wrap\"><svg xmlns=\"https:\/\/www.w3.org\/2000\/svg\" viewbox=\"0 0 448 512\"><path d=\"M100.3 448H7.4V148.9h92.88zM53.79 108.1C24.09 108.1 0 83.5 0 53.8a53.79 53.79 0 0 1 107.6 0c0 29.7-24.1 54.3-53.79 54.3zM447.9 448h-92.68V302.4c0-34.7-.7-79.2-48.29-79.2-48.29 0-55.69 37.7-55.69 76.7V448h-92.78V148.9h89.08v40.8h1.3c12.4-23.5 42.69-48.3 87.88-48.3 94 0 111.3 61.9 111.3 142.3V448z\"><\/path><\/svg><\/span><span class=\"uagb-icon-list__label\">linkedin.com\/in\/nicolas-wazulek<\/span><\/div>\n<\/div><\/div>\n\n\n\n<div class=\"wp-block-buttons is-layout-flex wp-block-buttons-is-layout-flex\">\n<div class=\"wp-block-button\"><a class=\"wp-block-button__link wp-element-button\" href=\"https:\/\/niwadev.com\/fr\/contact\/\">Prenez contact avec moi<\/a><\/div>\n<\/div>\n\n<\/div><\/div>\n<\/div>\n<\/div>\n<\/div><\/div>\n<\/div>","protected":false},"excerpt":{"rendered":"","protected":false},"author":1,"featured_media":0,"parent":113,"menu_order":28,"comment_status":"closed","ping_status":"closed","template":"","meta":{"_uag_custom_page_level_css":"","footnotes":""},"class_list":["post-125","page","type-page","status-publish"],"aioseo_notices":[],"uagb_featured_image_src":{"full":false,"thumbnail":false,"medium":false,"medium_large":false,"large":false,"1536x1536":false,"2048x2048":false,"trp-custom-language-flag":false},"uagb_author_info":{"display_name":"niwadev.com","author_link":"https:\/\/niwadev.com\/fr\/blog\/author\/niwadev-com\/"},"uagb_comment_info":0,"uagb_excerpt":null,"_links":{"self":[{"href":"https:\/\/niwadev.com\/fr\/wp-json\/wp\/v2\/pages\/125","targetHints":{"allow":["GET"]}}],"collection":[{"href":"https:\/\/niwadev.com\/fr\/wp-json\/wp\/v2\/pages"}],"about":[{"href":"https:\/\/niwadev.com\/fr\/wp-json\/wp\/v2\/types\/page"}],"author":[{"embeddable":true,"href":"https:\/\/niwadev.com\/fr\/wp-json\/wp\/v2\/users\/1"}],"replies":[{"embeddable":true,"href":"https:\/\/niwadev.com\/fr\/wp-json\/wp\/v2\/comments?post=125"}],"version-history":[{"count":7,"href":"https:\/\/niwadev.com\/fr\/wp-json\/wp\/v2\/pages\/125\/revisions"}],"predecessor-version":[{"id":940,"href":"https:\/\/niwadev.com\/fr\/wp-json\/wp\/v2\/pages\/125\/revisions\/940"}],"up":[{"embeddable":true,"href":"https:\/\/niwadev.com\/fr\/wp-json\/wp\/v2\/pages\/113"}],"wp:attachment":[{"href":"https:\/\/niwadev.com\/fr\/wp-json\/wp\/v2\/media?parent=125"}],"curies":[{"name":"wp","href":"https:\/\/api.w.org\/{rel}","templated":true}]}}