{"id":127,"date":"2023-09-10T21:22:42","date_gmt":"2023-09-10T19:22:42","guid":{"rendered":"https:\/\/niwadev.com\/?page_id=127"},"modified":"2025-06-06T19:20:40","modified_gmt":"2025-06-06T17:20:40","slug":"tdd-test-driven-development","status":"publish","type":"page","link":"https:\/\/niwadev.com\/fr\/services\/tdd-test-driven-development\/","title":{"rendered":"Test-Driven Development (TDD) \u2013 Cr\u00e9ez des logiciels fiables d\u00e8s le d\u00e9part"},"content":{"rendered":"<div class=\"gb-container gb-container-b29add22\">\n\n<figure class=\"wp-block-image size-full\"><img decoding=\"async\" width=\"1200\" height=\"400\" src=\"https:\/\/niwadev.com\/wp-content\/uploads\/2023\/09\/test-driven-development.webp\" alt=\"Un flask analys\u00e9 pour illustrer l&#039;approche du d\u00e9veloppement pilot\u00e9 par les tests.\" class=\"wp-image-193\" style=\"object-fit:cover\" srcset=\"https:\/\/niwadev.com\/wp-content\/uploads\/2023\/09\/test-driven-development.webp 1200w, https:\/\/niwadev.com\/wp-content\/uploads\/2023\/09\/test-driven-development-300x100.webp 300w, https:\/\/niwadev.com\/wp-content\/uploads\/2023\/09\/test-driven-development-1024x341.webp 1024w, https:\/\/niwadev.com\/wp-content\/uploads\/2023\/09\/test-driven-development-768x256.webp 768w, https:\/\/niwadev.com\/wp-content\/uploads\/2023\/09\/test-driven-development-18x6.webp 18w\" sizes=\"(max-width: 1200px) 100vw, 1200px\" \/><\/figure>\n\n<\/div>\n\n<div class=\"gb-grid-wrapper gb-grid-wrapper-7f5228dd\">\n<div class=\"gb-grid-column gb-grid-column-f202ca65\"><div class=\"gb-container gb-container-f202ca65\">\n\n<h2 class=\"gb-headline gb-headline-4410f554 gb-headline-text\">Am\u00e9liorez la qualit\u00e9 de vos logiciels gr\u00e2ce au Test-Driven Development<\/h2>\n\n\n\n<p>Dans le monde actuel du d\u00e9veloppement logiciel, la fiabilit\u00e9 et la qualit\u00e9 sont essentielles. <a href=\"https:\/\/martinfowler.com\/bliki\/TestDrivenDevelopment.html\" title=\"Test-Driven Development (TDD)\">Test-Driven Development (TDD)<\/a> est une m\u00e9thodologie qui place ces valeurs au c\u0153ur du processus, garantissant des logiciels robustes, maintenables et exempts de d\u00e9fauts. En \u00e9crivant des tests avant m\u00eame le code, les d\u00e9veloppeurs cr\u00e9ent des solutions qui r\u00e9pondent aux exigences tout en \u00e9tant scalables et adaptables.<\/p>\n\n\n\n<p>Fort de mon expertise en TDD, j\u2019aide les entreprises du secteur de l'\u00e9nergie \u00e0 d\u00e9velopper des logiciels fiables plus rapidement. De la r\u00e9daction des cas de test \u00e0 l\u2019impl\u00e9mentation d\u2019un code propre et efficace, je veille \u00e0 ce que la qualit\u00e9 soit int\u00e9gr\u00e9e \u00e0 chaque \u00e9tape du d\u00e9veloppement.<\/p>\n\n<\/div><\/div>\n\n<div class=\"gb-grid-column gb-grid-column-3d21ec09\"><div class=\"gb-container gb-container-3d21ec09\">\n\n<h2 class=\"gb-headline gb-headline-e085f4be gb-headline-text\">Vos Avantages<\/h2>\n\n\n\n<div class=\"wp-block-uagb-icon-list uagb-block-f47fca44\"><div class=\"uagb-icon-list__wrap\">\n<div class=\"wp-block-uagb-icon-list-child uagb-block-b011b4a4\"><span class=\"uagb-icon-list__source-wrap\"><svg xmlns=\"https:\/\/www.w3.org\/2000\/svg\" viewbox=\"0 0 448 512\"><path d=\"M438.6 105.4C451.1 117.9 451.1 138.1 438.6 150.6L182.6 406.6C170.1 419.1 149.9 419.1 137.4 406.6L9.372 278.6C-3.124 266.1-3.124 245.9 9.372 233.4C21.87 220.9 42.13 220.9 54.63 233.4L159.1 338.7L393.4 105.4C405.9 92.88 426.1 92.88 438.6 105.4H438.6z\"><\/path><\/svg><\/span><span class=\"uagb-icon-list__label\">Moins de bugs<\/span><\/div>\n\n\n\n<div class=\"wp-block-uagb-icon-list-child uagb-block-937dc5db\"><span class=\"uagb-icon-list__source-wrap\"><svg xmlns=\"https:\/\/www.w3.org\/2000\/svg\" viewbox=\"0 0 448 512\"><path d=\"M438.6 105.4C451.1 117.9 451.1 138.1 438.6 150.6L182.6 406.6C170.1 419.1 149.9 419.1 137.4 406.6L9.372 278.6C-3.124 266.1-3.124 245.9 9.372 233.4C21.87 220.9 42.13 220.9 54.63 233.4L159.1 338.7L393.4 105.4C405.9 92.88 426.1 92.88 438.6 105.4H438.6z\"><\/path><\/svg><\/span><span class=\"uagb-icon-list__label\">R\u00e9duction des co\u00fbts de d\u00e9bogage et de maintenance<\/span><\/div>\n\n\n\n<div class=\"wp-block-uagb-icon-list-child uagb-block-e730ed62\"><span class=\"uagb-icon-list__source-wrap\"><svg xmlns=\"https:\/\/www.w3.org\/2000\/svg\" viewbox=\"0 0 448 512\"><path d=\"M438.6 105.4C451.1 117.9 451.1 138.1 438.6 150.6L182.6 406.6C170.1 419.1 149.9 419.1 137.4 406.6L9.372 278.6C-3.124 266.1-3.124 245.9 9.372 233.4C21.87 220.9 42.13 220.9 54.63 233.4L159.1 338.7L393.4 105.4C405.9 92.88 426.1 92.88 438.6 105.4H438.6z\"><\/path><\/svg><\/span><span class=\"uagb-icon-list__label\">Collaboration am\u00e9lior\u00e9e<\/span><\/div>\n<\/div><\/div>\n\n<\/div><\/div>\n\n<div class=\"gb-grid-column gb-grid-column-3dfc79ae\"><div class=\"gb-container gb-container-3dfc79ae\">\n\n<h2 class=\"gb-headline gb-headline-47d61844 gb-headline-text\">Pourquoi le TDD est-il important ?<\/h2>\n\n\n\n<p>Le Test-Driven Development offre de nombreux avantages qui am\u00e9liorent le processus de d\u00e9veloppement logiciel :<\/p>\n\n\n\n<div class=\"wp-block-uagb-icon-list uagb-block-c9cb0f7f\"><div class=\"uagb-icon-list__wrap\">\n<div class=\"wp-block-uagb-icon-list-child uagb-block-a16c9149\"><span class=\"uagb-icon-list__source-wrap\"><svg xmlns=\"https:\/\/www.w3.org\/2000\/svg\" viewbox=\"0 0 512 512\"><path d=\"M256 0C114.6 0 0 114.6 0 256c0 141.4 114.6 256 256 256s256-114.6 256-256C512 114.6 397.4 0 256 0zM406.6 278.6l-103.1 103.1c-12.5 12.5-32.75 12.5-45.25 0s-12.5-32.75 0-45.25L306.8 288H128C110.3 288 96 273.7 96 256s14.31-32 32-32h178.8l-49.38-49.38c-12.5-12.5-12.5-32.75 0-45.25s32.75-12.5 45.25 0l103.1 103.1C414.6 241.3 416 251.1 416 256C416 260.9 414.6 270.7 406.6 278.6z\"><\/path><\/svg><\/span><span class=\"uagb-icon-list__label\">Code de meilleure qualit\u00e9 : Le TDD favorise un code propre et modulaire, facile \u00e0 maintenir et \u00e0 faire \u00e9voluer<\/span><\/div>\n\n\n\n<div class=\"wp-block-uagb-icon-list-child uagb-block-19520d71\"><span class=\"uagb-icon-list__source-wrap\"><svg xmlns=\"https:\/\/www.w3.org\/2000\/svg\" viewbox=\"0 0 512 512\"><path d=\"M256 0C114.6 0 0 114.6 0 256c0 141.4 114.6 256 256 256s256-114.6 256-256C512 114.6 397.4 0 256 0zM406.6 278.6l-103.1 103.1c-12.5 12.5-32.75 12.5-45.25 0s-12.5-32.75 0-45.25L306.8 288H128C110.3 288 96 273.7 96 256s14.31-32 32-32h178.8l-49.38-49.38c-12.5-12.5-12.5-32.75 0-45.25s32.75-12.5 45.25 0l103.1 103.1C414.6 241.3 416 251.1 416 256C416 260.9 414.6 270.7 406.6 278.6z\"><\/path><\/svg><\/span><span class=\"uagb-icon-list__label\">D\u00e9bogage rapide : Les probl\u00e8mes sont d\u00e9tect\u00e9s t\u00f4t, ce qui r\u00e9duit les d\u00e9lais et le travail suppl\u00e9mentaire<\/span><\/div>\n\n\n\n<div class=\"wp-block-uagb-icon-list-child uagb-block-3e539f11\"><span class=\"uagb-icon-list__source-wrap\"><svg xmlns=\"https:\/\/www.w3.org\/2000\/svg\" viewbox=\"0 0 512 512\"><path d=\"M256 0C114.6 0 0 114.6 0 256c0 141.4 114.6 256 256 256s256-114.6 256-256C512 114.6 397.4 0 256 0zM406.6 278.6l-103.1 103.1c-12.5 12.5-32.75 12.5-45.25 0s-12.5-32.75 0-45.25L306.8 288H128C110.3 288 96 273.7 96 256s14.31-32 32-32h178.8l-49.38-49.38c-12.5-12.5-12.5-32.75 0-45.25s32.75-12.5 45.25 0l103.1 103.1C414.6 241.3 416 251.1 416 256C416 260.9 414.6 270.7 406.6 278.6z\"><\/path><\/svg><\/span><span class=\"uagb-icon-list__label\">Clart\u00e9 des exigences : L\u2019\u00e9criture de tests clarifie les objectifs m\u00e9tiers et les attentes techniques<\/span><\/div>\n\n\n\n<div class=\"wp-block-uagb-icon-list-child uagb-block-bc4be112\"><span class=\"uagb-icon-list__source-wrap\"><svg xmlns=\"https:\/\/www.w3.org\/2000\/svg\" viewbox=\"0 0 512 512\"><path d=\"M256 0C114.6 0 0 114.6 0 256c0 141.4 114.6 256 256 256s256-114.6 256-256C512 114.6 397.4 0 256 0zM406.6 278.6l-103.1 103.1c-12.5 12.5-32.75 12.5-45.25 0s-12.5-32.75 0-45.25L306.8 288H128C110.3 288 96 273.7 96 256s14.31-32 32-32h178.8l-49.38-49.38c-12.5-12.5-12.5-32.75 0-45.25s32.75-12.5 45.25 0l103.1 103.1C414.6 241.3 416 251.1 416 256C416 260.9 414.6 270.7 406.6 278.6z\"><\/path><\/svg><\/span><span class=\"uagb-icon-list__label\">Confiance dans les modifications : Les d\u00e9veloppeurs peuvent refactorer ou mettre \u00e0 jour le code sans craindre de compromettre les fonctionnalit\u00e9s existantes<\/span><\/div>\n<\/div><\/div>\n\n\n\n<p>Adopter le TDD n\u2019est pas qu\u2019une d\u00e9cision technique \u2013 c\u2019est un choix strat\u00e9gique pour aligner les objectifs m\u00e9tiers et la qualit\u00e9 logicielle.<\/p>\n\n<\/div><\/div>\n\n<div class=\"gb-grid-column gb-grid-column-f2429c9a\"><div class=\"gb-container gb-container-f2429c9a\">\n\n<h2 class=\"gb-headline gb-headline-12beef61 gb-headline-text\">Mes services TDD<\/h2>\n\n\n\n<h3 class=\"gb-headline gb-headline-c737abee gb-headline-text\">Mise en \u0153uvre du TDD<\/h3>\n\n\n\n<p>J\u2019int\u00e8gre le TDD dans vos processus de d\u00e9veloppement, que ce soit pour des nouveaux projets ou des syst\u00e8mes existants. Cela inclut la mise en place de frameworks de test et l\u2019optimisation des workflows.<\/p>\n\n\n\n<h3 class=\"gb-headline gb-headline-ecaf9b92 gb-headline-text\">D\u00e9veloppement de cas de test<\/h3>\n\n\n\n<p>Des tests unitaires aux tests d\u2019int\u00e9gration, je con\u00e7ois des cas de test complets couvrant tous les aspects de votre application. Ces tests garantissent que vos logiciels fonctionnent comme pr\u00e9vu.<\/p>\n\n\n\n<h3 class=\"gb-headline gb-headline-004499d2 gb-headline-text\">Automatisation et CI\/CD<\/h3>\n\n\n\n<p>J\u2019aide \u00e0 automatiser vos processus de test et \u00e0 les int\u00e9grer dans des pipelines CI\/CD. Les tests automatis\u00e9s fournissent des retours rapides et simplifient le processus de d\u00e9ploiement.<\/p>\n\n\n\n<h3 class=\"gb-headline gb-headline-8e92d962 gb-headline-text\">Formation et coaching<\/h3>\n\n\n\n<p>Pour les \u00e9quipes qui d\u00e9couvrent le TDD, je propose des formations pratiques et un accompagnement personnalis\u00e9. Je guide vos d\u00e9veloppeurs dans la cr\u00e9ation de leurs premiers cas de test jusqu\u2019\u00e0 la gestion de sc\u00e9narios complexes.<\/p>\n\n<\/div><\/div>\n\n<div class=\"gb-grid-column gb-grid-column-985c0c6a\"><div class=\"gb-container gb-container-985c0c6a\">\n\n<h2 class=\"gb-headline gb-headline-cac87bb9 gb-headline-text\">Pourquoi travailler avec moi ?<\/h2>\n\n\n\n<div class=\"wp-block-uagb-icon-list uagb-block-6bf3aaec\"><div class=\"uagb-icon-list__wrap\">\n<div class=\"wp-block-uagb-icon-list-child uagb-block-447416d0\"><span class=\"uagb-icon-list__source-wrap\"><svg xmlns=\"https:\/\/www.w3.org\/2000\/svg\" viewbox=\"0 0 320 512\"><path d=\"M96 480c-8.188 0-16.38-3.125-22.62-9.375c-12.5-12.5-12.5-32.75 0-45.25L242.8 256L73.38 86.63c-12.5-12.5-12.5-32.75 0-45.25s32.75-12.5 45.25 0l192 192c12.5 12.5 12.5 32.75 0 45.25l-192 192C112.4 476.9 104.2 480 96 480z\"><\/path><\/svg><\/span><span class=\"uagb-icon-list__label\">Expertise \u00e9prouv\u00e9e : Exp\u00e9rience dans l\u2019application du TDD sur des projets r\u00e9els, y compris dans le secteur de l\u2019\u00e9nergie<\/span><\/div>\n\n\n\n<div class=\"wp-block-uagb-icon-list-child uagb-block-dfbd1d5c\"><span class=\"uagb-icon-list__source-wrap\"><svg xmlns=\"https:\/\/www.w3.org\/2000\/svg\" viewbox=\"0 0 320 512\"><path d=\"M96 480c-8.188 0-16.38-3.125-22.62-9.375c-12.5-12.5-12.5-32.75 0-45.25L242.8 256L73.38 86.63c-12.5-12.5-12.5-32.75 0-45.25s32.75-12.5 45.25 0l192 192c12.5 12.5 12.5 32.75 0 45.25l-192 192C112.4 476.9 104.2 480 96 480z\"><\/path><\/svg><\/span><span class=\"uagb-icon-list__label\">R\u00e9solution efficace des probl\u00e8mes : Ma m\u00e9thode TDD r\u00e9duit le temps de d\u00e9bogage et garantit des r\u00e9sultats de haute qualit\u00e9<\/span><\/div>\n\n\n\n<div class=\"wp-block-uagb-icon-list-child uagb-block-9fe07472\"><span class=\"uagb-icon-list__source-wrap\"><svg xmlns=\"https:\/\/www.w3.org\/2000\/svg\" viewbox=\"0 0 320 512\"><path d=\"M96 480c-8.188 0-16.38-3.125-22.62-9.375c-12.5-12.5-12.5-32.75 0-45.25L242.8 256L73.38 86.63c-12.5-12.5-12.5-32.75 0-45.25s32.75-12.5 45.25 0l192 192c12.5 12.5 12.5 32.75 0 45.25l-192 192C112.4 476.9 104.2 480 96 480z\"><\/path><\/svg><\/span><span class=\"uagb-icon-list__label\">Connaissances techniques : Ma\u00eetrise des frameworks de test comme xUnit et des outils de mock<\/span><\/div>\n\n\n\n<div class=\"wp-block-uagb-icon-list-child uagb-block-738fe9af\"><span class=\"uagb-icon-list__source-wrap\"><svg xmlns=\"https:\/\/www.w3.org\/2000\/svg\" viewbox=\"0 0 320 512\"><path d=\"M96 480c-8.188 0-16.38-3.125-22.62-9.375c-12.5-12.5-12.5-32.75 0-45.25L242.8 256L73.38 86.63c-12.5-12.5-12.5-32.75 0-45.25s32.75-12.5 45.25 0l192 192c12.5 12.5 12.5 32.75 0 45.25l-192 192C112.4 476.9 104.2 480 96 480z\"><\/path><\/svg><\/span><span class=\"uagb-icon-list__label\">Solutions sur mesure : Adaptation des workflows TDD aux besoins sp\u00e9cifiques de votre entreprise<\/span><\/div>\n\n\n\n<div class=\"wp-block-uagb-icon-list-child uagb-block-3f6ec734\"><span class=\"uagb-icon-list__source-wrap\"><svg xmlns=\"https:\/\/www.w3.org\/2000\/svg\" viewbox=\"0 0 320 512\"><path d=\"M96 480c-8.188 0-16.38-3.125-22.62-9.375c-12.5-12.5-12.5-32.75 0-45.25L242.8 256L73.38 86.63c-12.5-12.5-12.5-32.75 0-45.25s32.75-12.5 45.25 0l192 192c12.5 12.5 12.5 32.75 0 45.25l-192 192C112.4 476.9 104.2 480 96 480z\"><\/path><\/svg><\/span><span class=\"uagb-icon-list__label\">Communication multilingue : Trilingue en fran\u00e7ais, anglais et allemand pour une collaboration internationale sans faille<\/span><\/div>\n<\/div><\/div>\n\n<\/div><\/div>\n\n<div class=\"gb-grid-column gb-grid-column-326f3df3\"><div class=\"gb-container gb-container-326f3df3\">\n\n<h2 class=\"gb-headline gb-headline-b48a0a01 gb-headline-text\">D\u00e9veloppons de meilleurs logiciels ensemble<\/h2>\n\n\n\n<p>Le Test-Driven Development est plus qu\u2019une m\u00e9thodologie \u2013 c\u2019est une philosophie qui place la qualit\u00e9 et l\u2019efficacit\u00e9 au premier plan. Avec mon expertise, vous pouvez adopter le TDD pour cr\u00e9er des logiciels fiables, scalables et performants qui r\u00e9pondent \u00e0 vos objectifs m\u00e9tiers.<\/p>\n\n\n\n<p><a href=\"https:\/\/niwadev.com\/fr\/contact\/\" title=\"Contact\">Contactez-moi d\u00e8s aujourd\u2019hui<\/a>&nbsp;pour d\u00e9couvrir comment le TDD peut transformer vos processus de d\u00e9veloppement.<\/p>\n\n<\/div><\/div>\n\n<div class=\"gb-grid-column gb-grid-column-99e332ff\"><div class=\"gb-container gb-container-99e332ff\">\n<div class=\"gb-container gb-container-a87c38ec\">\n<div class=\"gb-grid-wrapper gb-grid-wrapper-1fe89122\">\n<div class=\"gb-grid-column gb-grid-column-a2f46e95\"><div class=\"gb-container gb-container-a2f46e95\">\n\n<figure class=\"gb-block-image gb-block-image-0102672b\"><img decoding=\"async\" width=\"720\" height=\"1080\" class=\"gb-image gb-image-0102672b\" src=\"https:\/\/niwadev.com\/wp-content\/uploads\/2024\/07\/niwadev_Nicolas_Wazulek_10.webp\" alt=\"Nicolas Wazulek working outside on a big blue bench smiling into the camera.\" title=\"Nicolas Wazulek working outside\" srcset=\"https:\/\/niwadev.com\/wp-content\/uploads\/2024\/07\/niwadev_Nicolas_Wazulek_10.webp 720w, https:\/\/niwadev.com\/wp-content\/uploads\/2024\/07\/niwadev_Nicolas_Wazulek_10-200x300.webp 200w, https:\/\/niwadev.com\/wp-content\/uploads\/2024\/07\/niwadev_Nicolas_Wazulek_10-683x1024.webp 683w, https:\/\/niwadev.com\/wp-content\/uploads\/2024\/07\/niwadev_Nicolas_Wazulek_10-8x12.webp 8w\" sizes=\"(max-width: 720px) 100vw, 720px\" \/><\/figure>\n\n<\/div><\/div>\n\n<div class=\"gb-grid-column gb-grid-column-10a47a13\"><div class=\"gb-container gb-container-10a47a13\">\n\n<div class=\"gb-headline gb-headline-a7e6ff89 gb-headline-text\">Nicolas Wazulek<\/div>\n\n\n\n<div class=\"wp-block-uagb-icon-list uagb-block-a3b81926\"><div class=\"uagb-icon-list__wrap\">\n<div class=\"wp-block-uagb-icon-list-child uagb-block-a26f002a\"><span class=\"uagb-icon-list__source-wrap\"><svg xmlns=\"https:\/\/www.w3.org\/2000\/svg\" viewbox=\"0 0 512 512\"><path d=\"M511.2 387l-23.25 100.8c-3.266 14.25-15.79 24.22-30.46 24.22C205.2 512 0 306.8 0 54.5c0-14.66 9.969-27.2 24.22-30.45l100.8-23.25C139.7-2.602 154.7 5.018 160.8 18.92l46.52 108.5c5.438 12.78 1.77 27.67-8.98 36.45L144.5 207.1c33.98 69.22 90.26 125.5 159.5 159.5l44.08-53.8c8.688-10.78 23.69-14.51 36.47-8.975l108.5 46.51C506.1 357.2 514.6 372.4 511.2 387z\"><\/path><\/svg><\/span><span class=\"uagb-icon-list__label\">+49 151 17638458<\/span><\/div>\n\n\n\n<div class=\"wp-block-uagb-icon-list-child uagb-block-b636427e\"><span class=\"uagb-icon-list__source-wrap\"><svg xmlns=\"https:\/\/www.w3.org\/2000\/svg\" viewbox=\"0 0 512 512\"><path d=\"M207.8 20.73c-93.45 18.32-168.7 93.66-187 187.1c-27.64 140.9 68.65 266.2 199.1 285.1c19.01 2.888 36.17-12.26 36.17-31.49l.0001-.6631c0-15.74-11.44-28.88-26.84-31.24c-84.35-12.98-149.2-86.13-149.2-174.2c0-102.9 88.61-185.5 193.4-175.4c91.54 8.869 158.6 91.25 158.6 183.2l0 16.16c0 22.09-17.94 40.05-40 40.05s-40.01-17.96-40.01-40.05v-120.1c0-8.847-7.161-16.02-16.01-16.02l-31.98 .0036c-7.299 0-13.2 4.992-15.12 11.68c-24.85-12.15-54.24-16.38-86.06-5.106c-38.75 13.73-68.12 48.91-73.72 89.64c-9.483 69.01 43.81 128 110.9 128c26.44 0 50.43-9.544 69.59-24.88c24 31.3 65.23 48.69 109.4 37.49C465.2 369.3 496 324.1 495.1 277.2V256.3C495.1 107.1 361.2-9.332 207.8 20.73zM239.1 304.3c-26.47 0-48-21.56-48-48.05s21.53-48.05 48-48.05s48 21.56 48 48.05S266.5 304.3 239.1 304.3z\"><\/path><\/svg><\/span><span class=\"uagb-icon-list__label\">nicolas.wazulek@niwadev.com<\/span><\/div>\n\n\n\n<div class=\"wp-block-uagb-icon-list-child uagb-block-41844436\"><a target=\"_blank\" aria-label=\"linkedin.com\/in\/nicolas-wazulek\" rel=\"noopener noreferrer\" href=\"https:\/\/www.linkedin.com\/in\/nicolas-wazulek\/?locale=fr_FR\"> <\/a><span class=\"uagb-icon-list__source-wrap\"><svg xmlns=\"https:\/\/www.w3.org\/2000\/svg\" viewbox=\"0 0 448 512\"><path d=\"M100.3 448H7.4V148.9h92.88zM53.79 108.1C24.09 108.1 0 83.5 0 53.8a53.79 53.79 0 0 1 107.6 0c0 29.7-24.1 54.3-53.79 54.3zM447.9 448h-92.68V302.4c0-34.7-.7-79.2-48.29-79.2-48.29 0-55.69 37.7-55.69 76.7V448h-92.78V148.9h89.08v40.8h1.3c12.4-23.5 42.69-48.3 87.88-48.3 94 0 111.3 61.9 111.3 142.3V448z\"><\/path><\/svg><\/span><span class=\"uagb-icon-list__label\">linkedin.com\/in\/nicolas-wazulek<\/span><\/div>\n<\/div><\/div>\n\n\n\n<div class=\"wp-block-buttons is-layout-flex wp-block-buttons-is-layout-flex\">\n<div class=\"wp-block-button\"><a class=\"wp-block-button__link wp-element-button\" href=\"https:\/\/niwadev.com\/fr\/contact\/\">Prenez contact avec moi<\/a><\/div>\n<\/div>\n\n<\/div><\/div>\n<\/div>\n<\/div>\n<\/div><\/div>\n<\/div>","protected":false},"excerpt":{"rendered":"","protected":false},"author":1,"featured_media":0,"parent":113,"menu_order":26,"comment_status":"closed","ping_status":"closed","template":"","meta":{"_uag_custom_page_level_css":"","footnotes":""},"class_list":["post-127","page","type-page","status-publish"],"aioseo_notices":[],"uagb_featured_image_src":{"full":false,"thumbnail":false,"medium":false,"medium_large":false,"large":false,"1536x1536":false,"2048x2048":false,"trp-custom-language-flag":false},"uagb_author_info":{"display_name":"niwadev.com","author_link":"https:\/\/niwadev.com\/fr\/blog\/author\/niwadev-com\/"},"uagb_comment_info":0,"uagb_excerpt":null,"_links":{"self":[{"href":"https:\/\/niwadev.com\/fr\/wp-json\/wp\/v2\/pages\/127","targetHints":{"allow":["GET"]}}],"collection":[{"href":"https:\/\/niwadev.com\/fr\/wp-json\/wp\/v2\/pages"}],"about":[{"href":"https:\/\/niwadev.com\/fr\/wp-json\/wp\/v2\/types\/page"}],"author":[{"embeddable":true,"href":"https:\/\/niwadev.com\/fr\/wp-json\/wp\/v2\/users\/1"}],"replies":[{"embeddable":true,"href":"https:\/\/niwadev.com\/fr\/wp-json\/wp\/v2\/comments?post=127"}],"version-history":[{"count":6,"href":"https:\/\/niwadev.com\/fr\/wp-json\/wp\/v2\/pages\/127\/revisions"}],"predecessor-version":[{"id":941,"href":"https:\/\/niwadev.com\/fr\/wp-json\/wp\/v2\/pages\/127\/revisions\/941"}],"up":[{"embeddable":true,"href":"https:\/\/niwadev.com\/fr\/wp-json\/wp\/v2\/pages\/113"}],"wp:attachment":[{"href":"https:\/\/niwadev.com\/fr\/wp-json\/wp\/v2\/media?parent=127"}],"curies":[{"name":"wp","href":"https:\/\/api.w.org\/{rel}","templated":true}]}}