{"id":134,"date":"2023-09-12T19:43:07","date_gmt":"2023-09-12T17:43:07","guid":{"rendered":"https:\/\/niwadev.com\/?page_id=134"},"modified":"2025-01-13T14:47:48","modified_gmt":"2025-01-13T13:47:48","slug":"a-propos-de-moi","status":"publish","type":"page","link":"https:\/\/niwadev.com\/fr\/about-me\/","title":{"rendered":"\u00c0 propos de moi"},"content":{"rendered":"<h3 class=\"wp-block-heading\">Qui suis-je ?<\/h3>\n\n\n<div class=\"gb-grid-wrapper gb-grid-wrapper-83e32194\">\n<div class=\"gb-grid-column gb-grid-column-5140bacf\"><div class=\"gb-container gb-container-5140bacf\">\n<div class=\"gb-grid-wrapper gb-grid-wrapper-ca310b70\">\n<div class=\"gb-grid-column gb-grid-column-4115fa04\"><div class=\"gb-container gb-container-4115fa04\">\n\n<p>J'ai commenc\u00e9 ma carri\u00e8re dans l'informatique en 2013 en tant qu'apprenti informaticien sp\u00e9cialis\u00e9 au sein du groupe LEW, une entreprise de distribution d'\u00e9nergie situ\u00e9e en Bavi\u00e8re. J'y ai travaill\u00e9 pendant et apr\u00e8s ma formation dans diff\u00e9rents domaines de l'informatique, comme l'administration ou le d\u00e9veloppement SAP. Depuis 2019, je travaille dans le d\u00e9veloppement web o\u00f9 je continue \u00e0 d\u00e9velopper les services back-end des applications web en C# et .NET dans un environnement de microservices. Outre la conception, le d\u00e9veloppement, l'analyse et la r\u00e9solution de probl\u00e8mes, j'ai \u00e9galement accompagn\u00e9 des \u00e9tudiants en alternance et form\u00e9 des apprentis dans le domaine du d\u00e9veloppement de logiciels au cours de mon activit\u00e9.<\/p>\n\n\n\n<p>Selon la devise \"Il est plus facile d'\u00e9voluer ensemble\", j'ai d\u00e9j\u00e0 travaill\u00e9 avec de nombreuses personnes dans des \u00e9quipes diff\u00e9rentes et interfonctionnelles. Je vois dans l'\u00e9change avec les autres une grande opportunit\u00e9 d'apprendre et d'\u00e9voluer.<\/p>\n\n<\/div><\/div>\n<\/div>\n\n\n<p>Dans ma vie priv\u00e9e, j'adore voyager et d\u00e9couvrir de nouvelles langues et cultures. L'anglais, le fran\u00e7ais et l'espagnol sont sur ma liste et, en tant que fan de la France, mon prochain voyage dans notre beau pays voisin. Je pratique \u00e9galement la voile et la natation pendant mon temps libre. J'ai \u00e9galement obtenu mon permis de conduire des bateaux de plaisance en 2023.<\/p>\n\n\n<div class=\"gb-container gb-container-75e9a901\">\n\n<figure class=\"wp-block-image size-full\"><img decoding=\"async\" width=\"2400\" height=\"1080\" src=\"https:\/\/niwadev.com\/wp-content\/uploads\/2024\/08\/sailing-boat-albatros.webp\" alt=\"Picture of a sailing boat with white sails in the wind.\" class=\"wp-image-693\" srcset=\"https:\/\/niwadev.com\/wp-content\/uploads\/2024\/08\/sailing-boat-albatros.webp 2400w, https:\/\/niwadev.com\/wp-content\/uploads\/2024\/08\/sailing-boat-albatros-300x135.webp 300w, https:\/\/niwadev.com\/wp-content\/uploads\/2024\/08\/sailing-boat-albatros-1024x461.webp 1024w, https:\/\/niwadev.com\/wp-content\/uploads\/2024\/08\/sailing-boat-albatros-768x346.webp 768w, https:\/\/niwadev.com\/wp-content\/uploads\/2024\/08\/sailing-boat-albatros-1536x691.webp 1536w, https:\/\/niwadev.com\/wp-content\/uploads\/2024\/08\/sailing-boat-albatros-2048x922.webp 2048w, https:\/\/niwadev.com\/wp-content\/uploads\/2024\/08\/sailing-boat-albatros-18x8.webp 18w\" sizes=\"(max-width: 2400px) 100vw, 2400px\" \/><\/figure>\n\n<\/div>\n\n\n<h3 class=\"wp-block-heading\">Qu'est-ce qui me motive ?<\/h3>\n\n\n\n<p>Je tiens \u00e0 ce que le d\u00e9veloppement soit de qualit\u00e9 et puisse \u00eatre maintenu et am\u00e9lior\u00e9 pendant des ann\u00e9es. D'apr\u00e8s mon exp\u00e9rience, l'effort initial consenti lors de la conception se paie en termes de qualit\u00e9 et de d\u00e9veloppement.<\/p>\n\n\n\n<p>L'informatique est en constante \u00e9volution et les nouvelles technologies ne sont pas seulement passionnantes, elles peuvent aussi aider \u00e0 mieux g\u00e9rer les probl\u00e8mes existants ou \u00e0 simplifier le d\u00e9veloppement. C'est pourquoi j'aime essayer de nouvelles choses et mettre en \u0153uvre des solutions adapt\u00e9es dans les applications sur lesquelles je travaille.<\/p>\n\n\n\n<p>Voir que les utilisateurs aiment utiliser les fonctionnalit\u00e9s que j'ai d\u00e9velopp\u00e9es me rend fier et me motive \u00e0 fournir le meilleur produit possible.<\/p>\n\n\n\n<h3 class=\"wp-block-heading\">Qu'est-ce qui constitue pour moi une bonne performance ?<\/h3>\n\n\n\n<p>Pour moi, une bonne performance en \u00e9quipe signifie \u00eatre fier du r\u00e9sultat de son travail et soutenir ce que l'on a \u00e9labor\u00e9. Je pense aussi qu'il faut \u00eatre capable de s'adapter \u00e0 de nouvelles situations.<\/p>\n\n\n\n<h3 class=\"gb-headline gb-headline-efd86a74 gb-headline-text\">En savoir plus<\/h3>\n\n\n\n<p>Mon profil a attir\u00e9 votre attention ? Vous souhaitez mieux me conna\u00eetre ? N'h\u00e9sitez pas \u00e0 me contacter.<\/p>\n\n\n\n<div class=\"wp-block-buttons is-layout-flex wp-block-buttons-is-layout-flex\">\n<div class=\"wp-block-button\"><a class=\"wp-block-button__link wp-element-button\" href=\"https:\/\/niwadev.com\/fr\/contact\/\">Entrez en contact<\/a><\/div>\n\n\n\n<div class=\"wp-block-button is-style-fill\"><a class=\"wp-block-button__link has-base-3-color has-text-color has-background has-link-color wp-element-button\" href=\"https:\/\/www.linkedin.com\/in\/nicolas-wazulek\/?locale=fr_FR\" style=\"background-color:#4152c0\" target=\"_blank\" rel=\"https:\/\/www.linkedin.com\/in\/nicolas-wazulek\/ noopener\">Visitez mon profil sur LinkedIn<\/a><\/div>\n<\/div>\n\n<\/div><\/div>\n\n<div class=\"gb-grid-column gb-grid-column-a1113034\"><div class=\"gb-container gb-container-a1113034\">\n<div class=\"wp-block-image is-style-default\">\n<figure class=\"aligncenter size-large is-resized\"><img decoding=\"async\" width=\"683\" height=\"1024\" src=\"https:\/\/niwadev.com\/wp-content\/uploads\/2024\/07\/niwadev_Nicolas_Wazulek_06-683x1024.webp\" alt=\"Portrait of Nicolas Wazulek outside in front of a modern building with blurred background.\" class=\"wp-image-662\" style=\"width:auto;height:375px\" srcset=\"https:\/\/niwadev.com\/wp-content\/uploads\/2024\/07\/niwadev_Nicolas_Wazulek_06-683x1024.webp 683w, https:\/\/niwadev.com\/wp-content\/uploads\/2024\/07\/niwadev_Nicolas_Wazulek_06-200x300.webp 200w, https:\/\/niwadev.com\/wp-content\/uploads\/2024\/07\/niwadev_Nicolas_Wazulek_06-8x12.webp 8w, https:\/\/niwadev.com\/wp-content\/uploads\/2024\/07\/niwadev_Nicolas_Wazulek_06.webp 720w\" sizes=\"(max-width: 683px) 100vw, 683px\" \/><figcaption class=\"wp-element-caption\">Photo prise par <a href=\"https:\/\/barbarahibler.com\/\" title=\"Site web de Barbara Hibler\" rel=\"noopener\" target=\"_blank\">Barbara Hibler<\/a><\/figcaption><\/figure>\n<\/div>\n<\/div><\/div>\n<\/div>","protected":false},"excerpt":{"rendered":"<p>Qui suis-je ?<\/p>","protected":false},"author":1,"featured_media":0,"parent":0,"menu_order":40,"comment_status":"closed","ping_status":"closed","template":"","meta":{"_uag_custom_page_level_css":"","footnotes":""},"class_list":["post-134","page","type-page","status-publish"],"aioseo_notices":[],"uagb_featured_image_src":{"full":false,"thumbnail":false,"medium":false,"medium_large":false,"large":false,"1536x1536":false,"2048x2048":false,"trp-custom-language-flag":false},"uagb_author_info":{"display_name":"niwadev.com","author_link":"https:\/\/niwadev.com\/fr\/blog\/author\/niwadev-com\/"},"uagb_comment_info":0,"uagb_excerpt":"Who am I?","_links":{"self":[{"href":"https:\/\/niwadev.com\/fr\/wp-json\/wp\/v2\/pages\/134","targetHints":{"allow":["GET"]}}],"collection":[{"href":"https:\/\/niwadev.com\/fr\/wp-json\/wp\/v2\/pages"}],"about":[{"href":"https:\/\/niwadev.com\/fr\/wp-json\/wp\/v2\/types\/page"}],"author":[{"embeddable":true,"href":"https:\/\/niwadev.com\/fr\/wp-json\/wp\/v2\/users\/1"}],"replies":[{"embeddable":true,"href":"https:\/\/niwadev.com\/fr\/wp-json\/wp\/v2\/comments?post=134"}],"version-history":[{"count":15,"href":"https:\/\/niwadev.com\/fr\/wp-json\/wp\/v2\/pages\/134\/revisions"}],"predecessor-version":[{"id":775,"href":"https:\/\/niwadev.com\/fr\/wp-json\/wp\/v2\/pages\/134\/revisions\/775"}],"wp:attachment":[{"href":"https:\/\/niwadev.com\/fr\/wp-json\/wp\/v2\/media?parent=134"}],"curies":[{"name":"wp","href":"https:\/\/api.w.org\/{rel}","templated":true}]}}