{"id":237,"date":"2023-09-12T21:56:06","date_gmt":"2023-09-12T19:56:06","guid":{"rendered":"https:\/\/niwadev.com\/imprint-2\/"},"modified":"2025-01-13T14:51:05","modified_gmt":"2025-01-13T13:51:05","slug":"imprint","status":"publish","type":"page","link":"https:\/\/niwadev.com\/fr\/imprint\/","title":{"rendered":"Mentions l\u00e9gales"},"content":{"rendered":"<!-- Legal document generated by Complianz | GDPR\/CCPA Cookie Consent https:\/\/wordpress.org\/plugins\/complianz-gdpr -->\n<div id=\"cmplz-document\" class=\"cmplz-document impressum cmplz-document-all\"><p><i>Cette imprint a \u00e9t\u00e9 mise \u00e0 jour pour la derni\u00e8re fois le 18 septembre 2025.<\/i><\/p><p class=\"cmplz-subtitle\">Le propri\u00e9taire de ce site web est\u00a0:<\/p><p>niwadev &#8211; Nicolas Wazulek <br>Beim Glaspalast 5<br \/>\n86153 Augsburg<br>Allemagne<br>E-mail\u00a0:&nbsp;<span class=\"cmplz-obfuscate\">&#099;&#111;nta&#099;t@<span class=\"cmplz-fmail-domain\">ex.&#099;om<\/span>n&#105;&#119;&#097;&#100;&#101;&#118;&#046;co&#109;<\/span><br>Num\u00e9ro de t\u00e9l\u00e9phone\u00a0: +49 151 17638458<br>ID TVA\u00a0:&nbsp;DE351820755<\/p><p class=\"cmplz-subtitle\">Le(s) repr\u00e9sentant(s) l\u00e9gal(aux) de niwadev &#8211; Nicolas Wazulek \u00a0:<\/p><p>Nicolas Wazulek<\/p><h2>1. G\u00e9n\u00e9ral<\/h2><p>Nous ne sommes ni dispos\u00e9s ni oblig\u00e9s de participer \u00e0 des proc\u00e9dures de r\u00e8glement des litiges devant une commission d\u2019arbitrage des consommateurs.<\/p><h2>2. Les informations suivantes sont obligatoires selon la loi allemande.<\/h2><p class=\"cmplz-subtitle\">2.1 Wir stellen journalistische und redaktionell aufbereitete Inhalte zur Verf\u00fcgung.<\/p><p>Daher m\u00fcssen wir den Namen und den Wohnort der Person nennen, die f\u00fcr den Inhalt dieser Website verantwortlich ist:<br \/><br \/>Verantwortlich f\u00fcr den Inhalt nach \u00a7 18 Abs. 2 MStV ist: Nicolas Wazulek aus Augsburg.<\/p><p class=\"cmplz-subtitle\">2.2 Unsere Berufshaftpflichtversicherung lautet:<\/p><p>Hiscox SA<br \/>\nNiederlassung f\u00fcr Deutschland<br \/>\nBernhard-Wicki-Str. 3<br \/>\n80636 M\u00fcnchen<br \/>\nG\u00fcltigkeit: weltweit<\/p><\/div>","protected":false},"excerpt":{"rendered":"","protected":false},"author":1,"featured_media":0,"parent":0,"menu_order":1000,"comment_status":"closed","ping_status":"closed","template":"","meta":{"_uag_custom_page_level_css":"","footnotes":""},"class_list":["post-237","page","type-page","status-publish"],"aioseo_notices":[],"uagb_featured_image_src":{"full":false,"thumbnail":false,"medium":false,"medium_large":false,"large":false,"1536x1536":false,"2048x2048":false,"trp-custom-language-flag":false},"uagb_author_info":{"display_name":"niwadev.com","author_link":"https:\/\/niwadev.com\/fr\/blog\/author\/niwadev-com\/"},"uagb_comment_info":0,"uagb_excerpt":null,"_links":{"self":[{"href":"https:\/\/niwadev.com\/fr\/wp-json\/wp\/v2\/pages\/237","targetHints":{"allow":["GET"]}}],"collection":[{"href":"https:\/\/niwadev.com\/fr\/wp-json\/wp\/v2\/pages"}],"about":[{"href":"https:\/\/niwadev.com\/fr\/wp-json\/wp\/v2\/types\/page"}],"author":[{"embeddable":true,"href":"https:\/\/niwadev.com\/fr\/wp-json\/wp\/v2\/users\/1"}],"replies":[{"embeddable":true,"href":"https:\/\/niwadev.com\/fr\/wp-json\/wp\/v2\/comments?post=237"}],"version-history":[{"count":1,"href":"https:\/\/niwadev.com\/fr\/wp-json\/wp\/v2\/pages\/237\/revisions"}],"predecessor-version":[{"id":865,"href":"https:\/\/niwadev.com\/fr\/wp-json\/wp\/v2\/pages\/237\/revisions\/865"}],"wp:attachment":[{"href":"https:\/\/niwadev.com\/fr\/wp-json\/wp\/v2\/media?parent=237"}],"curies":[{"name":"wp","href":"https:\/\/api.w.org\/{rel}","templated":true}]}}