{"id":808,"date":"2024-12-11T14:25:55","date_gmt":"2024-12-11T13:25:55","guid":{"rendered":"https:\/\/niwadev.com\/?page_id=808"},"modified":"2025-06-06T19:20:27","modified_gmt":"2025-06-06T17:20:27","slug":"requirements-engineering","status":"publish","type":"page","link":"https:\/\/niwadev.com\/fr\/services\/requirements-engineering\/","title":{"rendered":"Ing\u00e9nierie des exigences : un logiciel r\u00e9ussi du premier coup"},"content":{"rendered":"<div class=\"gb-grid-wrapper gb-grid-wrapper-4fe21e6d\">\n<div class=\"gb-grid-column gb-grid-column-4e920d91\"><div class=\"gb-container gb-container-4e920d91\">\n<div class=\"gb-container gb-container-b29add22\">\n\n<figure class=\"wp-block-image size-full is-resized\"><img decoding=\"async\" src=\"http:\/\/niwadev.com\/wp-content\/uploads\/2023\/09\/software-innovation.svg\" alt=\"Graphique repr\u00e9sentant l&#039;ensemble du cycle de d\u00e9veloppement d&#039;un logiciel, de l&#039;id\u00e9e \u00e0 la commercialisation, aux essais et \u00e0 la pr\u00e9sentation.\" class=\"wp-image-143\" style=\"object-fit:cover;width:1200px;height:400px\"\/><\/figure>\n\n<\/div>\n<\/div><\/div>\n\n<div class=\"gb-grid-column gb-grid-column-9f5742d9\"><div class=\"gb-container gb-container-9f5742d9\">\n\n<h2 class=\"gb-headline gb-headline-78ad9f37 gb-headline-text\">Vos exigences au centre \u2013 pour un logiciel qui \u00e9tablit de nouvelles normes<\/h2>\n\n\n\n<p>\u00cates-vous pr\u00eat \u00e0 commencer d\u00e8s maintenant \u00e0 d\u00e9finir des exigences de premier ordre ? <a href=\"https:\/\/niwadev.com\/fr\/contact\/\" target=\"_blank\" rel=\"noopener\" title=\"Contact\">Prenez contact avec moi<\/a> imm\u00e9diatement sans obligation.<\/p>\n\n\n\n<p>Votre projet logiciel touche \u00e0 sa fin, mais la solution ne r\u00e9pond pas \u00e0 vos attentes. Les corrections co\u00fbtent du temps et de l'argent. Comment cela a-t-il pu arriver ? Sans exigences claires, les malentendus s\u2019accumulent, les co\u00fbts explosent et les d\u00e9lais sont d\u00e9pass\u00e9s. Et souvent, on ne s'en rend compte que lorsqu'il est trop tard.<\/p>\n\n\n\n<p>Mais ne s'agit-il pas d'une d\u00e9pense suppl\u00e9mentaire ? Que se passe-t-il si vous sautez <a href=\"https:\/\/niwadev.com\/fr\/connaissances\/requirements-engineering\/\" target=\"_blank\" rel=\"noopener\" title=\"Ing\u00e9nierie des Exigences\">requirements engineering<\/a>? Les cons\u00e9quences sont nombreuses. Un fournisseur d'\u00e9nergie souhaitait apporter des ajustements \u00e0 son logiciel et a engag\u00e9 des d\u00e9veloppeurs externes pour cette t\u00e2che. Les exigences ont \u00e9t\u00e9 bri\u00e8vement d\u00e9crites - claires pour le client, floues pour les d\u00e9veloppeurs.<\/p>\n\n\n\n<p>\"Pourtant, nous avons tout expliqu\u00e9 !\" \u2013 Encore et encore, les d\u00e9veloppeurs ont d\u00fb poser des questions, entra\u00eenant des r\u00e9unions interminables. La mise en \u0153uvre a \u00e9t\u00e9 retard\u00e9e de plusieurs mois, le budget a explos\u00e9. Et au final, le logiciel n'\u00e9tait toujours pas op\u00e9rationnel.<\/p>\n\n\n\n<p>Cela aurait pu \u00eatre \u00e9vit\u00e9 \u2013 avec une <a href=\"https:\/\/niwadev.com\/fr\/connaissances\/requirements-engineering\/\" target=\"_blank\" rel=\"noopener\" title=\"Ing\u00e9nierie des Exigences\">requirements engineering<\/a>.<\/p>\n\n\n\n<p>En tant qu'expert du secteur de l'\u00e9nergie, je suis sp\u00e9cialis\u00e9 dans la d\u00e9finition, la documentation et la gestion des exigences logicielles. C'est ce que <a href=\"https:\/\/niwadev.com\/fr\/connaissances\/requirements-engineering\/\" target=\"_blank\" rel=\"noopener\" title=\"Ing\u00e9nierie des Exigences\">Ing\u00e9nierie des Exigences<\/a> s'agit. Mon approche garantit que votre projet se d\u00e9roule sans accroc, du d\u00e9but \u00e0 la fin. Je commence par comprendre vos objectifs commerciaux, puis je livre des sp\u00e9cifications exploitables. Cela donne \u00e0 votre \u00e9quipe une vision claire, \u00e9vite des erreurs co\u00fbteuses et assure la r\u00e9ussite de votre projet.<\/p>\n\n<\/div><\/div>\n\n<div class=\"gb-grid-column gb-grid-column-591c5df4\"><div class=\"gb-container gb-container-591c5df4\">\n\n<h2 class=\"wp-block-heading\">Pourquoi choisir mes services d\u2019ing\u00e9nierie des exigences ?<\/h2>\n\n\n\n<div class=\"wp-block-uagb-icon-list uagb-block-f0ea521a\"><div class=\"uagb-icon-list__wrap\">\n<div class=\"wp-block-uagb-icon-list-child uagb-block-d40d1e9f\"><span class=\"uagb-icon-list__source-wrap\"><svg xmlns=\"https:\/\/www.w3.org\/2000\/svg\" viewbox=\"0 0 512 512\"><path d=\"M256 0C114.6 0 0 114.6 0 256c0 141.4 114.6 256 256 256s256-114.6 256-256C512 114.6 397.4 0 256 0zM358.6 278.6l-112 112c-12.5 12.5-32.75 12.5-45.25 0s-12.5-32.75 0-45.25L290.8 256L201.4 166.6c-12.5-12.5-12.5-32.75 0-45.25s32.75-12.5 45.25 0l112 112C364.9 239.6 368 247.8 368 256S364.9 272.4 358.6 278.6z\"><\/path><\/svg><\/span><span class=\"uagb-icon-list__label\"><strong><strong>\u00c9vitez les Retards et les D\u00e9passements de Budget<\/strong>:<\/strong>\u00a0Des exigences claires et une coordination en amont permettent de gagner du temps et de r\u00e9duire les co\u00fbts \u2013 plus besoin de corrections interminables.<\/span><\/div>\n\n\n\n<div class=\"wp-block-uagb-icon-list-child uagb-block-7e1713cb\"><span class=\"uagb-icon-list__source-wrap\"><svg xmlns=\"https:\/\/www.w3.org\/2000\/svg\" viewbox=\"0 0 512 512\"><path d=\"M256 0C114.6 0 0 114.6 0 256c0 141.4 114.6 256 256 256s256-114.6 256-256C512 114.6 397.4 0 256 0zM358.6 278.6l-112 112c-12.5 12.5-32.75 12.5-45.25 0s-12.5-32.75 0-45.25L290.8 256L201.4 166.6c-12.5-12.5-12.5-32.75 0-45.25s32.75-12.5 45.25 0l112 112C364.9 239.6 368 247.8 368 256S364.9 272.4 358.6 278.6z\"><\/path><\/svg><\/span><span class=\"uagb-icon-list__label\"><strong><strong>\u00c9liminez les Malentendus Entre les D\u00e9partements et les D\u00e9veloppeurs<\/strong>:<\/strong>\u00a0Je parle \u00e0 la fois le langage m\u00e9tier et technique, garantissant une communication fluide.<\/span><\/div>\n\n\n\n<div class=\"wp-block-uagb-icon-list-child uagb-block-9446a422\"><span class=\"uagb-icon-list__source-wrap\"><svg xmlns=\"https:\/\/www.w3.org\/2000\/svg\" viewbox=\"0 0 512 512\"><path d=\"M256 0C114.6 0 0 114.6 0 256c0 141.4 114.6 256 256 256s256-114.6 256-256C512 114.6 397.4 0 256 0zM358.6 278.6l-112 112c-12.5 12.5-32.75 12.5-45.25 0s-12.5-32.75 0-45.25L290.8 256L201.4 166.6c-12.5-12.5-12.5-32.75 0-45.25s32.75-12.5 45.25 0l112 112C364.9 239.6 368 247.8 368 256S364.9 272.4 358.6 278.6z\"><\/path><\/svg><\/span><span class=\"uagb-icon-list__label\"><strong>Expertise dans le Secteur de l\u2019\u00c9nergie :<\/strong>\u00a0une exp\u00e9rience de plusieurs ann\u00e9es avec des fournisseurs d\u2019\u00e9nergie majeurs me permet de comprendre les d\u00e9fis sp\u00e9cifiques du secteur<\/span><\/div>\n\n\n\n<div class=\"wp-block-uagb-icon-list-child uagb-block-4ad1f65a\"><span class=\"uagb-icon-list__source-wrap\"><svg xmlns=\"https:\/\/www.w3.org\/2000\/svg\" viewbox=\"0 0 512 512\"><path d=\"M256 0C114.6 0 0 114.6 0 256c0 141.4 114.6 256 256 256s256-114.6 256-256C512 114.6 397.4 0 256 0zM358.6 278.6l-112 112c-12.5 12.5-32.75 12.5-45.25 0s-12.5-32.75 0-45.25L290.8 256L201.4 166.6c-12.5-12.5-12.5-32.75 0-45.25s32.75-12.5 45.25 0l112 112C364.9 239.6 368 247.8 368 256S364.9 272.4 358.6 278.6z\"><\/path><\/svg><\/span><span class=\"uagb-icon-list__label\"><strong>D\u00e9finissez les Bonnes Exigences D\u00e8s le D\u00e9part:<\/strong> Mon processus d\u2019analyse structur\u00e9 assure que le logiciel r\u00e9pond exactement aux besoins de votre entreprise.<\/span><\/div>\n\n\n\n<div class=\"wp-block-uagb-icon-list-child uagb-block-dfc21da0\"><span class=\"uagb-icon-list__source-wrap\"><svg xmlns=\"https:\/\/www.w3.org\/2000\/svg\" viewbox=\"0 0 512 512\"><path d=\"M256 0C114.6 0 0 114.6 0 256c0 141.4 114.6 256 256 256s256-114.6 256-256C512 114.6 397.4 0 256 0zM358.6 278.6l-112 112c-12.5 12.5-32.75 12.5-45.25 0s-12.5-32.75 0-45.25L290.8 256L201.4 166.6c-12.5-12.5-12.5-32.75 0-45.25s32.75-12.5 45.25 0l112 112C364.9 239.6 368 247.8 368 256S364.9 272.4 358.6 278.6z\"><\/path><\/svg><\/span><span class=\"uagb-icon-list__label\"><strong>Collaboration Fluide Gr\u00e2ce \u00e0 Mon Expertise Multilingue:<\/strong>\u00a0Des \u00e9quipes internationales ? Aucun souci ! Je fournis une documentation pr\u00e9cise et compr\u00e9hensible en allemand, anglais et fran\u00e7ais.<\/span><\/div>\n<\/div><\/div>\n\n\n<div class=\"gb-container gb-container-09dc38ee\">\n\n<h3 class=\"gb-headline gb-headline-e5e92c63 gb-headline-text\">Qu'est-ce que vous attendez ?<\/h3>\n\n\n\n<p>Faites d\u00e9coller votre projet de d\u00e9veloppement de logiciel et contactez-moi d\u00e8s maintenant sans engagement.<\/p>\n\n\n\n<div class=\"wp-block-buttons is-layout-flex wp-block-buttons-is-layout-flex\">\n<div class=\"wp-block-button\"><a class=\"wp-block-button__link wp-element-button\" href=\"https:\/\/niwadev.com\/fr\/contact\/\" target=\"_blank\" rel=\"noreferrer noopener\">Contactez-moi d\u00e8s aujourd'hui !<\/a><\/div>\n<\/div>\n\n<\/div>\n<\/div><\/div>\n\n<div class=\"gb-grid-column gb-grid-column-2dae58b8\"><div class=\"gb-container gb-container-2dae58b8\">\n\n<h2 class=\"wp-block-heading\">A quoi ressemble une collaboration avec moi<\/h2>\n\n\n\n<div class=\"wp-block-uagb-content-timeline uagb-timeline__outer-wrap uagb-block-104c57a7 uagb-timeline__content-wrap uagb-timeline__center-block  uagb-timeline__arrow-center uagb-timeline\">\n<article class=\"wp-block-uagb-content-timeline-child uagb-timeline__field uagb-timeline-child-a826ae2d uagb-timeline__right\"><div class=\"uagb-timeline__marker out-view-uagb-timeline__icon\"><svg xmlns=\"https:\/\/www.w3.org\/2000\/svg\" viewbox=\"0 0 512 512\"><path d=\"M0 256C0 114.6 114.6 0 256 0C397.4 0 512 114.6 512 256C512 397.4 397.4 512 256 512C114.6 512 0 397.4 0 256zM371.8 211.8C382.7 200.9 382.7 183.1 371.8 172.2C360.9 161.3 343.1 161.3 332.2 172.2L224 280.4L179.8 236.2C168.9 225.3 151.1 225.3 140.2 236.2C129.3 247.1 129.3 264.9 140.2 275.8L204.2 339.8C215.1 350.7 232.9 350.7 243.8 339.8L371.8 211.8z\"><\/path><\/svg><\/div><div class=\"uagb-timeline__day-new uagb-timeline__day-right uagb-timeline__events-inner-new\"><div class=\"uagb-timeline__events-inner--content\"><h4 class=\"uagb-timeline__heading\">Conna\u00eetre votre projet<\/h4><p class=\"uagb-timeline-desc-content\">Coup d'envoi pour avoir un aper\u00e7u de vos objectifs, des parties prenantes, de la structure et des d\u00e9tails techniques<\/p><div class=\"uagb-timeline__arrow\"><\/div><\/div><\/div><div class=\"uagb-timeline__date-new\"><\/div><\/article>\n\n\n\n<article class=\"wp-block-uagb-content-timeline-child uagb-timeline__field uagb-timeline-child-95b38642 uagb-timeline__left\"><div class=\"uagb-timeline__marker out-view-uagb-timeline__icon\"><svg xmlns=\"https:\/\/www.w3.org\/2000\/svg\" viewbox=\"0 0 512 512\"><path d=\"M0 256C0 114.6 114.6 0 256 0C397.4 0 512 114.6 512 256C512 397.4 397.4 512 256 512C114.6 512 0 397.4 0 256zM371.8 211.8C382.7 200.9 382.7 183.1 371.8 172.2C360.9 161.3 343.1 161.3 332.2 172.2L224 280.4L179.8 236.2C168.9 225.3 151.1 225.3 140.2 236.2C129.3 247.1 129.3 264.9 140.2 275.8L204.2 339.8C215.1 350.7 232.9 350.7 243.8 339.8L371.8 211.8z\"><\/path><\/svg><\/div><div class=\"uagb-timeline__day-new uagb-timeline__day-left uagb-timeline__events-inner-new\"><div class=\"uagb-timeline__events-inner--content\"><h4 class=\"uagb-timeline__heading\">Conna\u00eetre vos processus<\/h4><p class=\"uagb-timeline-desc-content\">Avoir un aper\u00e7u de vos processus commerciaux, de la mani\u00e8re dont ils se d\u00e9roulent dans la vie r\u00e9elle et des obstacles rencontr\u00e9s<\/p><div class=\"uagb-timeline__arrow\"><\/div><\/div><\/div><div class=\"uagb-timeline__date-new\"><\/div><\/article>\n\n\n\n<article class=\"wp-block-uagb-content-timeline-child uagb-timeline__field uagb-timeline-child-361c4563 uagb-timeline__right\"><div class=\"uagb-timeline__marker out-view-uagb-timeline__icon\"><svg xmlns=\"https:\/\/www.w3.org\/2000\/svg\" viewbox=\"0 0 512 512\"><path d=\"M0 256C0 114.6 114.6 0 256 0C397.4 0 512 114.6 512 256C512 397.4 397.4 512 256 512C114.6 512 0 397.4 0 256zM371.8 211.8C382.7 200.9 382.7 183.1 371.8 172.2C360.9 161.3 343.1 161.3 332.2 172.2L224 280.4L179.8 236.2C168.9 225.3 151.1 225.3 140.2 236.2C129.3 247.1 129.3 264.9 140.2 275.8L204.2 339.8C215.1 350.7 232.9 350.7 243.8 339.8L371.8 211.8z\"><\/path><\/svg><\/div><div class=\"uagb-timeline__day-new uagb-timeline__day-right uagb-timeline__events-inner-new\"><div class=\"uagb-timeline__events-inner--content\"><h4 class=\"uagb-timeline__heading\">Mener des entretiens avec les parties prenantes<\/h4><p class=\"uagb-timeline-desc-content\">Obtenir un aper\u00e7u des diff\u00e9rents souhaits des parties prenantes impliqu\u00e9es<\/p><div class=\"uagb-timeline__arrow\"><\/div><\/div><\/div><div class=\"uagb-timeline__date-new\"><\/div><\/article>\n\n\n\n<article class=\"wp-block-uagb-content-timeline-child uagb-timeline__field uagb-timeline-child-2bf0ec74 uagb-timeline__left\"><div class=\"uagb-timeline__marker out-view-uagb-timeline__icon\"><svg xmlns=\"https:\/\/www.w3.org\/2000\/svg\" viewbox=\"0 0 512 512\"><path d=\"M0 256C0 114.6 114.6 0 256 0C397.4 0 512 114.6 512 256C512 397.4 397.4 512 256 512C114.6 512 0 397.4 0 256zM371.8 211.8C382.7 200.9 382.7 183.1 371.8 172.2C360.9 161.3 343.1 161.3 332.2 172.2L224 280.4L179.8 236.2C168.9 225.3 151.1 225.3 140.2 236.2C129.3 247.1 129.3 264.9 140.2 275.8L204.2 339.8C215.1 350.7 232.9 350.7 243.8 339.8L371.8 211.8z\"><\/path><\/svg><\/div><div class=\"uagb-timeline__day-new uagb-timeline__day-left uagb-timeline__events-inner-new\"><div class=\"uagb-timeline__events-inner--content\"><h4 class=\"uagb-timeline__heading\">Documentation des processus et des exigences<\/h4><p class=\"uagb-timeline-desc-content\">Make sure, that nothing gets lost and everyone is on the same page<\/p><div class=\"uagb-timeline__arrow\"><\/div><\/div><\/div><div class=\"uagb-timeline__date-new\"><\/div><\/article>\n\n\n\n<article class=\"wp-block-uagb-content-timeline-child uagb-timeline__field uagb-timeline-child-473871d1 uagb-timeline__right\"><div class=\"uagb-timeline__marker out-view-uagb-timeline__icon\"><svg xmlns=\"https:\/\/www.w3.org\/2000\/svg\" viewbox=\"0 0 512 512\"><path d=\"M0 256C0 114.6 114.6 0 256 0C397.4 0 512 114.6 512 256C512 397.4 397.4 512 256 512C114.6 512 0 397.4 0 256zM371.8 211.8C382.7 200.9 382.7 183.1 371.8 172.2C360.9 161.3 343.1 161.3 332.2 172.2L224 280.4L179.8 236.2C168.9 225.3 151.1 225.3 140.2 236.2C129.3 247.1 129.3 264.9 140.2 275.8L204.2 339.8C215.1 350.7 232.9 350.7 243.8 339.8L371.8 211.8z\"><\/path><\/svg><\/div><div class=\"uagb-timeline__day-new uagb-timeline__day-right uagb-timeline__events-inner-new\"><div class=\"uagb-timeline__events-inner--content\"><h4 class=\"uagb-timeline__heading\">Transfert dans les exigences de d\u00e9veloppement<\/h4><p class=\"uagb-timeline-desc-content\">S'assurer que les d\u00e9veloppeurs savent ce qu'ils doivent mettre en \u0153uvre<\/p><div class=\"uagb-timeline__arrow\"><\/div><\/div><\/div><div class=\"uagb-timeline__date-new\"><\/div><\/article>\n<div class=\"uagb-timeline__line\"><div class=\"uagb-timeline__line__inner\"><\/div><\/div><\/div>\n\n<\/div><\/div>\n\n<div class=\"gb-grid-column gb-grid-column-500a9a57\"><div class=\"gb-container gb-container-500a9a57\">\n\n<h2 class=\"wp-block-heading\">Votre avantage \u00e0 travailler avec moi<\/h2>\n\n\n\n<div class=\"wp-block-uagb-container uagb-block-aee61ee2 alignfull uagb-is-root-container\"><div class=\"uagb-container-inner-blocks-wrap\">\n<div class=\"wp-block-uagb-container uagb-block-05ed4368\">\n<figure class=\"gb-block-image gb-block-image-d227c231\"><img decoding=\"async\" width=\"1619\" height=\"1080\" class=\"gb-image gb-image-d227c231\" src=\"https:\/\/niwadev.com\/wp-content\/uploads\/2024\/07\/niwadev_Nicolas_Wazulek_05.webp\" alt=\"Nicolas Wazulek working on his cell phone on a sofa in the office.\" title=\"Nicolas Wazulek working on the phone\" srcset=\"https:\/\/niwadev.com\/wp-content\/uploads\/2024\/07\/niwadev_Nicolas_Wazulek_05.webp 1619w, https:\/\/niwadev.com\/wp-content\/uploads\/2024\/07\/niwadev_Nicolas_Wazulek_05-300x200.webp 300w, https:\/\/niwadev.com\/wp-content\/uploads\/2024\/07\/niwadev_Nicolas_Wazulek_05-1024x683.webp 1024w, https:\/\/niwadev.com\/wp-content\/uploads\/2024\/07\/niwadev_Nicolas_Wazulek_05-768x512.webp 768w, https:\/\/niwadev.com\/wp-content\/uploads\/2024\/07\/niwadev_Nicolas_Wazulek_05-1536x1025.webp 1536w, https:\/\/niwadev.com\/wp-content\/uploads\/2024\/07\/niwadev_Nicolas_Wazulek_05-18x12.webp 18w\" sizes=\"(max-width: 1619px) 100vw, 1619px\" \/><\/figure>\n<\/div>\n\n\n\n<div class=\"wp-block-uagb-container uagb-block-99fb0585\">\n<blockquote class=\"wp-block-quote is-layout-flow wp-block-quote-is-layout-flow\">\n<p>Pour que votre projet soit un succ\u00e8s \u00e0 long terme, ma mission est de permettre aux personnes impliqu\u00e9es dans le projet de g\u00e9rer elles-m\u00eames les exigences en fonction de leur projet.&nbsp;<\/p>\n<\/blockquote>\n<\/div>\n<\/div><\/div>\n\n<\/div><\/div>\n\n<div class=\"gb-grid-column gb-grid-column-a7010895\"><div class=\"gb-container gb-container-a7010895\">\n\n<h2 class=\"wp-block-heading\">Construisons Votre Succ\u00e8s Ensemble<\/h2>\n\n\n\n<p>Faites le premier pas vers un projet logiciel r\u00e9ussi.&nbsp;<a href=\"https:\/\/niwadev.com\/fr\/contact\/\" title=\"Contact\">Contactez-moi d\u00e8s aujourd\u2019hui<\/a>&nbsp;pour discuter de vos besoins en ing\u00e9nierie des exigences. Ensemble, nous construirons une base solide pour votre transformation num\u00e9rique.<\/p>\n\n<\/div><\/div>\n\n<div class=\"gb-grid-column gb-grid-column-a18a25fd\"><div class=\"gb-container gb-container-a18a25fd\">\n<div class=\"gb-container gb-container-a87c38ec\">\n<div class=\"gb-grid-wrapper gb-grid-wrapper-1fe89122\">\n<div class=\"gb-grid-column gb-grid-column-a2f46e95\"><div class=\"gb-container gb-container-a2f46e95\">\n\n<figure class=\"gb-block-image gb-block-image-0102672b\"><img decoding=\"async\" width=\"720\" height=\"1080\" class=\"gb-image gb-image-0102672b\" src=\"https:\/\/niwadev.com\/wp-content\/uploads\/2024\/07\/niwadev_Nicolas_Wazulek_10.webp\" alt=\"Nicolas Wazulek working outside on a big blue bench smiling into the camera.\" title=\"Nicolas Wazulek working outside\" srcset=\"https:\/\/niwadev.com\/wp-content\/uploads\/2024\/07\/niwadev_Nicolas_Wazulek_10.webp 720w, https:\/\/niwadev.com\/wp-content\/uploads\/2024\/07\/niwadev_Nicolas_Wazulek_10-200x300.webp 200w, https:\/\/niwadev.com\/wp-content\/uploads\/2024\/07\/niwadev_Nicolas_Wazulek_10-683x1024.webp 683w, https:\/\/niwadev.com\/wp-content\/uploads\/2024\/07\/niwadev_Nicolas_Wazulek_10-8x12.webp 8w\" sizes=\"(max-width: 720px) 100vw, 720px\" \/><\/figure>\n\n<\/div><\/div>\n\n<div class=\"gb-grid-column gb-grid-column-10a47a13\"><div class=\"gb-container gb-container-10a47a13\">\n\n<div class=\"gb-headline gb-headline-a7e6ff89 gb-headline-text\">Nicolas Wazulek<\/div>\n\n\n\n<div class=\"wp-block-uagb-icon-list uagb-block-a3b81926\"><div class=\"uagb-icon-list__wrap\">\n<div class=\"wp-block-uagb-icon-list-child uagb-block-a26f002a\"><span class=\"uagb-icon-list__source-wrap\"><svg xmlns=\"https:\/\/www.w3.org\/2000\/svg\" viewbox=\"0 0 512 512\"><path d=\"M511.2 387l-23.25 100.8c-3.266 14.25-15.79 24.22-30.46 24.22C205.2 512 0 306.8 0 54.5c0-14.66 9.969-27.2 24.22-30.45l100.8-23.25C139.7-2.602 154.7 5.018 160.8 18.92l46.52 108.5c5.438 12.78 1.77 27.67-8.98 36.45L144.5 207.1c33.98 69.22 90.26 125.5 159.5 159.5l44.08-53.8c8.688-10.78 23.69-14.51 36.47-8.975l108.5 46.51C506.1 357.2 514.6 372.4 511.2 387z\"><\/path><\/svg><\/span><span class=\"uagb-icon-list__label\">+49 151 17638458<\/span><\/div>\n\n\n\n<div class=\"wp-block-uagb-icon-list-child uagb-block-b636427e\"><span class=\"uagb-icon-list__source-wrap\"><svg xmlns=\"https:\/\/www.w3.org\/2000\/svg\" viewbox=\"0 0 512 512\"><path d=\"M207.8 20.73c-93.45 18.32-168.7 93.66-187 187.1c-27.64 140.9 68.65 266.2 199.1 285.1c19.01 2.888 36.17-12.26 36.17-31.49l.0001-.6631c0-15.74-11.44-28.88-26.84-31.24c-84.35-12.98-149.2-86.13-149.2-174.2c0-102.9 88.61-185.5 193.4-175.4c91.54 8.869 158.6 91.25 158.6 183.2l0 16.16c0 22.09-17.94 40.05-40 40.05s-40.01-17.96-40.01-40.05v-120.1c0-8.847-7.161-16.02-16.01-16.02l-31.98 .0036c-7.299 0-13.2 4.992-15.12 11.68c-24.85-12.15-54.24-16.38-86.06-5.106c-38.75 13.73-68.12 48.91-73.72 89.64c-9.483 69.01 43.81 128 110.9 128c26.44 0 50.43-9.544 69.59-24.88c24 31.3 65.23 48.69 109.4 37.49C465.2 369.3 496 324.1 495.1 277.2V256.3C495.1 107.1 361.2-9.332 207.8 20.73zM239.1 304.3c-26.47 0-48-21.56-48-48.05s21.53-48.05 48-48.05s48 21.56 48 48.05S266.5 304.3 239.1 304.3z\"><\/path><\/svg><\/span><span class=\"uagb-icon-list__label\">nicolas.wazulek@niwadev.com<\/span><\/div>\n\n\n\n<div class=\"wp-block-uagb-icon-list-child uagb-block-41844436\"><a target=\"_blank\" aria-label=\"linkedin.com\/in\/nicolas-wazulek\" rel=\"noopener noreferrer\" href=\"https:\/\/www.linkedin.com\/in\/nicolas-wazulek\/?locale=fr_FR\"> <\/a><span class=\"uagb-icon-list__source-wrap\"><svg xmlns=\"https:\/\/www.w3.org\/2000\/svg\" viewbox=\"0 0 448 512\"><path d=\"M100.3 448H7.4V148.9h92.88zM53.79 108.1C24.09 108.1 0 83.5 0 53.8a53.79 53.79 0 0 1 107.6 0c0 29.7-24.1 54.3-53.79 54.3zM447.9 448h-92.68V302.4c0-34.7-.7-79.2-48.29-79.2-48.29 0-55.69 37.7-55.69 76.7V448h-92.78V148.9h89.08v40.8h1.3c12.4-23.5 42.69-48.3 87.88-48.3 94 0 111.3 61.9 111.3 142.3V448z\"><\/path><\/svg><\/span><span class=\"uagb-icon-list__label\">linkedin.com\/in\/nicolas-wazulek<\/span><\/div>\n<\/div><\/div>\n\n\n\n<div class=\"wp-block-buttons is-layout-flex wp-block-buttons-is-layout-flex\">\n<div class=\"wp-block-button\"><a class=\"wp-block-button__link wp-element-button\" href=\"https:\/\/niwadev.com\/fr\/contact\/\">Prenez contact avec moi<\/a><\/div>\n<\/div>\n\n<\/div><\/div>\n<\/div>\n<\/div>\n<\/div><\/div>\n<\/div>","protected":false},"excerpt":{"rendered":"","protected":false},"author":1,"featured_media":0,"parent":113,"menu_order":24,"comment_status":"closed","ping_status":"closed","template":"","meta":{"_uag_custom_page_level_css":"","footnotes":""},"class_list":["post-808","page","type-page","status-publish"],"aioseo_notices":[],"uagb_featured_image_src":{"full":false,"thumbnail":false,"medium":false,"medium_large":false,"large":false,"1536x1536":false,"2048x2048":false,"trp-custom-language-flag":false},"uagb_author_info":{"display_name":"niwadev.com","author_link":"https:\/\/niwadev.com\/fr\/blog\/author\/niwadev-com\/"},"uagb_comment_info":0,"uagb_excerpt":null,"_links":{"self":[{"href":"https:\/\/niwadev.com\/fr\/wp-json\/wp\/v2\/pages\/808","targetHints":{"allow":["GET"]}}],"collection":[{"href":"https:\/\/niwadev.com\/fr\/wp-json\/wp\/v2\/pages"}],"about":[{"href":"https:\/\/niwadev.com\/fr\/wp-json\/wp\/v2\/types\/page"}],"author":[{"embeddable":true,"href":"https:\/\/niwadev.com\/fr\/wp-json\/wp\/v2\/users\/1"}],"replies":[{"embeddable":true,"href":"https:\/\/niwadev.com\/fr\/wp-json\/wp\/v2\/comments?post=808"}],"version-history":[{"count":31,"href":"https:\/\/niwadev.com\/fr\/wp-json\/wp\/v2\/pages\/808\/revisions"}],"predecessor-version":[{"id":1093,"href":"https:\/\/niwadev.com\/fr\/wp-json\/wp\/v2\/pages\/808\/revisions\/1093"}],"up":[{"embeddable":true,"href":"https:\/\/niwadev.com\/fr\/wp-json\/wp\/v2\/pages\/113"}],"wp:attachment":[{"href":"https:\/\/niwadev.com\/fr\/wp-json\/wp\/v2\/media?parent=808"}],"curies":[{"name":"wp","href":"https:\/\/api.w.org\/{rel}","templated":true}]}}